{"id":8106,"date":"2018-09-28T11:25:47","date_gmt":"2018-09-28T09:25:47","guid":{"rendered":"https:\/\/www.waimea.dk\/business\/?post_type=product&#038;p=8106"},"modified":"2018-11-01T12:59:10","modified_gmt":"2018-11-01T11:59:10","slug":"logo-design","status":"publish","type":"product","link":"https:\/\/www.waimea.dk\/business\/vare\/logo-design","title":{"rendered":"Logo design"},"content":{"rendered":"<p>Vi udarbejder et grafisk opl\u00e6g med op til 4 varianter, p\u00e5 baggrund af dine anvisninger. Herefter kan du om \u00f8nsket fremsende rettelser, hvorefter 2 nye varianter udarbejdes. P\u00e5 baggrund af dette fremsendes de sidste rettelser, som bruges til udarbejdelse af det endelige logo.<\/p>\n","protected":false},"excerpt":{"rendered":"<p>Hvis du ikke allerede har et godt logo, kan vi lave et til dig. P\u00e5 baggrund af dine \u00f8nsker udarbejder vi et l\u00e6kkert logo, som du b\u00e5de kan bruge p\u00e5 din hjemmeside og tryksager som visitkort, brochure og brevpapir.<\/p>\n","protected":false},"featured_media":8139,"comment_status":"open","ping_status":"closed","template":"","meta":{"_genesis_hide_title":false,"_genesis_hide_breadcrumbs":false,"_genesis_hide_singular_image":false,"_genesis_hide_footer_widgets":false,"_genesis_custom_body_class":"","_genesis_custom_post_class":"","_genesis_layout":""},"_links":{"self":[{"href":"https:\/\/www.waimea.dk\/business\/wp-json\/wp\/v2\/product\/8106"}],"collection":[{"href":"https:\/\/www.waimea.dk\/business\/wp-json\/wp\/v2\/product"}],"about":[{"href":"https:\/\/www.waimea.dk\/business\/wp-json\/wp\/v2\/types\/product"}],"replies":[{"embeddable":true,"href":"https:\/\/www.waimea.dk\/business\/wp-json\/wp\/v2\/comments?post=8106"}],"wp:featuredmedia":[{"embeddable":true,"href":"https:\/\/www.waimea.dk\/business\/wp-json\/wp\/v2\/media\/8139"}],"wp:attachment":[{"href":"https:\/\/www.waimea.dk\/business\/wp-json\/wp\/v2\/media?parent=8106"}],"curies":[{"name":"wp","href":"https:\/\/api.w.org\/{rel}","templated":true}]}}