{"id":8105,"date":"2018-09-28T11:23:36","date_gmt":"2018-09-28T09:23:36","guid":{"rendered":"https:\/\/www.waimea.dk\/business\/?post_type=product&#038;p=8105"},"modified":"2018-10-01T12:34:38","modified_gmt":"2018-10-01T10:34:38","slug":"adwords-annoncering","status":"publish","type":"product","link":"https:\/\/www.waimea.dk\/business\/vare\/adwords-annoncering","title":{"rendered":"AdWords annoncering"},"content":{"rendered":"<p>Med Google AdWords kan du sikre at blive vist i toppen af Google p\u00e5 bestemte s\u00f8gninger. Annoncerne kan yderligere segmenteres s\u00e5 de kun vises for bes\u00f8gende i bestemte regioner &#8211; f.eks. t\u00e6t p\u00e5 din virksomhed, eller p\u00e5 bestemte tidspunkter &#8211; f.eks. hverdage, weekend, dagtimer eller aften.<\/p>\n<p>Du betaler, udover vores honorar for optimering, kun for dem der faktisk klikker p\u00e5 dine annoncer. Prisen pr. klik afh\u00e6nger af konkurrencen p\u00e5 de enkelte s\u00f8gninger. Vi kan om \u00f8nsket lave et estmat til dig inden kampagnen s\u00e6ttes igang.<\/p>\n<p>&nbsp;<\/p>\n<p>&nbsp;<\/p>\n<p>&nbsp;<\/p>\n","protected":false},"excerpt":{"rendered":"<p>Ops\u00e6tning, administrerer og l\u00f8bende optimering af din annoncekampagne i Google AdWords. Udover vores honorar, skal du afs\u00e6tte et m\u00e5nedligt budget til betaling af Google. Budget til dette aftales med din Waimeas AdWords konsulent og kan \u00e6ndres m\u00e5ned til m\u00e5ned efter aftale. Du er s\u00e5ledes ikke bundet til at bruge et bestemt bel\u00f8b p\u00e5 dine annoncer.<\/p>\n","protected":false},"featured_media":8129,"comment_status":"open","ping_status":"closed","template":"","meta":{"_genesis_hide_title":false,"_genesis_hide_breadcrumbs":false,"_genesis_hide_singular_image":false,"_genesis_hide_footer_widgets":false,"_genesis_custom_body_class":"","_genesis_custom_post_class":"","_genesis_layout":""},"_links":{"self":[{"href":"https:\/\/www.waimea.dk\/business\/wp-json\/wp\/v2\/product\/8105"}],"collection":[{"href":"https:\/\/www.waimea.dk\/business\/wp-json\/wp\/v2\/product"}],"about":[{"href":"https:\/\/www.waimea.dk\/business\/wp-json\/wp\/v2\/types\/product"}],"replies":[{"embeddable":true,"href":"https:\/\/www.waimea.dk\/business\/wp-json\/wp\/v2\/comments?post=8105"}],"wp:featuredmedia":[{"embeddable":true,"href":"https:\/\/www.waimea.dk\/business\/wp-json\/wp\/v2\/media\/8129"}],"wp:attachment":[{"href":"https:\/\/www.waimea.dk\/business\/wp-json\/wp\/v2\/media?parent=8105"}],"curies":[{"name":"wp","href":"https:\/\/api.w.org\/{rel}","templated":true}]}}