{"id":8103,"date":"2018-09-28T11:22:04","date_gmt":"2018-09-28T09:22:04","guid":{"rendered":"https:\/\/www.waimea.dk\/business\/?post_type=product&#038;p=8103"},"modified":"2018-10-01T12:39:17","modified_gmt":"2018-10-01T10:39:17","slug":"ekstra-gmail-postkasser","status":"publish","type":"product","link":"https:\/\/www.waimea.dk\/business\/vare\/ekstra-gmail-postkasser","title":{"rendered":"Ekstra gMail postkasser"},"content":{"rendered":"<p>Med Google gMail f\u00e5r du e-mail p\u00e5 dit eget dom\u00e6ne. Du kan tilg\u00e5 dine postkasser online via gmail.com eller se dem direkte p\u00e5 din mobiltelefon eller i dit foretrukne e-mail program.<\/p>\n<p>Ved bestilling modtager du en beskrivelse af hvordan du ops\u00e6tter din e-mail. Det er meget let. Hvis du er i tvivl om noget kan du altid kontakt os, s\u00e5 hj\u00e6lper vi dig.<\/p>\n","protected":false},"excerpt":{"rendered":"<p>Der f\u00f8lger som standard en gMail postkasse med i alle Waimea Business l\u00f8sninger. Ekstra gMail postkasser kan tilk\u00f8bes. Valg antallet du \u00f8nsker nedenfor.<\/p>\n","protected":false},"featured_media":8131,"comment_status":"open","ping_status":"closed","template":"","meta":{"_genesis_hide_title":false,"_genesis_hide_breadcrumbs":false,"_genesis_hide_singular_image":false,"_genesis_hide_footer_widgets":false,"_genesis_custom_body_class":"","_genesis_custom_post_class":"","_genesis_layout":""},"_links":{"self":[{"href":"https:\/\/www.waimea.dk\/business\/wp-json\/wp\/v2\/product\/8103"}],"collection":[{"href":"https:\/\/www.waimea.dk\/business\/wp-json\/wp\/v2\/product"}],"about":[{"href":"https:\/\/www.waimea.dk\/business\/wp-json\/wp\/v2\/types\/product"}],"replies":[{"embeddable":true,"href":"https:\/\/www.waimea.dk\/business\/wp-json\/wp\/v2\/comments?post=8103"}],"wp:featuredmedia":[{"embeddable":true,"href":"https:\/\/www.waimea.dk\/business\/wp-json\/wp\/v2\/media\/8131"}],"wp:attachment":[{"href":"https:\/\/www.waimea.dk\/business\/wp-json\/wp\/v2\/media?parent=8103"}],"curies":[{"name":"wp","href":"https:\/\/api.w.org\/{rel}","templated":true}]}}