{"id":9720,"date":"2020-01-27T11:17:06","date_gmt":"2020-01-27T10:17:06","guid":{"rendered":"https:\/\/www.waimea.dk\/business\/?page_id=9720"},"modified":"2020-05-26T07:54:06","modified_gmt":"2020-05-26T05:54:06","slug":"dinero-integration","status":"publish","type":"page","link":"https:\/\/www.waimea.dk\/business\/dinero-integration","title":{"rendered":"Dinero integration"},"content":{"rendered":"<p><img loading=\"lazy\" class=\" wp-image-9721 alignright\" src=\"https:\/\/www.waimea.dk\/business\/wp-content\/uploads\/2020\/01\/dinero-logo.png\" alt=\"dinero-logo\" width=\"232\" height=\"188\" srcset=\"https:\/\/www.waimea.dk\/business\/wp-content\/uploads\/2020\/01\/dinero-logo.png 293w, https:\/\/www.waimea.dk\/business\/wp-content\/uploads\/2020\/01\/dinero-logo-74x60.png 74w\" sizes=\"(max-width: 232px) 100vw, 232px\" \/><\/p>\n<p><em>Har du en Waimea Business webshop-l\u00f8sning og \u00f8nsker integration med Dinero som regnskabsprogram, kan du f\u00e5 hj\u00e6lp her.<\/em><\/p>\n<p><em>Regnskab er ikke altid det sjoveste, n\u00e5r man driver en webshop, men n\u00e5r tingene tager fart er regnskab ofte en af de ting, man outsourcer f\u00f8rst. Faktisk beh\u00f8ves du ikke slippe det helt &#8211; du kan i stedet g\u00f8re livet lettere ved at integrere din webshop direkte med Dinero regnskabsprogram.<\/em><\/p>\n<p>Med Dinero er du altid up to date med alle dine regnskabstal og undg\u00e5r p\u00e5 den m\u00e5de un\u00f8dig stress op til f.eks. momsafregning.<\/p>\n<p>Dinero s\u00f8rger for, at du altid har et godt overblikket over regnskabstal som indt\u00e6gter og udgifter samt kommende betaling, og ikke mindst skyldig moms &#8211; kort sagt alt, der vedr\u00f8rer dit regnskab.<\/p>\n<p>\u00d8nsker du at komme godt og hurtigt igang med dit regnskab, s\u00e5 anbefaler vi at du pr\u00f8ver den gratis version af Dinero. Klik p\u00e5 banneret herunder og kom hurtigt og gratis igang.<\/p>\n<p><a href=\"https:\/\/www.partner-ads.com\/dk\/klikbanner.php?partnerid=29718&amp;bannerid=50133\" target=\"_blank\" rel=\"nofollow noopener noreferrer\"><img loading=\"lazy\" src=\"https:\/\/www.partner-ads.com\/dk\/visbanner.php?partnerid=29718&amp;bannerid=50133\" alt=\"\" width=\"0\" height=\"0\"><\/a><\/p>\n<p>Har du allerede en Waimea Business webshop-l\u00f8sning og \u00f8nsker integration med Dinero, s\u00e5 udfyld formularen herunder, s\u00e5 hj\u00e6lper vi dig igang.<\/p>\n\n                <div class='gf_browser_gecko gform_wrapper' id='gform_wrapper_22' ><div id='gf_22' class='gform_anchor' tabindex='-1'><\/div><form method='post' enctype='multipart\/form-data' target='gform_ajax_frame_22' id='gform_22'  action='\/business\/wp-json\/wp\/v2\/pages\/9720#gf_22'>\n                        <div class='gform_body'><ul id='gform_fields_22' class='gform_fields top_label form_sublabel_below description_below'><li id='field_22_10'  class='gfield field_sublabel_below field_description_below gfield_visibility_visible' ><label class='gfield_label' for='input_22_10' >Navn<\/label><div class='ginput_container ginput_container_text'><input name='input_10' id='input_22_10' type='text' value='' class='large'    placeholder='Navn'  aria-invalid=\"false\" \/><\/div><\/li><li id='field_22_5'  class='gfield field_sublabel_below field_description_below gfield_visibility_visible' ><label class='gfield_label' for='input_22_5' >Firmanavn<\/label><div class='ginput_container ginput_container_text'><input name='input_5' id='input_22_5' type='text' value='' class='large'    placeholder='Firmanavn'  aria-invalid=\"false\" \/><\/div><\/li><li id='field_22_2'  class='gfield gf_left_half gfield_contains_required field_sublabel_below field_description_below gfield_visibility_visible' ><label class='gfield_label' for='input_22_2' >Email<span class='gfield_required'>*<\/span><\/label><div class='ginput_container ginput_container_email'>\n                            <input name='input_2' id='input_22_2' type='email' value='' class='medium'   placeholder='Email' aria-required=\"true\" aria-invalid=\"false\" \/>\n                        <\/div><\/li><li id='field_22_6'  class='gfield gf_right_half field_sublabel_below field_description_below gfield_visibility_visible' ><label class='gfield_label' for='input_22_6' >Telefon<\/label><div class='ginput_container ginput_container_text'><input name='input_6' id='input_22_6' type='text' value='' class='medium'    placeholder='Telefon'  aria-invalid=\"false\" \/><\/div><\/li><li id='field_22_4'  class='gfield field_sublabel_below field_description_below gfield_visibility_visible' ><label class='gfield_label' for='input_22_4' >Besked<\/label><div class='ginput_container ginput_container_textarea'><textarea name='input_4' id='input_22_4' class='textarea medium'    placeholder='Besked'  aria-invalid=\"false\"   rows='10' cols='50'><\/textarea><\/div><\/li><li id='field_22_11'  class='gfield gfield_contains_required field_sublabel_below field_description_below gfield_visibility_visible' ><label class='gfield_label'  ><span class='gfield_required'>*<\/span><\/label><div class='ginput_container ginput_container_checkbox'><ul class='gfield_checkbox' id='input_22_11'><li class='gchoice_22_11_1'>\n\t\t\t\t\t\t\t\t<input name='input_11.1' type='checkbox'  value='add_waimea_gdpr'  id='choice_22_11_1'   \/>\n\t\t\t\t\t\t\t\t<label for='choice_22_11_1' id='label_22_11_1'>add_waimea_gdpr<\/label>\n\t\t\t\t\t\t\t<\/li><\/ul><\/div><\/li><li id='field_22_12'  class='gfield gform_validation_container field_sublabel_below field_description_below gfield_visibility_visible' ><label class='gfield_label' for='input_22_12' >Name<\/label><div class='ginput_container'><input name='input_12' id='input_22_12' type='text' value='' autocomplete='off'\/><\/div><div class='gfield_description' id='gfield_description_22_12'>Dette felt er til validering og b\u00f8r ikke \u00e6ndres.<\/div><\/li>\n                            <\/ul><\/div>\n        <div class='gform_footer top_label'> <input type='submit' id='gform_submit_button_22' class='gform_button button' value='Send besked'  onclick='if(window[\"gf_submitting_22\"]){return false;}  if( !jQuery(\"#gform_22\")[0].checkValidity || jQuery(\"#gform_22\")[0].checkValidity()){window[\"gf_submitting_22\"]=true;}  ' onkeypress='if( event.keyCode == 13 ){ if(window[\"gf_submitting_22\"]){return false;} if( !jQuery(\"#gform_22\")[0].checkValidity || jQuery(\"#gform_22\")[0].checkValidity()){window[\"gf_submitting_22\"]=true;}  jQuery(\"#gform_22\").trigger(\"submit\",[true]); }' \/> <input type='hidden' name='gform_ajax' value='form_id=22&amp;title=&amp;description=&amp;tabindex=0' \/>\n            <input type='hidden' class='gform_hidden' name='is_submit_22' value='1' \/>\n            <input type='hidden' class='gform_hidden' name='gform_submit' value='22' \/>\n            \n            <input type='hidden' class='gform_hidden' name='gform_unique_id' value='' \/>\n            <input type='hidden' class='gform_hidden' name='state_22' value='WyJbXSIsIjU1MmI2OWIwYWRhMDkxMmZlMmYzYTk1ZmUyNzA3NTM3Il0=' \/>\n            <input type='hidden' class='gform_hidden' name='gform_target_page_number_22' id='gform_target_page_number_22' value='0' \/>\n            <input type='hidden' class='gform_hidden' name='gform_source_page_number_22' id='gform_source_page_number_22' value='1' \/>\n            <input type='hidden' name='gform_field_values' value='' \/>\n            \n        <\/div>\n                        <\/form>\n                        <\/div>\n                <iframe style='display:none;width:0px;height:0px;' src='about:blank' name='gform_ajax_frame_22' id='gform_ajax_frame_22' title='Denne iframe indeholder logikken, der er kr\u00e6vet for at h\u00e5ndtere Gravity Formularer, der bruger Ajax.'><\/iframe>\n                <script type='text\/javascript'>document.addEventListener( \"DOMContentLoaded\", function() { jQuery(document).ready(function($){gformInitSpinner( 22, 'https:\/\/www.waimea.dk\/business\/wp-content\/plugins\/gravityforms\/images\/spinner.gif' );jQuery('#gform_ajax_frame_22').on('load',function(){var contents = jQuery(this).contents().find('*').html();var is_postback = contents.indexOf('GF_AJAX_POSTBACK') >= 0;if(!is_postback){return;}var form_content = jQuery(this).contents().find('#gform_wrapper_22');var is_confirmation = jQuery(this).contents().find('#gform_confirmation_wrapper_22').length > 0;var is_redirect = contents.indexOf('gformRedirect(){') >= 0;var is_form = form_content.length > 0 && ! is_redirect && ! is_confirmation;var mt = parseInt(jQuery('html').css('margin-top'), 10) + parseInt(jQuery('body').css('margin-top'), 10) + 100;if(is_form){jQuery('#gform_wrapper_22').html(form_content.html());if(form_content.hasClass('gform_validation_error')){jQuery('#gform_wrapper_22').addClass('gform_validation_error');} else {jQuery('#gform_wrapper_22').removeClass('gform_validation_error');}setTimeout( function() { \/* delay the scroll by 50 milliseconds to fix a bug in chrome *\/ jQuery(document).scrollTop(jQuery('#gform_wrapper_22').offset().top - mt); }, 50 );if(window['gformInitDatepicker']) {gformInitDatepicker();}if(window['gformInitPriceFields']) {gformInitPriceFields();}var current_page = jQuery('#gform_source_page_number_22').val();gformInitSpinner( 22, 'https:\/\/www.waimea.dk\/business\/wp-content\/plugins\/gravityforms\/images\/spinner.gif' );jQuery(document).trigger('gform_page_loaded', [22, current_page]);window['gf_submitting_22'] = false;}else if(!is_redirect){var confirmation_content = jQuery(this).contents().find('.GF_AJAX_POSTBACK').html();if(!confirmation_content){confirmation_content = contents;}setTimeout(function(){jQuery('#gform_wrapper_22').replaceWith(confirmation_content);jQuery(document).scrollTop(jQuery('#gf_22').offset().top - mt);jQuery(document).trigger('gform_confirmation_loaded', [22]);window['gf_submitting_22'] = false;}, 50);}else{jQuery('#gform_22').append(contents);if(window['gformRedirect']) {gformRedirect();}}jQuery(document).trigger('gform_post_render', [22, current_page]);} );} ); }, false );<\/script>\n\n\n<p><\/p>\n\n\n\n<p><\/p>\n\n\n\n<p><\/p>\n","protected":false},"excerpt":{"rendered":"<p>Har du en Waimea Business webshop-l\u00f8sning og \u00f8nsker integration med Dinero som regnskabsprogram, kan du f\u00e5 hj\u00e6lp her. Regnskab er ikke altid det sjoveste, n\u00e5r man driver en webshop, men n\u00e5r tingene tager fart er regnskab ofte en af de ting, man outsourcer f\u00f8rst. Faktisk beh\u00f8ves du ikke slippe det helt &#8211; du kan i [&hellip;]<\/p>\n","protected":false},"author":7,"featured_media":0,"parent":0,"menu_order":0,"comment_status":"closed","ping_status":"closed","template":"","meta":{"_genesis_hide_title":false,"_genesis_hide_breadcrumbs":false,"_genesis_hide_singular_image":false,"_genesis_hide_footer_widgets":false,"_genesis_custom_body_class":"","_genesis_custom_post_class":"","_genesis_layout":""},"featured_image_src":null,"featured_image_src_square":null,"_links":{"self":[{"href":"https:\/\/www.waimea.dk\/business\/wp-json\/wp\/v2\/pages\/9720"}],"collection":[{"href":"https:\/\/www.waimea.dk\/business\/wp-json\/wp\/v2\/pages"}],"about":[{"href":"https:\/\/www.waimea.dk\/business\/wp-json\/wp\/v2\/types\/page"}],"author":[{"embeddable":true,"href":"https:\/\/www.waimea.dk\/business\/wp-json\/wp\/v2\/users\/7"}],"replies":[{"embeddable":true,"href":"https:\/\/www.waimea.dk\/business\/wp-json\/wp\/v2\/comments?post=9720"}],"version-history":[{"count":5,"href":"https:\/\/www.waimea.dk\/business\/wp-json\/wp\/v2\/pages\/9720\/revisions"}],"predecessor-version":[{"id":9927,"href":"https:\/\/www.waimea.dk\/business\/wp-json\/wp\/v2\/pages\/9720\/revisions\/9927"}],"wp:attachment":[{"href":"https:\/\/www.waimea.dk\/business\/wp-json\/wp\/v2\/media?parent=9720"}],"curies":[{"name":"wp","href":"https:\/\/api.w.org\/{rel}","templated":true}]}}