{"id":9268,"date":"2019-10-23T12:49:44","date_gmt":"2019-10-23T10:49:44","guid":{"rendered":"https:\/\/www.waimea.dk\/business\/?page_id=9268"},"modified":"2019-10-23T13:08:24","modified_gmt":"2019-10-23T11:08:24","slug":"bar-mobil","status":"publish","type":"page","link":"https:\/\/www.waimea.dk\/business\/cases\/bar-mobil","title":{"rendered":"BAR MOBIL"},"content":{"rendered":"\n<h2>Den lange kunderelation og de gode resultater<\/h2>\n\n\n\n<p>Der er to ting, man kan v\u00e6re sikre p\u00e5 her i tilv\u00e6relsen, og resten er lidt oppe i luften. Den ene ting er, at tiden un\u00e6gtelig g\u00e5r \u2013 og den g\u00e5r st\u00e6rkt. Det andet er, hvis du har t\u00e5lmodig samt sparrer og lytter til din r\u00e5dgiver, s\u00e5 skal du med tiden nok f\u00e5 gode SEO-resultater med din hjemmeside og dermed din forretning. <\/p>\n\n\n\n<p>Vi m\u00f8dte Anders og Kasper fra Bar-mobil i for\u00e5ret 2017. To ambiti\u00f8se iv\u00e6rks\u00e6ttere der k\u00f8rte barudlejning ved siden af deres fuldtidsjobs. Aftenerne og weekenderne gik med administration, varebestilling, ops\u00f8gende salg og afvikling af jobs, hvor de selv tog bartjansen. Anders og Kasper har selv en god forst\u00e5else for Googles mekanismer, men de havde brug for et bureau, der kunne varetage deres online markedsf\u00f8ring og hjemmeside, s\u00e5 de kunne holde fokus p\u00e5 virksomhedens mere analoge udvikling. <\/p>\n\n\n\n<p>Igennem vores samarbejde har vi altid haft en l\u00f8sningsorienteret og sparrende dialog. Anders og Kasper var for starten bevidste om deres visuelle identitet. Det bet\u00f8d, vi kunne designe en hjemmeside, som matchede deres profil. P\u00e5 hjemmesiden indsatte vi grafiske elementer og tekst, som b\u00e5de er trov\u00e6rdighedsskabende og salgsfremkaldende for deres m\u00e5lgrupper. Da den nye hjemmeside var i luften, arbejdede vi &#8211; og det g\u00f8r vi stadig &#8211; p\u00e5 at g\u00f8re siden synlig og tilg\u00e6ngelig p\u00e5 Google. I dag er Anders fuldtid p\u00e5 Bar-Mobil og har flere bartendere til r\u00e5dighed. Du kan se Bar Mobils hjemmeside <a href=\"https:\/\/www.bar-mobil.dk\">her<\/a>.<\/p>\n\n\n\n<figure class=\"wp-block-image\"><img loading=\"lazy\" width=\"1024\" height=\"661\" src=\"https:\/\/www.waimea.dk\/business\/wp-content\/uploads\/2019\/10\/barmobilhjemmeside-1024x661.jpg\" alt=\"barmobilhjemmeside\" class=\"wp-image-9270\" srcset=\"https:\/\/www.waimea.dk\/business\/wp-content\/uploads\/2019\/10\/barmobilhjemmeside-1024x661.jpg 1024w, https:\/\/www.waimea.dk\/business\/wp-content\/uploads\/2019\/10\/barmobilhjemmeside-600x387.jpg 600w, https:\/\/www.waimea.dk\/business\/wp-content\/uploads\/2019\/10\/barmobilhjemmeside-300x194.jpg 300w, https:\/\/www.waimea.dk\/business\/wp-content\/uploads\/2019\/10\/barmobilhjemmeside-768x496.jpg 768w, https:\/\/www.waimea.dk\/business\/wp-content\/uploads\/2019\/10\/barmobilhjemmeside-93x60.jpg 93w, https:\/\/www.waimea.dk\/business\/wp-content\/uploads\/2019\/10\/barmobilhjemmeside.jpg 1643w\" sizes=\"(max-width: 1024px) 100vw, 1024px\" \/><figcaption><em>F\u00e5 en hjemmeside du og dine kunder kan identificere jer med <\/em> <\/figcaption><\/figure>\n\n\n\n<h2>M\u00e6rkbar SEO er en frugt, der skal modnes <\/h2>\n\n\n\n<p>N\u00e5r vi starter et samarbejde, lover vi aldrig resultater med det samme. I samarbejde med vores kunder udv\u00e6lger vi s\u00f8geord, der matcher servicen og brugernes s\u00f8geadf\u00e6rd. Derefter starter en proces, hvor vi skaber links til hjemmesidens undersider, s\u00e5 de enkelte sider kan f\u00e5 en h\u00f8jere autoritet p\u00e5 Google. P\u00e5 nedenst\u00e5ende figur fremg\u00e5r de links, som vi har skabt til Bar-Mobils side vi indgik samarbejdet i 2017. Hver m\u00e5ned tilf\u00f8jer vi flere links, som giver hjemmesiden en h\u00f8jere autoritet og dermed bedre resultater.<\/p>\n\n\n\n<figure class=\"wp-block-image\"><img loading=\"lazy\" width=\"1024\" height=\"420\" src=\"https:\/\/www.waimea.dk\/business\/wp-content\/uploads\/2019\/10\/barmobilstat-1024x420.jpg\" alt=\"barmobilstat\" class=\"wp-image-9271\" srcset=\"https:\/\/www.waimea.dk\/business\/wp-content\/uploads\/2019\/10\/barmobilstat-1024x420.jpg 1024w, https:\/\/www.waimea.dk\/business\/wp-content\/uploads\/2019\/10\/barmobilstat-600x246.jpg 600w, https:\/\/www.waimea.dk\/business\/wp-content\/uploads\/2019\/10\/barmobilstat-300x123.jpg 300w, https:\/\/www.waimea.dk\/business\/wp-content\/uploads\/2019\/10\/barmobilstat-768x315.jpg 768w, https:\/\/www.waimea.dk\/business\/wp-content\/uploads\/2019\/10\/barmobilstat-146x60.jpg 146w, https:\/\/www.waimea.dk\/business\/wp-content\/uploads\/2019\/10\/barmobilstat.jpg 1325w\" sizes=\"(max-width: 1024px) 100vw, 1024px\" \/><figcaption><em>L\u00f8bende Link Building er medskaber for dine online resultater <\/em> <\/figcaption><\/figure>\n\n\n\n<p>Link Building g\u00f8r det ikke alene, hvis der ikke arbejdes med relevante s\u00f8geord for m\u00e5lgruppen. Waimeas tekstforfattere gik i dialog med Anders og Kasper omkring deres m\u00e5lgruppe og lavede en s\u00f8geordsstrategi, der b\u00e5de kunne skabe resultater p\u00e5 Google uden at g\u00e5 p\u00e5 kompromis med l\u00e6sevenlige tekster. Den mobile barbranche er et ret konkurrencedygtigt marked med mange spillere, derfor r\u00e5dede vi Anders og Kasper til at have lidt t\u00e5lmodighed de f\u00f8rste par m\u00e5neder, s\u00e5 s\u00f8geordene kunne f\u00e5 lov at \u201dmodnes\u201d i takt med, vi tilf\u00f8jede links. Her kan du se, hvordan hjemmesiden i dag ligger p\u00e5 en r\u00e6kke af vores udvalgte s\u00f8geord: <\/p>\n\n\n\n<figure class=\"wp-block-image\"><img loading=\"lazy\" width=\"543\" height=\"739\" src=\"https:\/\/www.waimea.dk\/business\/wp-content\/uploads\/2019\/10\/barmobilcc.jpg\" alt=\"barmobilcc\" class=\"wp-image-9273\" srcset=\"https:\/\/www.waimea.dk\/business\/wp-content\/uploads\/2019\/10\/barmobilcc.jpg 543w, https:\/\/www.waimea.dk\/business\/wp-content\/uploads\/2019\/10\/barmobilcc-220x300.jpg 220w, https:\/\/www.waimea.dk\/business\/wp-content\/uploads\/2019\/10\/barmobilcc-44x60.jpg 44w\" sizes=\"(max-width: 543px) 100vw, 543px\" \/><figcaption><em>Bar Mobil ligger i dag p\u00e5 Googles side 1 p\u00e5 ovenst\u00e5ende <\/em> <\/figcaption><\/figure>\n\n\n\n<p>S\u00f8ger du efter \u201dmobil bar\u201d eller \u201dlej en bar\u201d p\u00e5 Google, vil Bar-Mobil i dag ligge i toppen. Det betyder, at Anders og Kasper hver m\u00e5ned f\u00e5r 250-300 bes\u00f8gende ind p\u00e5 deres hjemmeside, som aktivt er p\u00e5 udkig efter, hvad de netop udbyder; en mobil og stemningsfuld bar med alt service inkluderet. I samarbejdet har vi hjulpet med at udvide Bar-Mobils kundegruppe. Det betyder blandt andet, at Anders og Kasper har leveret til flere firmafester og bryllupper end nogensinde f\u00f8r, da vi netop har haft fokus p\u00e5 d\u00e9n m\u00e5lgruppe i vores Link Building og s\u00f8geord.<\/p>\n\n\n\n<h2>En tilknyttet konsulent, Facebook og en velproduceret video<\/h2>\n\n\n\n<p>Da Anders og Kasper indgik en aftale med os, fik de tildelt en fast SEO-konsulent, som fortsat hver m\u00e5ned g\u00e5r i dialog, s\u00e5 de altid har aktuel r\u00e5dgivning og markedsf\u00f8ring i forhold til deres forretning. <a href=\"\/personale\/produktion\/christian-curtis-carlsen\">Christian Curtis Carlsen<\/a> tog fat om b\u00e5de Facebook og Display-annoncering, hvor han m\u00e5lrettede strategien mod brugere, der tidligere havde v\u00e6ret inde p\u00e5 Bar-Mobils hjemmeside. Strategien har b\u00e5ret frugt, og i dag f\u00e5r Bar-Mobil 40% af deres bes\u00f8gende igennem display-annoncer \u2013 selvf\u00f8lgelig ogs\u00e5 p\u00e5 grund af en meget velproduceret video, som udstr\u00e5ler Bar-Mobils service. <\/p>\n\n\n\n<p><em>Der har v\u00e6ret nogle bump p\u00e5 vejen, og det skal der helst v\u00e6re i lange relationer. N\u00e5r man danser, tr\u00e6der man af og til hinanden over t\u00e6erne, men det b\u00e6rer os stadig fremad. Vi er stolte af at have hjulpet Bar-Mobil med deres online markedsf\u00f8ring, s\u00e5 de i dag har en b\u00e6redygtig forretning. Den st\u00f8rste fortjeneste er selvf\u00f8lgelig Anders og Kaspers drevne personligheder og sans for den gode forretning. Og det er jo altid en forn\u00f8jelse at levere benzin til motoren for mennesker med drivkraft<\/em>.<\/p>\n","protected":false},"excerpt":{"rendered":"<p>Den lange kunderelation og de gode resultater Der er to ting, man kan v\u00e6re sikre p\u00e5 her i tilv\u00e6relsen, og resten er lidt oppe i luften. Den ene ting er, at tiden un\u00e6gtelig g\u00e5r \u2013 og den g\u00e5r st\u00e6rkt. Det andet er, hvis du har t\u00e5lmodig samt sparrer og lytter til din r\u00e5dgiver, s\u00e5 skal [&hellip;]<\/p>\n","protected":false},"author":36,"featured_media":0,"parent":6826,"menu_order":0,"comment_status":"closed","ping_status":"closed","template":"page_cases.php","meta":{"_genesis_hide_title":false,"_genesis_hide_breadcrumbs":false,"_genesis_hide_singular_image":false,"_genesis_hide_footer_widgets":false,"_genesis_custom_body_class":"","_genesis_custom_post_class":"","_genesis_layout":""},"featured_image_src":null,"featured_image_src_square":null,"_links":{"self":[{"href":"https:\/\/www.waimea.dk\/business\/wp-json\/wp\/v2\/pages\/9268"}],"collection":[{"href":"https:\/\/www.waimea.dk\/business\/wp-json\/wp\/v2\/pages"}],"about":[{"href":"https:\/\/www.waimea.dk\/business\/wp-json\/wp\/v2\/types\/page"}],"author":[{"embeddable":true,"href":"https:\/\/www.waimea.dk\/business\/wp-json\/wp\/v2\/users\/36"}],"replies":[{"embeddable":true,"href":"https:\/\/www.waimea.dk\/business\/wp-json\/wp\/v2\/comments?post=9268"}],"version-history":[{"count":4,"href":"https:\/\/www.waimea.dk\/business\/wp-json\/wp\/v2\/pages\/9268\/revisions"}],"predecessor-version":[{"id":9276,"href":"https:\/\/www.waimea.dk\/business\/wp-json\/wp\/v2\/pages\/9268\/revisions\/9276"}],"up":[{"embeddable":true,"href":"https:\/\/www.waimea.dk\/business\/wp-json\/wp\/v2\/pages\/6826"}],"wp:attachment":[{"href":"https:\/\/www.waimea.dk\/business\/wp-json\/wp\/v2\/media?parent=9268"}],"curies":[{"name":"wp","href":"https:\/\/api.w.org\/{rel}","templated":true}]}}