{"id":9214,"date":"2019-10-23T11:58:00","date_gmt":"2019-10-23T09:58:00","guid":{"rendered":"https:\/\/www.waimea.dk\/business\/?page_id=9214"},"modified":"2019-10-23T12:07:37","modified_gmt":"2019-10-23T10:07:37","slug":"kundecase-boligadvokat24","status":"publish","type":"page","link":"https:\/\/www.waimea.dk\/business\/cases\/kundecase-boligadvokat24","title":{"rendered":"Kundecase \u2013 Boligadvokat24"},"content":{"rendered":"\n<h2>M\u00e5lrettet SEO-strategi i et konkurrencepr\u00e6get marked<\/h2>\n\n\n\n<p>Som\nboligadvokat skal man v\u00e6re tilstede d\u00e9r, hvor kunderne er. Ofte g\u00e5r et boligk\u00f8b\nst\u00e6rkt \u2013 og derfor er det ogs\u00e5 helt centralt at v\u00e6re tilg\u00e6ngelig og st\u00e5 klar\nmed boligr\u00e5dgivning p\u00e5 de platforme, kunderne eftersp\u00f8rger. <\/p>\n\n\n\n<p>Boligadvokat24\ner en landsd\u00e6kkende boligadvokat, der over telefon, mail og Skype hj\u00e6lper deres\nkunder sikkert igennem hele boligprocessen. Branchen er pr\u00e6get af h\u00f8j\nkonkurrence med mange landsd\u00e6kkende akt\u00f8rer. Derfor er der brug for en\nsynlighed, n\u00e5r potentielle kunder s\u00f8ger efter en boligadvokat, der kan hj\u00e6lpe\nmed at f\u00e5 boligk\u00f8bet helt p\u00e5 plads.<\/p>\n\n\n\n<p>Da Boligadvokat24 indgik et samarbejde med Waimea, gik vi i gang med at unders\u00f8ge, hvilke omr\u00e5der der ville v\u00e6re mest frugtbare for en \u00f8get synlighed og tilg\u00e6ngelighed. Det gik hurtigt op for os, at der var brug for en all-around SEO-strategi for at genere flere og nye leads via s\u00f8gemaskinerne.<\/p>\n\n\n\n<h2>Et hurtigt mobiloptimeret site g\u00f8r det nemt for brugerne<\/h2>\n\n\n\n<p>Flere og\nflere bruger deres smartphone, n\u00e5r de researcher om emner, tjenester og\nprodukter. Derfor er det vigtigt at have en mobiloptimeret hjemmeside, der er\ntilpasset brugernes behov, og som er nem at navigere rundt i p\u00e5 farten. Ved at\nintegrere en hjemmeside med AMP (Accelerated Mobile Pages), f\u00e5r man en\nmobilvisning, der er markant hurtigere end klassisk visning, og indholdet\ntilpasser sig automatisk til de forskellige devices. <\/p>\n\n\n\n<p>Hastigheden er en af de faktorer, som medtages i den samlede score, n\u00e5r Google ranker den samlede SEO-indsats p\u00e5 et givent site. Derfor var det ogs\u00e5 en relevant overvejelse, da vi fandt frem til de respektive fokusomr\u00e5der i forhold til Boligadvokat24. Det er nemlig kun et plus at m\u00f8de folk med en hurtig og brugervenlig hjemmeside, der hvor de er \u2013 og n\u00e5r de er klar til at handle; p\u00e5 farten til og fra arbejde eller n\u00e5r der er et ledigt \u00f8jeblik. Det handler om tilg\u00e6ngelighed.<\/p>\n\n\n\n<figure class=\"wp-block-image\"><img loading=\"lazy\" width=\"1024\" height=\"450\" src=\"https:\/\/www.waimea.dk\/business\/wp-content\/uploads\/2019\/10\/boligadvokatstats-1024x450.jpg\" alt=\"boligadvokatstats\" class=\"wp-image-9219\" srcset=\"https:\/\/www.waimea.dk\/business\/wp-content\/uploads\/2019\/10\/boligadvokatstats-1024x450.jpg 1024w, https:\/\/www.waimea.dk\/business\/wp-content\/uploads\/2019\/10\/boligadvokatstats-600x264.jpg 600w, https:\/\/www.waimea.dk\/business\/wp-content\/uploads\/2019\/10\/boligadvokatstats-300x132.jpg 300w, https:\/\/www.waimea.dk\/business\/wp-content\/uploads\/2019\/10\/boligadvokatstats-768x338.jpg 768w, https:\/\/www.waimea.dk\/business\/wp-content\/uploads\/2019\/10\/boligadvokatstats-136x60.jpg 136w, https:\/\/www.waimea.dk\/business\/wp-content\/uploads\/2019\/10\/boligadvokatstats.jpg 1424w\" sizes=\"(max-width: 1024px) 100vw, 1024px\" \/><figcaption><em>Ved at integrere AMP p\u00e5 Boligadvokat24 kan vi se, at andelen af bes\u00f8gende fra et mobilt device ligger p\u00e5 10.237 ud af 30.575 bes\u00f8gende i alt.<\/em> <\/figcaption><\/figure>\n\n\n\n<h2>En veldesignet hjemmeside med brugeren i fokus<\/h2>\n\n\n\n<p>Da vi designede den nye hjemmeside for Boligadvokat, havde vi fokus p\u00e5 brugeroplevelsen og brugervenligheden. Den skulle v\u00e6re enkelt opbygget, s\u00e5 brugeren hurtigt kan finde frem til den ydelse, der s\u00f8ges efter.<\/p>\n\n\n\n<p><strong><em>\u201dVi er meget tilfredse med designet. S\u00e6rligt det lidt strammere og mere eksklusive look er vi glade for. Fremh\u00e6vningen og designet af vores headpoints p\u00e5 forsiden, synes vi ogs\u00e5 fungerer rigtig godt\u201d.<\/em><\/strong><\/p>\n\n\n\n<figure class=\"wp-block-image\"><img loading=\"lazy\" width=\"1024\" height=\"729\" src=\"https:\/\/www.waimea.dk\/business\/wp-content\/uploads\/2019\/10\/boligadvokat24hjemmeside-1024x729.png\" alt=\"boligadvokat24hjemmeside\" class=\"wp-image-9221\" srcset=\"https:\/\/www.waimea.dk\/business\/wp-content\/uploads\/2019\/10\/boligadvokat24hjemmeside-1024x729.png 1024w, https:\/\/www.waimea.dk\/business\/wp-content\/uploads\/2019\/10\/boligadvokat24hjemmeside-600x427.png 600w, https:\/\/www.waimea.dk\/business\/wp-content\/uploads\/2019\/10\/boligadvokat24hjemmeside-300x213.png 300w, https:\/\/www.waimea.dk\/business\/wp-content\/uploads\/2019\/10\/boligadvokat24hjemmeside-768x546.png 768w, https:\/\/www.waimea.dk\/business\/wp-content\/uploads\/2019\/10\/boligadvokat24hjemmeside-84x60.png 84w, https:\/\/www.waimea.dk\/business\/wp-content\/uploads\/2019\/10\/boligadvokat24hjemmeside.png 1269w\" sizes=\"(max-width: 1024px) 100vw, 1024px\" \/><figcaption><em>Et enkelt design med fokus p\u00e5 kerneydelserne. Farverige og relevante billeder giver liv til hjemmesiden.<\/em> <\/figcaption><\/figure>\n\n\n\n<p>P\u00e5 undersiderne er der fokus p\u00e5 kerneydelserne med links til priser samt call to action i form af telefonnummer, mail og kontaktformular. P\u00e5 den m\u00e5de inviterer siden til aktion, n\u00e5r brugen er klar til at handle. Jo f\u00e6rre klik, jo st\u00f8rre chance for et salg.<\/p>\n\n\n\n<p><strong><em>\u201dDialogen i processen har v\u00e6ret super fin under megen tilg\u00e6ngelighed. Der har v\u00e6ret forklarende processer med en fin underbygning af netop de valg som skulle g\u00f8res i forbindelse med designet af den ny hjemmeside\u201d.<\/em><\/strong><\/p>\n\n\n\n<h2>Unikt indhold giver st\u00f8rre autoritet i Google<\/h2>\n\n\n\n<p>Boligadvokat24 var i den heldige position, at de allerede havde en masse godt og informativt indhold fra den gamle side. Her taler vi tekster med unikt indhold p\u00e5 minimum 300 ord.<\/p>\n\n\n\n<p>P\u00e5 mange af siderne havde de allerede gode placeringer, som vi naturligvis ville bibeholde p\u00e5 den nye side, men der var flere vigtige s\u00f8geord, som der havde stort potentiale for endnu bedre placeringer i s\u00f8gemaskinerne. For at understrege vigtigheden af de centrale s\u00f8geord blev der optimeret eller forfattet helt nye tekster. Ud fra teksternes indhold og tema fik Boligadvokat24 ogs\u00e5 en brugervenlig menu med et overblik over alle deres ydelser.<\/p>\n\n\n\n<p><strong><em>\u201dVi har selv leveret en stor del af teksterne fra den gamle hjemmeside, men dem, der er omskrevet og forfattet p\u00e5 ny, er gjort med succes\u201d.<\/em><\/strong><\/p>\n\n\n\n<p>Ved at skabe unikt indhold med v\u00e6gt p\u00e5 centrale ydelser og vigtige s\u00f8geord, er der et mere fordelagtig grundlag for at Google finder indholdet relevant og af en h\u00f8j kvalitet. Unikt indhold var for Boligadvokat24 ogs\u00e5 helt grundl\u00e6ggende set i forhold til den store konkurrence og de mange udbydere p\u00e5 markedet.<\/p>\n\n\n\n<figure class=\"wp-block-image\"><img loading=\"lazy\" width=\"492\" height=\"758\" src=\"https:\/\/www.waimea.dk\/business\/wp-content\/uploads\/2019\/10\/boligadvokatcc.png\" alt=\"boligadvokatcc\" class=\"wp-image-9227\" srcset=\"https:\/\/www.waimea.dk\/business\/wp-content\/uploads\/2019\/10\/boligadvokatcc.png 492w, https:\/\/www.waimea.dk\/business\/wp-content\/uploads\/2019\/10\/boligadvokatcc-195x300.png 195w, https:\/\/www.waimea.dk\/business\/wp-content\/uploads\/2019\/10\/boligadvokatcc-39x60.png 39w\" sizes=\"(max-width: 492px) 100vw, 492px\" \/><figcaption><em>Side 1 placeringer i Google p\u00e5 centrale s\u00f8geord. De vigtigste ydelser, som potentielle kunder eftersp\u00f8rger og som Boligadvokat24 kan im\u00f8dekomme.<\/em> <\/figcaption><\/figure>\n\n\n\n<p>Der er mange\ntangenter at spille p\u00e5 i forhold til SEO-optimering. Hos Boligadvokat24 var et\nbredt fokus centralt for et godt resultat. B\u00e5de teknisk og tekstlig SEO var\nredskaber mod en st\u00e6rk hjemmeside, gode s\u00f8geordsresultater og et dom\u00e6ne med\nautoritet.<\/p>\n\n\n\n<p>En aftale\nmed Waimea indeholder naturligvis l\u00f8bende opf\u00f8lgning p\u00e5 resultater samt\nrettelser efter behov. Det betyder, at hjemmesiden altid st\u00e5r skarp og\nopdateret med den nyeste information:<\/p>\n\n\n\n<p><strong><em>\u201dVi er\ns\u00e6rligt glade for at n\u00e5r vi har \u00e6ndringer til hjemmesiden hvad enten det g\u00e6lder\ntekster, priser mv s\u00e5 bliver de \u00e6ndret ganske hurtigt\u201d.<\/em><\/strong><\/p>\n\n\n\n<p>Vil du have\nen flot, brugervenlig og SEO-optimeret hjemmeside? Der samtidig er tilpasset\ndesktop og mobile devices? S\u00e5 ring til os p\u00e5 <span class=\"wb_shortcode_phone\"><a href=\"tel:+4571995859\">Tel.: 71995859<\/a><\/span> og h\u00f8r mere om dine\nmuligheder.<\/p>\n","protected":false},"excerpt":{"rendered":"<p>M\u00e5lrettet SEO-strategi i et konkurrencepr\u00e6get marked Som boligadvokat skal man v\u00e6re tilstede d\u00e9r, hvor kunderne er. Ofte g\u00e5r et boligk\u00f8b st\u00e6rkt \u2013 og derfor er det ogs\u00e5 helt centralt at v\u00e6re tilg\u00e6ngelig og st\u00e5 klar med boligr\u00e5dgivning p\u00e5 de platforme, kunderne eftersp\u00f8rger. Boligadvokat24 er en landsd\u00e6kkende boligadvokat, der over telefon, mail og Skype hj\u00e6lper deres [&hellip;]<\/p>\n","protected":false},"author":36,"featured_media":9221,"parent":6826,"menu_order":0,"comment_status":"closed","ping_status":"closed","template":"page_cases.php","meta":{"_genesis_hide_title":false,"_genesis_hide_breadcrumbs":false,"_genesis_hide_singular_image":false,"_genesis_hide_footer_widgets":false,"_genesis_custom_body_class":"","_genesis_custom_post_class":"","_genesis_layout":""},"featured_image_src":"https:\/\/www.waimea.dk\/business\/wp-content\/uploads\/2019\/10\/boligadvokat24hjemmeside-600x400.png","featured_image_src_square":"https:\/\/www.waimea.dk\/business\/wp-content\/uploads\/2019\/10\/boligadvokat24hjemmeside-600x600.png","_links":{"self":[{"href":"https:\/\/www.waimea.dk\/business\/wp-json\/wp\/v2\/pages\/9214"}],"collection":[{"href":"https:\/\/www.waimea.dk\/business\/wp-json\/wp\/v2\/pages"}],"about":[{"href":"https:\/\/www.waimea.dk\/business\/wp-json\/wp\/v2\/types\/page"}],"author":[{"embeddable":true,"href":"https:\/\/www.waimea.dk\/business\/wp-json\/wp\/v2\/users\/36"}],"replies":[{"embeddable":true,"href":"https:\/\/www.waimea.dk\/business\/wp-json\/wp\/v2\/comments?post=9214"}],"version-history":[{"count":1,"href":"https:\/\/www.waimea.dk\/business\/wp-json\/wp\/v2\/pages\/9214\/revisions"}],"predecessor-version":[{"id":9228,"href":"https:\/\/www.waimea.dk\/business\/wp-json\/wp\/v2\/pages\/9214\/revisions\/9228"}],"up":[{"embeddable":true,"href":"https:\/\/www.waimea.dk\/business\/wp-json\/wp\/v2\/pages\/6826"}],"wp:featuredmedia":[{"embeddable":true,"href":"https:\/\/www.waimea.dk\/business\/wp-json\/wp\/v2\/media\/9221"}],"wp:attachment":[{"href":"https:\/\/www.waimea.dk\/business\/wp-json\/wp\/v2\/media?parent=9214"}],"curies":[{"name":"wp","href":"https:\/\/api.w.org\/{rel}","templated":true}]}}