{"id":9,"date":"2014-10-10T02:52:03","date_gmt":"2014-10-10T02:52:03","guid":{"rendered":"http:\/\/waimea-digital.wearenotonline.com\/?page_id=9"},"modified":"2023-05-25T14:41:10","modified_gmt":"2023-05-25T12:41:10","slug":"kontakt","status":"publish","type":"page","link":"https:\/\/www.waimea.dk\/business\/kontakt","title":{"rendered":"Kontakt os"},"content":{"rendered":"<p><iframe style=\"float: right; margin-left: 20px; border: 0;\" src=\"https:\/\/www.google.com\/maps\/embed?pb=!1m14!1m8!1m3!1d8988.108677048995!2d12.570931!3d55.72328!3m2!1i1024!2i768!4f13.1!3m3!1m2!1s0x0%3A0x365d8e8f74dcb510!2sWaimea+Digital+ApS!5e0!3m2!1sda!2sdk!4v1463146758426\" width=\"300\" height=\"200\" frameborder=\"0\" allowfullscreen=\"allowfullscreen\"><\/iframe>Kontakt os for et uforpligtende tilbud p\u00e5 din nye hjemmeside. Udfyld nedenst\u00e5ende formular eller <strong>ring p\u00e5: 71995859<\/strong><\/p>\n<div class=\"contact_company\"><div class=\"contact_company_name\">Waimea Digital ApS<\/div><div><div class=\"contact_company_address1\">Gammel Vartov Vej 2<\/div><div><span class=\"contact_company_zip\">2900<\/span> <span class=\"contact_company_city\">Hellerup<\/span><\/div><\/div><div class=\"contact_company_vat\">CVR nr. <span>36417978<\/span><\/div><div class=\"contact_company_phone\"><span class=\"wb_shortcode_phone\"><a href=\"tel:+4571995859\">Tel.: 71995859<\/a><\/span><\/div><div class=\"contact_company_email\"><a href=\"mailto:&#98;&#117;&#115;&#105;&#110;&#101;&#115;&#115;&#64;&#119;&#97;&#105;&#109;&#101;&#97;&#46;&#100;&#107;\"><span>&#98;&#117;&#115;&#105;&#110;&#101;&#115;&#115;&#64;&#119;&#97;&#105;&#109;&#101;&#97;&#46;&#100;&#107;<\/span><\/a><\/div><\/div>\n\n                <div class='gf_browser_gecko gform_wrapper' id='gform_wrapper_1' ><div id='gf_1' class='gform_anchor' tabindex='-1'><\/div><form method='post' enctype='multipart\/form-data'  id='gform_1'  action='\/business\/wp-json\/wp\/v2\/pages\/9#gf_1'>\n                        <div class='gform_body'><ul id='gform_fields_1' class='gform_fields top_label form_sublabel_below description_below'><li id='field_1_1'  class='gfield gfield_contains_required field_sublabel_below field_description_below gfield_visibility_visible' ><label class='gfield_label gfield_label_before_complex'  >Navn<span class='gfield_required'>*<\/span><\/label><div class='ginput_container ginput_container_name'>\n                                    <input name='input_1' id='input_1_1' type='text' value='' class='large'   aria-required=\"true\" aria-invalid=\"false\" placeholder='Navn'\/>\n                                <\/div><\/li><li id='field_1_5'  class='gfield field_sublabel_below field_description_below gfield_visibility_visible' ><label class='gfield_label' for='input_1_5' >Firmanavn<\/label><div class='ginput_container ginput_container_text'><input name='input_5' id='input_1_5' type='text' value='' class='large'    placeholder='Firmanavn'  aria-invalid=\"false\" \/><\/div><\/li><li id='field_1_2'  class='gfield gf_left_half gfield_contains_required field_sublabel_below field_description_below gfield_visibility_visible' ><label class='gfield_label' for='input_1_2' >Email<span class='gfield_required'>*<\/span><\/label><div class='ginput_container ginput_container_email'>\n                            <input name='input_2' id='input_1_2' type='email' value='' class='large'   placeholder='Email' aria-required=\"true\" aria-invalid=\"false\" \/>\n                        <\/div><\/li><li id='field_1_6'  class='gfield gf_right_half field_sublabel_below field_description_below gfield_visibility_visible' ><label class='gfield_label' for='input_1_6' >Telefon<\/label><div class='ginput_container ginput_container_text'><input name='input_6' id='input_1_6' type='text' value='' class='large'    placeholder='Telefon'  aria-invalid=\"false\" \/><\/div><\/li><li id='field_1_4'  class='gfield gfield_contains_required field_sublabel_below field_description_below gfield_visibility_visible' ><label class='gfield_label' for='input_1_4' >Besked<span class='gfield_required'>*<\/span><\/label><div class='ginput_container ginput_container_textarea'><textarea name='input_4' id='input_1_4' class='textarea medium'    placeholder='Besked' aria-required=\"true\" aria-invalid=\"false\"   rows='10' cols='50'><\/textarea><\/div><\/li><li id='field_1_7'  class='gfield gfield_contains_required field_sublabel_below field_description_below gfield_visibility_visible' ><label class='gfield_label'  ><span class='gfield_required'>*<\/span><\/label><div class='ginput_container ginput_container_checkbox'><ul class='gfield_checkbox' id='input_1_7'><li class='gchoice_1_7_1'>\n\t\t\t\t\t\t\t\t<input name='input_7.1' type='checkbox'  value='add_waimea_gdpr'  id='choice_1_7_1'   \/>\n\t\t\t\t\t\t\t\t<label for='choice_1_7_1' id='label_1_7_1'>add_waimea_gdpr<\/label>\n\t\t\t\t\t\t\t<\/li><\/ul><\/div><\/li><li id='field_1_8'  class='gfield gform_validation_container field_sublabel_below field_description_below gfield_visibility_visible' ><label class='gfield_label' for='input_1_8' >Phone<\/label><div class='ginput_container'><input name='input_8' id='input_1_8' type='text' value='' autocomplete='off'\/><\/div><div class='gfield_description' id='gfield_description_1_8'>Dette felt er til validering og b\u00f8r ikke \u00e6ndres.<\/div><\/li>\n                            <\/ul><\/div>\n        <div class='gform_footer top_label'> <input type='submit' id='gform_submit_button_1' class='gform_button button' value='Send besked'  onclick='if(window[\"gf_submitting_1\"]){return false;}  if( !jQuery(\"#gform_1\")[0].checkValidity || jQuery(\"#gform_1\")[0].checkValidity()){window[\"gf_submitting_1\"]=true;}  ' onkeypress='if( event.keyCode == 13 ){ if(window[\"gf_submitting_1\"]){return false;} if( !jQuery(\"#gform_1\")[0].checkValidity || jQuery(\"#gform_1\")[0].checkValidity()){window[\"gf_submitting_1\"]=true;}  jQuery(\"#gform_1\").trigger(\"submit\",[true]); }' \/> \n            <input type='hidden' class='gform_hidden' name='is_submit_1' value='1' \/>\n            <input type='hidden' class='gform_hidden' name='gform_submit' value='1' \/>\n            \n            <input type='hidden' class='gform_hidden' name='gform_unique_id' value='' \/>\n            <input type='hidden' class='gform_hidden' name='state_1' value='WyJbXSIsIjU1MmI2OWIwYWRhMDkxMmZlMmYzYTk1ZmUyNzA3NTM3Il0=' \/>\n            <input type='hidden' class='gform_hidden' name='gform_target_page_number_1' id='gform_target_page_number_1' value='0' \/>\n            <input type='hidden' class='gform_hidden' name='gform_source_page_number_1' id='gform_source_page_number_1' value='1' \/>\n            <input type='hidden' name='gform_field_values' value='' \/>\n            \n        <\/div>\n                        <\/form>\n                        <\/div>\n<div class=\"opening-hours\"><h3>\u00c5bningstider<\/h3><div class=\"opening-hours-table\"><div class=\"clearfix\">\r\n\t\t\t\t<div class=\"one-half first\">Mandag<\/div>\r\n\t\t\t\t<div class=\"one-half\">09:00 - 17:00<\/div>\r\n\t\t\t<\/div><div class=\"clearfix\">\r\n\t\t\t\t<div class=\"one-half first\">Tirsdag<\/div>\r\n\t\t\t\t<div class=\"one-half\">09:00 - 17:00<\/div>\r\n\t\t\t<\/div><div class=\"clearfix\">\r\n\t\t\t\t<div class=\"one-half first\">Onsdag<\/div>\r\n\t\t\t\t<div class=\"one-half\">09:00 - 17:00<\/div>\r\n\t\t\t<\/div><div class=\"clearfix\">\r\n\t\t\t\t<div class=\"one-half first\">Torsdag<\/div>\r\n\t\t\t\t<div class=\"one-half\">09:00 - 17:00<\/div>\r\n\t\t\t<\/div><div class=\"clearfix\">\r\n\t\t\t\t<div class=\"one-half first\">Fredag<\/div>\r\n\t\t\t\t<div class=\"one-half\">09:00 - 17:00<\/div>\r\n\t\t\t<\/div><div class=\"clearfix\">\r\n\t\t\t\t<div class=\"one-half first\">L\u00f8rdag<\/div>\r\n\t\t\t\t<div class=\"one-half\">Lukket<\/div>\r\n\t\t\t<\/div><div class=\"clearfix\">\r\n\t\t\t\t<div class=\"one-half first\">S\u00f8ndag<\/div>\r\n\t\t\t\t<div class=\"one-half\">Lukket<\/div>\r\n\t\t\t<\/div><div class=\"clearfix\">\r\n\t\t\t\t<div class=\"one-half first\">Helligdage<\/div>\r\n\t\t\t\t<div class=\"one-half\">Lukket<\/div>\r\n\t\t\t<\/div><\/div><\/div>\n","protected":false},"excerpt":{"rendered":"<p>Kontakt os for et uforpligtende tilbud p\u00e5 din nye hjemmeside. Udfyld nedenst\u00e5ende formular eller ring p\u00e5: 71995859<\/p>\n","protected":false},"author":2,"featured_media":0,"parent":0,"menu_order":0,"comment_status":"closed","ping_status":"closed","template":"","meta":{"_genesis_hide_title":false,"_genesis_hide_breadcrumbs":false,"_genesis_hide_singular_image":false,"_genesis_hide_footer_widgets":false,"_genesis_custom_body_class":"","_genesis_custom_post_class":"","_genesis_layout":""},"featured_image_src":null,"featured_image_src_square":null,"_links":{"self":[{"href":"https:\/\/www.waimea.dk\/business\/wp-json\/wp\/v2\/pages\/9"}],"collection":[{"href":"https:\/\/www.waimea.dk\/business\/wp-json\/wp\/v2\/pages"}],"about":[{"href":"https:\/\/www.waimea.dk\/business\/wp-json\/wp\/v2\/types\/page"}],"author":[{"embeddable":true,"href":"https:\/\/www.waimea.dk\/business\/wp-json\/wp\/v2\/users\/2"}],"replies":[{"embeddable":true,"href":"https:\/\/www.waimea.dk\/business\/wp-json\/wp\/v2\/comments?post=9"}],"version-history":[{"count":6,"href":"https:\/\/www.waimea.dk\/business\/wp-json\/wp\/v2\/pages\/9\/revisions"}],"predecessor-version":[{"id":9966,"href":"https:\/\/www.waimea.dk\/business\/wp-json\/wp\/v2\/pages\/9\/revisions\/9966"}],"wp:attachment":[{"href":"https:\/\/www.waimea.dk\/business\/wp-json\/wp\/v2\/media?parent=9"}],"curies":[{"name":"wp","href":"https:\/\/api.w.org\/{rel}","templated":true}]}}