{"id":7697,"date":"2017-08-01T13:10:26","date_gmt":"2017-08-01T11:10:26","guid":{"rendered":"https:\/\/www.waimea.dk\/business\/?page_id=7697"},"modified":"2017-11-28T10:48:25","modified_gmt":"2017-11-28T09:48:25","slug":"hjemmesider-til-handvaerkere","status":"publish","type":"page","link":"https:\/\/www.waimea.dk\/business\/hjemmesider-til-handvaerkere","title":{"rendered":"KAMPAGNESIDE: Hjemmesider til H\u00e5ndv\u00e6rkere"},"content":{"rendered":"<h2 style=\"text-align: center;\">Hvad siger andre h\u00e5ndv\u00e6rkere om deres Waimea Business hjemmeside?<\/h2>\n<p>&nbsp;<\/p>\n<div class=\"gca-column one-half first\"><h4><img loading=\"lazy\" class=\"alignleft size-thumbnail wp-image-7733\" src=\"https:\/\/www.waimea.dk\/business\/wp-content\/uploads\/2017\/08\/klip-udtalelser-maler-christensen-150x150.png\" alt=\"Malerfirmaet Christensen - Jess Christensen\" width=\"150\" height=\"150\" srcset=\"https:\/\/www.waimea.dk\/business\/wp-content\/uploads\/2017\/08\/klip-udtalelser-maler-christensen-150x150.png 150w, https:\/\/www.waimea.dk\/business\/wp-content\/uploads\/2017\/08\/klip-udtalelser-maler-christensen-100x100.png 100w, https:\/\/www.waimea.dk\/business\/wp-content\/uploads\/2017\/08\/klip-udtalelser-maler-christensen-600x600.png 600w, https:\/\/www.waimea.dk\/business\/wp-content\/uploads\/2017\/08\/klip-udtalelser-maler-christensen-300x300.png 300w, https:\/\/www.waimea.dk\/business\/wp-content\/uploads\/2017\/08\/klip-udtalelser-maler-christensen-768x768.png 768w, https:\/\/www.waimea.dk\/business\/wp-content\/uploads\/2017\/08\/klip-udtalelser-maler-christensen-60x60.png 60w, https:\/\/www.waimea.dk\/business\/wp-content\/uploads\/2017\/08\/klip-udtalelser-maler-christensen.png 1000w\" sizes=\"(max-width: 150px) 100vw, 150px\" \/>M\u00e5lbar markeds\u00f8ring<\/h4>\n<p>Det er sv\u00e6rt, at v\u00e6lge den rigtige markedsf\u00f8ring og se om den virker. Men l\u00f8sningen Waimea har givet os er meget innovativ og vi har bla. f\u00e5et et seperat tlf nr til brug p\u00e5 hjemmesiden s\u00e5 vi kan tracke og dokumentere hvert opkald vi modtager. Det giver os muligheden til at f\u00e5 total klarhed over, hvor vi skal brugevores markedsf\u00f8ringskroner.<br \/>\n<!--Skiftet til Waimea har v\u00e6ret meget smertefrit, vi oplevede en enorm professionalisme i arbejdsgangen med selve skiftet, og vores kontaktperson er til at f\u00e5 fat p\u00e5 b\u00e5de p\u00e5 e-mail og tlf. Han har v\u00e6ret god til at f\u00f8lge op p\u00e5 de mindste sm\u00e5ting i forl\u00f8bet samt at f\u00f8lge os igennem hele m\u00f8llen af valg af design til ny side mm. --><br \/>\nP\u00e5 den f\u00f8rste m\u00e5ned er vores konverteringer steget og vi kan se at vi har f\u00e5et meget bedre placeringer allerede efter f\u00f8rste m\u00e5ned. Vi kan p\u00e5 det varmeste anbefale Waimea Business.<\/p>\n<p><strong>Jess Christensen<\/strong><br \/>\n<a href=\"https:\/\/maler-christensen.dk\/\" target=\"_blank\" rel=\"noopener\">Malerfirmaet Christensen<\/a><\/p><\/div>\n<div class=\"gca-column one-half\"><h4><img loading=\"lazy\" class=\"alignleft size-thumbnail wp-image-7751\" src=\"https:\/\/www.waimea.dk\/business\/wp-content\/uploads\/2017\/08\/klip-udtalelser-GT-gulde-150x150.png\" alt=\"Hvad siger andre h\u00e5ndv\u00e6rkere om deres Waimea Business hjemmeside? &lt;div class=&quot;gca-column one-half first&quot;&gt;M\u00e5lbar markeds\u00f8ring Det er sv\u00e6rt, at v\u00e6lge den rigtige markedsf\u00f8ring og se om den virker. Men l\u00f8sningen Waimea har givet os er meget innovativ og vi har bla. f\u00e5et et seperat tlf nr til brug p\u00e5 hjemmesiden s\u00e5 vi kan tracke og dokumentere hvert opkald vi modtager. Det giver os muligheden til at f\u00e5 total klarhed over, hvor vi skal brugevores markedsf\u00f8ringskroner. Skiftet til Waimea har v\u00e6ret meget smertefrit, vi oplevede en enorm professionalisme i arbejdsgangen med selve skiftet, og vores kontaktperson er til at f\u00e5 fat p\u00e5 b\u00e5de p\u00e5 e-mail og tlf. Han har v\u00e6ret god til at f\u00f8lge op p\u00e5 de mindste sm\u00e5ting i forl\u00f8bet samt at f\u00f8lge os igennem hele m\u00f8llen af valg af design til ny side mm. P\u00e5 den f\u00f8rste m\u00e5ned er vores konverteringer steget og vi kan se at vi har f\u00e5et meget bedre placeringer allerede efter f\u00f8rste m\u00e5ned. Vi kan p\u00e5 det varmeste anbefale Waimea Business. Jess Christensen,\u00a0Malerfirmaet Christensen&lt;\/div&gt; &lt;div class=&quot;gca-column one-half&quot;&gt;Ekstremt h\u00f8je konverteringer Jeg har trygt kunne ligge ansvaret i h\u00e6nderne hos Waimea, da jeg skulle ud og have lavet en hjemmesidel\u00f8sning. Jeg har f\u00e5et et rigtig flot resultat, og vigtigst af alt, s\u00e5 har jeg kunne m\u00e6rke telefonen har ringet mere. Mine placeringer p\u00e5 Google er blevet bedre, og jeg f\u00e5r nu over 66% af mine kunder fra Google. Waimea har klaret det hele for mig, fra start til slut og vejledet mig godt.\u201d Jadgar Abdulla Ejer, GT Gulve&lt;\/div&gt; &lt;div class=&quot;gca-column one-half first&quot;&gt;&lt;p class=&quot;gform_not_found&quot;&gt;Ups! We kunne ikke finde din formular.&lt;\/p&gt;&lt;\/div&gt; &lt;div class=&quot;gca-column one-half&quot; style=&quot;&quot;padding-top:15px;&quot;&quot;&gt;F\u00e5 et tilbud p\u00e5 en h\u00e5ndv\u00e6rker hjemmeside Udfyld formularen, skriv til os p\u00e5 business@waimea.dk eller ring p\u00e5: 70 22 80 82, s\u00e5 tager vi en uforpligtende snak om, hvordan vi kan lave din hjemmeside, s\u00e5 du kan f\u00e5 endnu flere kunder i din virksomhed.&lt;\/div&gt;\" width=\"150\" height=\"150\" srcset=\"https:\/\/www.waimea.dk\/business\/wp-content\/uploads\/2017\/08\/klip-udtalelser-GT-gulde-150x150.png 150w, https:\/\/www.waimea.dk\/business\/wp-content\/uploads\/2017\/08\/klip-udtalelser-GT-gulde-100x100.png 100w, https:\/\/www.waimea.dk\/business\/wp-content\/uploads\/2017\/08\/klip-udtalelser-GT-gulde-600x600.png 600w, https:\/\/www.waimea.dk\/business\/wp-content\/uploads\/2017\/08\/klip-udtalelser-GT-gulde-300x300.png 300w, https:\/\/www.waimea.dk\/business\/wp-content\/uploads\/2017\/08\/klip-udtalelser-GT-gulde-768x768.png 768w, https:\/\/www.waimea.dk\/business\/wp-content\/uploads\/2017\/08\/klip-udtalelser-GT-gulde-60x60.png 60w, https:\/\/www.waimea.dk\/business\/wp-content\/uploads\/2017\/08\/klip-udtalelser-GT-gulde.png 1000w\" sizes=\"(max-width: 150px) 100vw, 150px\" \/>Waimea klarer det hele for mig<\/h4>\n<p>Jeg har trygt kunne ligge ansvaret i h\u00e6nderne hos Waimea, da jeg skulle ud og have lavet en hjemmesidel\u00f8sning. Jeg har f\u00e5et et rigtig flot resultat, og vigtigst af alt, s\u00e5 har jeg kunne m\u00e6rke telefonen har ringet mere.<\/p>\n<p>Mine placeringer p\u00e5 Google er blevet bedre, og jeg f\u00e5r nu over 66% af mine kunder fra Google. Waimea har klaret det hele for mig, fra start til slut og vejledet mig godt.<\/p>\n<p><strong>Jadgar Abdulla<\/strong><br \/>\nEjer, <a href=\"https:\/\/www.gtgulve.dk\/\" target=\"_blank\" rel=\"noopener\">GT Gulve<\/a><\/p><\/div>\n<hr \/>\n<div class=\"gca-column one-half first\">\n                <div class='gf_browser_gecko gform_wrapper' id='gform_wrapper_16' ><div id='gf_16' class='gform_anchor' tabindex='-1'><\/div><form method='post' enctype='multipart\/form-data'  id='gform_16'  action='\/business\/wp-json\/wp\/v2\/pages\/7697#gf_16'>\n                        <div class='gform_body'><ul id='gform_fields_16' class='gform_fields top_label form_sublabel_below description_below'><li id='field_16_1'  class='gfield gfield_contains_required field_sublabel_below field_description_below gfield_visibility_visible' ><label class='gfield_label' for='input_16_1' >Navn *<span class='gfield_required'>*<\/span><\/label><div class='ginput_container ginput_container_text'><input name='input_1' id='input_16_1' type='text' value='' class='large'    placeholder='Navn *' aria-required=\"true\" aria-invalid=\"false\" \/><\/div><\/li><li id='field_16_2'  class='gfield gfield_contains_required field_sublabel_below field_description_below gfield_visibility_visible' ><label class='gfield_label' for='input_16_2' >Firma<span class='gfield_required'>*<\/span><\/label><div class='ginput_container ginput_container_text'><input name='input_2' id='input_16_2' type='text' value='' class='large'    placeholder='Firma *' aria-required=\"true\" aria-invalid=\"false\" \/><\/div><\/li><li id='field_16_3'  class='gfield gfield_contains_required field_sublabel_below field_description_below gfield_visibility_visible' ><label class='gfield_label' for='input_16_3' >E-mail<span class='gfield_required'>*<\/span><\/label><div class='ginput_container ginput_container_email'>\n                            <input name='input_3' id='input_16_3' type='email' value='' class='large'   placeholder='E-mail *' aria-required=\"true\" aria-invalid=\"false\" \/>\n                        <\/div><\/li><li id='field_16_4'  class='gfield field_sublabel_below field_description_below gfield_visibility_visible' ><label class='gfield_label' for='input_16_4' >Telefon<\/label><div class='ginput_container ginput_container_phone'><input name='input_4' id='input_16_4' type='tel' value='' class='large'  placeholder='Telefon'  aria-invalid=\"false\"  \/><\/div><\/li><li id='field_16_5'  class='gfield gform_validation_container field_sublabel_below field_description_below gfield_visibility_visible' ><label class='gfield_label' for='input_16_5' >Phone<\/label><div class='ginput_container'><input name='input_5' id='input_16_5' type='text' value='' autocomplete='off'\/><\/div><div class='gfield_description' id='gfield_description_16_5'>Dette felt er til validering og b\u00f8r ikke \u00e6ndres.<\/div><\/li>\n                            <\/ul><\/div>\n        <div class='gform_footer top_label'> <input type='submit' id='gform_submit_button_16' class='gform_button button' value='Kontakt mig'  onclick='if(window[\"gf_submitting_16\"]){return false;}  if( !jQuery(\"#gform_16\")[0].checkValidity || jQuery(\"#gform_16\")[0].checkValidity()){window[\"gf_submitting_16\"]=true;}  ' onkeypress='if( event.keyCode == 13 ){ if(window[\"gf_submitting_16\"]){return false;} if( !jQuery(\"#gform_16\")[0].checkValidity || jQuery(\"#gform_16\")[0].checkValidity()){window[\"gf_submitting_16\"]=true;}  jQuery(\"#gform_16\").trigger(\"submit\",[true]); }' \/> \n            <input type='hidden' class='gform_hidden' name='is_submit_16' value='1' \/>\n            <input type='hidden' class='gform_hidden' name='gform_submit' value='16' \/>\n            \n            <input type='hidden' class='gform_hidden' name='gform_unique_id' value='' \/>\n            <input type='hidden' class='gform_hidden' name='state_16' value='WyJbXSIsIjU1MmI2OWIwYWRhMDkxMmZlMmYzYTk1ZmUyNzA3NTM3Il0=' \/>\n            <input type='hidden' class='gform_hidden' name='gform_target_page_number_16' id='gform_target_page_number_16' value='0' \/>\n            <input type='hidden' class='gform_hidden' name='gform_source_page_number_16' id='gform_source_page_number_16' value='1' \/>\n            <input type='hidden' name='gform_field_values' value='' \/>\n            \n        <\/div>\n                        <\/form>\n                        <\/div><\/div>\n<div class=\"gca-column one-half\" style=\"padding-top:15px;\"><h3>F\u00e5 et tilbud p\u00e5 en h\u00e5ndv\u00e6rker hjemmeside<\/h3>\n<p>Udfyld formularen, skriv til os p\u00e5 <a href=\"mailto:business@waimea.dk\">business@waimea.dk<\/a> eller ring p\u00e5: 70 22 80 82, s\u00e5 tager vi en uforpligtende snak om, hvordan vi kan lave din hjemmeside, s\u00e5 du kan f\u00e5 endnu flere kunder i din virksomhed.<\/p><\/div>\n","protected":false},"excerpt":{"rendered":"<p>Hvad siger andre h\u00e5ndv\u00e6rkere om deres Waimea Business hjemmeside? &nbsp;<\/p>\n","protected":false},"author":1,"featured_media":0,"parent":0,"menu_order":0,"comment_status":"closed","ping_status":"closed","template":"page_wb_landing.php","meta":{"_genesis_hide_title":false,"_genesis_hide_breadcrumbs":false,"_genesis_hide_singular_image":false,"_genesis_hide_footer_widgets":false,"_genesis_custom_body_class":"","_genesis_custom_post_class":"","_genesis_layout":""},"featured_image_src":null,"featured_image_src_square":null,"_links":{"self":[{"href":"https:\/\/www.waimea.dk\/business\/wp-json\/wp\/v2\/pages\/7697"}],"collection":[{"href":"https:\/\/www.waimea.dk\/business\/wp-json\/wp\/v2\/pages"}],"about":[{"href":"https:\/\/www.waimea.dk\/business\/wp-json\/wp\/v2\/types\/page"}],"author":[{"embeddable":true,"href":"https:\/\/www.waimea.dk\/business\/wp-json\/wp\/v2\/users\/1"}],"replies":[{"embeddable":true,"href":"https:\/\/www.waimea.dk\/business\/wp-json\/wp\/v2\/comments?post=7697"}],"version-history":[{"count":5,"href":"https:\/\/www.waimea.dk\/business\/wp-json\/wp\/v2\/pages\/7697\/revisions"}],"predecessor-version":[{"id":7827,"href":"https:\/\/www.waimea.dk\/business\/wp-json\/wp\/v2\/pages\/7697\/revisions\/7827"}],"wp:attachment":[{"href":"https:\/\/www.waimea.dk\/business\/wp-json\/wp\/v2\/media?parent=7697"}],"curies":[{"name":"wp","href":"https:\/\/api.w.org\/{rel}","templated":true}]}}