{"id":7466,"date":"2017-03-06T08:52:38","date_gmt":"2017-03-06T07:52:38","guid":{"rendered":"https:\/\/www.waimea.dk\/business\/?page_id=7466"},"modified":"2017-03-12T15:01:02","modified_gmt":"2017-03-12T14:01:02","slug":"waimea-business-client-center","status":"publish","type":"page","link":"https:\/\/www.waimea.dk\/business\/samlet-webloesning\/waimea-business-client-center","title":{"rendered":"Waimea Business Client Center"},"content":{"rendered":"<p>N\u00e5r du k\u00f8ber en Waimea Business l\u00f8sning f\u00e5r du adgang til dit eget, personline og passwordbeskyttede Client Center. Her kan du f\u00f8lge med i udviklingen p\u00e5 din hjemmeside og bl.a. se, hvor meget trafik du f\u00e5r, fra hvilke kilder, hvilke keywords du ranker p\u00e5 og hvor mange henvendelser du f\u00e5r.<\/p>\n<h3>Samlet overblik<\/h3>\n<p>N\u00e5r du logger ind i dit Client Center f\u00e5r du en samlet side, der viser alle de vigtigste\u00a0tal<\/p>\n<p><img loading=\"lazy\" class=\"alignnone size-large wp-image-7475\" src=\"https:\/\/www.waimea.dk\/business\/wp-content\/uploads\/2017\/03\/Client-Center-845x1024.jpg\" alt=\"Waimea Business Client Center\" width=\"845\" height=\"1024\" srcset=\"https:\/\/www.waimea.dk\/business\/wp-content\/uploads\/2017\/03\/Client-Center-845x1024.jpg 845w, https:\/\/www.waimea.dk\/business\/wp-content\/uploads\/2017\/03\/Client-Center-600x727.jpg 600w, https:\/\/www.waimea.dk\/business\/wp-content\/uploads\/2017\/03\/Client-Center-248x300.jpg 248w, https:\/\/www.waimea.dk\/business\/wp-content\/uploads\/2017\/03\/Client-Center-768x930.jpg 768w, https:\/\/www.waimea.dk\/business\/wp-content\/uploads\/2017\/03\/Client-Center-50x60.jpg 50w\" sizes=\"(max-width: 845px) 100vw, 845px\" \/><\/p>\n","protected":false},"excerpt":{"rendered":"<p>N\u00e5r du k\u00f8ber en Waimea Business l\u00f8sning f\u00e5r du adgang til dit eget, personline og passwordbeskyttede Client Center. Her kan du f\u00f8lge med i udviklingen p\u00e5 din hjemmeside og bl.a. se, hvor meget trafik du f\u00e5r, fra hvilke kilder, hvilke keywords du ranker p\u00e5 og hvor mange henvendelser du f\u00e5r. Samlet overblik N\u00e5r du logger [&hellip;]<\/p>\n","protected":false},"author":2,"featured_media":0,"parent":3176,"menu_order":0,"comment_status":"closed","ping_status":"closed","template":"","meta":{"_genesis_hide_title":false,"_genesis_hide_breadcrumbs":false,"_genesis_hide_singular_image":false,"_genesis_hide_footer_widgets":false,"_genesis_custom_body_class":"","_genesis_custom_post_class":"","_genesis_layout":""},"featured_image_src":null,"featured_image_src_square":null,"_links":{"self":[{"href":"https:\/\/www.waimea.dk\/business\/wp-json\/wp\/v2\/pages\/7466"}],"collection":[{"href":"https:\/\/www.waimea.dk\/business\/wp-json\/wp\/v2\/pages"}],"about":[{"href":"https:\/\/www.waimea.dk\/business\/wp-json\/wp\/v2\/types\/page"}],"author":[{"embeddable":true,"href":"https:\/\/www.waimea.dk\/business\/wp-json\/wp\/v2\/users\/2"}],"replies":[{"embeddable":true,"href":"https:\/\/www.waimea.dk\/business\/wp-json\/wp\/v2\/comments?post=7466"}],"version-history":[{"count":3,"href":"https:\/\/www.waimea.dk\/business\/wp-json\/wp\/v2\/pages\/7466\/revisions"}],"predecessor-version":[{"id":7476,"href":"https:\/\/www.waimea.dk\/business\/wp-json\/wp\/v2\/pages\/7466\/revisions\/7476"}],"up":[{"embeddable":true,"href":"https:\/\/www.waimea.dk\/business\/wp-json\/wp\/v2\/pages\/3176"}],"wp:attachment":[{"href":"https:\/\/www.waimea.dk\/business\/wp-json\/wp\/v2\/media?parent=7466"}],"curies":[{"name":"wp","href":"https:\/\/api.w.org\/{rel}","templated":true}]}}