{"id":6826,"date":"2016-11-14T12:50:01","date_gmt":"2016-11-14T11:50:01","guid":{"rendered":"https:\/\/www.waimea.dk\/business\/?page_id=6826"},"modified":"2016-12-12T09:28:30","modified_gmt":"2016-12-12T08:28:30","slug":"cases","status":"publish","type":"page","link":"https:\/\/www.waimea.dk\/business\/cases","title":{"rendered":"Waimea Business Hjemmeside Cases"},"content":{"rendered":"<p>Nedenfor\u00a0har vi samlet links til et par\u00a0gode eksempler\u00a0p\u00e5\u00a0Waimea Business kunder. Her kan du l\u00e6se lidt om baggrund for, at de \u00f8nskede en ny hjemmeside og hvorfor valget faldt p\u00e5 lige netop Waimea Business.<\/p>\n<h4>Waimea Business Cases:<\/h4>\n","protected":false},"excerpt":{"rendered":"<p>Nedenfor\u00a0har vi samlet links til et par\u00a0gode eksempler\u00a0p\u00e5\u00a0Waimea Business kunder. Her kan du l\u00e6se lidt om baggrund for, at de \u00f8nskede en ny hjemmeside og hvorfor valget faldt p\u00e5 lige netop Waimea Business. Waimea Business Cases:<\/p>\n","protected":false},"author":2,"featured_media":0,"parent":0,"menu_order":0,"comment_status":"closed","ping_status":"closed","template":"page_cases.php","meta":{"_genesis_hide_title":false,"_genesis_hide_breadcrumbs":false,"_genesis_hide_singular_image":false,"_genesis_hide_footer_widgets":false,"_genesis_custom_body_class":"","_genesis_custom_post_class":"","_genesis_layout":""},"featured_image_src":null,"featured_image_src_square":null,"_links":{"self":[{"href":"https:\/\/www.waimea.dk\/business\/wp-json\/wp\/v2\/pages\/6826"}],"collection":[{"href":"https:\/\/www.waimea.dk\/business\/wp-json\/wp\/v2\/pages"}],"about":[{"href":"https:\/\/www.waimea.dk\/business\/wp-json\/wp\/v2\/types\/page"}],"author":[{"embeddable":true,"href":"https:\/\/www.waimea.dk\/business\/wp-json\/wp\/v2\/users\/2"}],"replies":[{"embeddable":true,"href":"https:\/\/www.waimea.dk\/business\/wp-json\/wp\/v2\/comments?post=6826"}],"version-history":[{"count":4,"href":"https:\/\/www.waimea.dk\/business\/wp-json\/wp\/v2\/pages\/6826\/revisions"}],"predecessor-version":[{"id":7370,"href":"https:\/\/www.waimea.dk\/business\/wp-json\/wp\/v2\/pages\/6826\/revisions\/7370"}],"wp:attachment":[{"href":"https:\/\/www.waimea.dk\/business\/wp-json\/wp\/v2\/media?parent=6826"}],"curies":[{"name":"wp","href":"https:\/\/api.w.org\/{rel}","templated":true}]}}