{"id":5840,"date":"2016-08-18T08:22:13","date_gmt":"2016-08-18T07:22:13","guid":{"rendered":"https:\/\/www.waimea.dk\/?page_id=5840"},"modified":"2022-02-03T11:22:20","modified_gmt":"2022-02-03T10:22:20","slug":"download","status":"publish","type":"page","link":"https:\/\/www.waimea.dk\/business\/support\/download","title":{"rendered":"Waimea Business gratis downloads"},"content":{"rendered":"<p>Nedenfor finder du links til download af de dokumenter og e-b\u00f8ger, som vi gratis stiller til r\u00e5dighed for nye og kommende Waimea Business kunder. Hvis du har sp\u00f8rgsm\u00e5l eller kommentarer til dem er du meget velkommen til at skrive p\u00e5 <a href=\"mailto:business@waimea.dk\">business@waimea.dk<\/a> eller ringe p\u00e5 70 22 80 82<\/p>\n<hr>\n<h3><img loading=\"lazy\" class=\"alignleft size-full wp-image-7081\" src=\"https:\/\/www.waimea.dk\/business\/wp-content\/uploads\/2016\/11\/PDF-download-icon-125px.jpg\" alt=\"Download PDF\" width=\"97\" height=\"125\" srcset=\"https:\/\/www.waimea.dk\/business\/wp-content\/uploads\/2016\/11\/PDF-download-icon-125px.jpg 97w, https:\/\/www.waimea.dk\/business\/wp-content\/uploads\/2016\/11\/PDF-download-icon-125px-47x60.jpg 47w\" sizes=\"(max-width: 97px) 100vw, 97px\" \/><a href=\"\/wp-content\/uploads\/2017\/04\/Kom-godt-igang-med-Waimea-Business-V1.3.pdf\" target=\"_blank\" rel=\"noopener noreferrer\">Kom godt igang med Waimea Business<\/a><\/h3>\n<p>En guide til dig der har k\u00f8bt, eller overvejer at k\u00f8be en Waimea Business hjemmeside<br>\n<a href=\"\/wp-content\/uploads\/2017\/04\/Kom-godt-igang-med-Waimea-Business-V1.3.pdf\" target=\"_blank\" rel=\"noopener noreferrer\">Klik her for download af e-bogen<\/a>&nbsp;(1,4 MB)<\/p>\n<hr>\n<h3><img loading=\"lazy\" class=\"alignleft size-full wp-image-7081\" src=\"https:\/\/www.waimea.dk\/business\/wp-content\/uploads\/2016\/11\/PDF-download-icon-125px.jpg\" alt=\"Download PDF\" width=\"97\" height=\"125\" srcset=\"https:\/\/www.waimea.dk\/business\/wp-content\/uploads\/2016\/11\/PDF-download-icon-125px.jpg 97w, https:\/\/www.waimea.dk\/business\/wp-content\/uploads\/2016\/11\/PDF-download-icon-125px-47x60.jpg 47w\" sizes=\"(max-width: 97px) 100vw, 97px\" \/><a href=\"\/business\/wp-content\/uploads\/2016\/12\/Blogging-Guide-Waimea-Business-version-1.1.pdf\" target=\"_blank\" rel=\"noopener noreferrer\">S\u00e5dan blogger du p\u00e5 Waimea Business<\/a><\/h3>\n<p>En guide til dig der har inkluderet muligheden for blogging p\u00e5 din Waimea Business l\u00f8sning<br>\n<a href=\"\/business\/wp-content\/uploads\/2016\/12\/Blogging-Guide-Waimea-Business-version-1.1.pdf\" target=\"_blank\" rel=\"noopener noreferrer\">Klik her for download af e-bogen<\/a>&nbsp;(2,1. MB)<\/p>\n<hr>\n<h3><img loading=\"lazy\" class=\"alignleft size-full wp-image-7081\" src=\"https:\/\/www.waimea.dk\/business\/wp-content\/uploads\/2016\/11\/PDF-download-icon-125px.jpg\" alt=\"Download PDF\" width=\"97\" height=\"125\" srcset=\"https:\/\/www.waimea.dk\/business\/wp-content\/uploads\/2016\/11\/PDF-download-icon-125px.jpg 97w, https:\/\/www.waimea.dk\/business\/wp-content\/uploads\/2016\/11\/PDF-download-icon-125px-47x60.jpg 47w\" sizes=\"(max-width: 97px) 100vw, 97px\" \/><a href=\"\/business\/wp-content\/uploads\/2018\/07\/saadan-flytter-du-vaek-fra-waimea-business-version-1-2.pdf\">S\u00e5dan flytter du v\u00e6k fra Waimea Business<\/a><\/h3>\n<p>En guide til dig som overvejer at flytte din hjemmeside v\u00e6k fra Waimea Business, eller som inden du k\u00f8ber en l\u00f8sning, gerne vil vide hvad der sker hvis du \u00f8nsker at flytte<br>\n<a href=\"\/business\/wp-content\/uploads\/2018\/07\/saadan-flytter-du-vaek-fra-waimea-business-version-1-2.pdf\">Klik her for at downloade e-bogen<\/a> (0,5 MB)<\/p>\n\n\n<p><\/p>\n","protected":false},"excerpt":{"rendered":"<p>Nedenfor finder du links til download af de dokumenter og e-b\u00f8ger, som vi gratis stiller til r\u00e5dighed for nye og kommende Waimea Business kunder. Hvis du har sp\u00f8rgsm\u00e5l eller kommentarer til dem er du meget velkommen til at skrive p\u00e5 business@waimea.dk eller ringe p\u00e5 70 22 80 82 Kom godt igang med Waimea Business En [&hellip;]<\/p>\n","protected":false},"author":2,"featured_media":0,"parent":7224,"menu_order":0,"comment_status":"closed","ping_status":"closed","template":"","meta":{"_genesis_hide_title":false,"_genesis_hide_breadcrumbs":false,"_genesis_hide_singular_image":false,"_genesis_hide_footer_widgets":false,"_genesis_custom_body_class":"","_genesis_custom_post_class":"","_genesis_layout":""},"featured_image_src":null,"featured_image_src_square":null,"_links":{"self":[{"href":"https:\/\/www.waimea.dk\/business\/wp-json\/wp\/v2\/pages\/5840"}],"collection":[{"href":"https:\/\/www.waimea.dk\/business\/wp-json\/wp\/v2\/pages"}],"about":[{"href":"https:\/\/www.waimea.dk\/business\/wp-json\/wp\/v2\/types\/page"}],"author":[{"embeddable":true,"href":"https:\/\/www.waimea.dk\/business\/wp-json\/wp\/v2\/users\/2"}],"replies":[{"embeddable":true,"href":"https:\/\/www.waimea.dk\/business\/wp-json\/wp\/v2\/comments?post=5840"}],"version-history":[{"count":6,"href":"https:\/\/www.waimea.dk\/business\/wp-json\/wp\/v2\/pages\/5840\/revisions"}],"predecessor-version":[{"id":9959,"href":"https:\/\/www.waimea.dk\/business\/wp-json\/wp\/v2\/pages\/5840\/revisions\/9959"}],"up":[{"embeddable":true,"href":"https:\/\/www.waimea.dk\/business\/wp-json\/wp\/v2\/pages\/7224"}],"wp:attachment":[{"href":"https:\/\/www.waimea.dk\/business\/wp-json\/wp\/v2\/media?parent=5840"}],"curies":[{"name":"wp","href":"https:\/\/api.w.org\/{rel}","templated":true}]}}