{"id":3992,"date":"2016-04-04T18:53:17","date_gmt":"2016-04-04T17:53:17","guid":{"rendered":"https:\/\/www.waimea.dk\/?page_id=3992"},"modified":"2016-12-12T10:04:44","modified_gmt":"2016-12-12T09:04:44","slug":"lambaek-services","status":"publish","type":"page","link":"https:\/\/www.waimea.dk\/business\/cases\/lambaek-services","title":{"rendered":"Lamb\u00e6k Services &#8211; nyt firma og website"},"content":{"rendered":"<p><strong>S\u00f8ren Lamb\u00e6k\u00a0har mange \u00e5rs erfaring som specialiseret smed indenfor bl.a. industri, off-shore og installationer hos private. Da han valgte at starte op med egen virksomhed skulle han bruge en god hjemmeside.\u00a0<\/strong><\/p>\n<p><img loading=\"lazy\" class=\"alignnone size-large wp-image-7379\" src=\"https:\/\/www.waimea.dk\/business\/wp-content\/uploads\/2016\/04\/case-lambaek-large-1024x656.jpg\" alt=\"Lamb\u00e6k Services\" width=\"1024\" height=\"656\" srcset=\"https:\/\/www.waimea.dk\/business\/wp-content\/uploads\/2016\/04\/case-lambaek-large-1024x656.jpg 1024w, https:\/\/www.waimea.dk\/business\/wp-content\/uploads\/2016\/04\/case-lambaek-large-600x384.jpg 600w, https:\/\/www.waimea.dk\/business\/wp-content\/uploads\/2016\/04\/case-lambaek-large-300x192.jpg 300w, https:\/\/www.waimea.dk\/business\/wp-content\/uploads\/2016\/04\/case-lambaek-large-768x492.jpg 768w, https:\/\/www.waimea.dk\/business\/wp-content\/uploads\/2016\/04\/case-lambaek-large-94x60.jpg 94w, https:\/\/www.waimea.dk\/business\/wp-content\/uploads\/2016\/04\/case-lambaek-large.jpg 1473w\" sizes=\"(max-width: 1024px) 100vw, 1024px\" \/><\/p>\n<p><a href=\"http:\/\/www.lambaek-services.dk\" target=\"_blank\">Se Lamb\u00e6k Services hjemmeside her<\/a><\/p>\n<p>S\u00f8ren har mange \u00e5rs erfaring i branchen og er kendt for sit gode h\u00e5ndv\u00e6rk og service. Alligevel var han bevidst om, at han skulle have en hjemmeside, da han \u00e5bnede sin nye forretning.<\/p>\n<p>I gamle dage skulle man, som virksomhed, have et visitkort og en optagelse i De Gule Sider. I dag er det et website, der kan findes i Google, som alle har brug for.<\/p>\n<h3>Lamb\u00e6k Services\u00a0\u00f8nsker til hjemmesiden<\/h3>\n<p>S\u00f8ren Lamb\u00e6k \u00f8nskede en simpel hjemmeside, som kunne pr\u00e6sentere hans virksomhed p\u00e5 en brugervenlig, trov\u00e6rdig og tillidsv\u00e6kkende\u00a0m\u00e5de. Fokus skulle v\u00e6re p\u00e5, at g\u00f8re det\u00a0let at finde\u00a0ham i Google, l\u00e6se om hans services og se kontaktinformationer mv.. Et st\u00e6rkt online visitkort. Men ikke mere end det.<\/p>\n<p>Lamb\u00e6k Services har ikke brug for, at give de bes\u00f8gende en stor\u00a0multimedieoplevelse. Det er ikke derfor de kommer p\u00e5 bes\u00f8g. De\u00a0har brug for en brugervenlig hjemmeside der virker, s\u00e5 de hurtigt kan se om S\u00f8ren kan l\u00f8se deres opgave &#8211; og s\u00e5 kontakte ham.<\/p>\n<p>Som mange andre h\u00e5ndv\u00e6rkere var det ogs\u00e5 vigtigt for S\u00f8ren, at han ikke skulle belastes med en masse arbejde\u00a0i opbygningen eller den efterf\u00f8lgende vedligeholdelse af hjemmesiden. Det har han\u00a0hverken tid eller lyst til.<\/p>\n<p>Den nye hjemmeside skulle naturligvis fungere godt\u00a0p\u00e5 mobiltelefoner, v\u00e6re hurtig, se godt ud p\u00e5 Facebook og Twitter og ikke mindst v\u00e6re mulig, at finde i Google de vigtigste s\u00f8geord.<\/p>\n<p>Waimea hjalp med at finde frem til de rigtige s\u00f8geord og hvilke undersider der skulle laves, skrev de f\u00e6rdige tekster s\u00e5 det eneste S\u00f8ren skulle g\u00f8re var, at skulle godkende det flotte\u00a0resultat.<\/p>\n<p>S\u00f8ren var heldigvis bevidst om, at en hjemmeside i sig selv ikke er noget v\u00e6rd &#8211; der skal ogs\u00e5 noget ordentligt indhold til, optimeret til konverteringer, samt markedsf\u00f8ring, s\u00e5 der er nogle der ser den. Med Waimea Business fik han en l\u00f8sning til en fast m\u00e5nedlig pris, s\u00e5 der ikke dukker overraskelser op.<\/p>\n<h3>Udvikling af den nye hjemmeside<\/h3>\n<p>Hjemmeisden er opbygget omkring de 3 k\u00e6rneomr\u00e5der, som Lamb\u00e6k Services\u00a0er s\u00e6rligt st\u00e6rke p\u00e5. Emnerne\u00a0hjalp SEO-r\u00e5dgiverne p\u00e5 Waimea med at definere ud fra research af m\u00e5lgruppes s\u00f8geadf\u00e6rd.<\/p>\n<p>Waimea foreslog S\u00f8ren et design, som p\u00e5 en enkel og elegant m\u00e5de pr\u00e6senterer virksomheden. Designet og siderne blev tilpasset de \u00f8nsker der var, indholdet blev skrevet, billeder fundet frem og siderne sat op og justeret, s\u00e5 de fremst\u00e5r\u00a0l\u00e6kkert og indbydende.<\/p>\n<p>Det f\u00e6rdige resultat er en flot, meget\u00a0hurtig, mobilvenlig og enkel hjemmeside, som er let at finde rundt p\u00e5 og hvor alle meget let, uanset hvor p\u00e5 hjemmesiden de er, kan se kontaktinformationer. Det giver flere henvendelser fra potentielle kunder.<\/p>\n<h3>Markedsf\u00f8ring af hjemmesiden<\/h3>\n<p>SEO &#8211; almindelig s\u00f8gemaskineoptimering, er inkluderet i Waimea Business og er et meget centralt element i alle l\u00f8sninger. Det er vigtigt, at dine potentielle kunder\u00a0kan finde din virksomhed i Google.<\/p>\n<p>Men SEO tager tid. Man kommer ikke normalt\u00a0til tops i Google f\u00f8r der er g\u00e5et 6-12 m\u00e5neder. I den tid &#8211; og m\u00e5ske ogs\u00e5 bagefter, kan det derfor v\u00e6re en god ide at supplere med bl.a. Google AdWords annoncer.<\/p>\n<p>S\u00f8ren har valgte i f\u00f8rste omgang at afs\u00e6tte 1.000 kr. om m\u00e5neden til Google AdWords. Det er et klogt valg, der sikrer bes\u00f8g p\u00e5 den nye hjemmeside, fra potentielle kunder, allerede fra f\u00f8rste dag.<\/p>\n<h3>Pris for hjemmesiden<\/h3>\n<p>Lamb\u00e6k Services\u00a0valgte en Waimea Business standard l\u00f8sning. Prisen for oprettelse var derfor kun 4.995 kr. og herefter 1.995 kr. om m\u00e5neden alt inklusiv.<\/p>\n<h3>Overvejer du selv en ny hjemmeside?<\/h3>\n<p>Udfyld nedenst\u00e5ende formular, s\u00e5 kontakter vi dig med et helt uforpligtende tilbud<\/p>\n\n                <div class='gf_browser_gecko gform_wrapper' id='gform_wrapper_9' ><div id='gf_9' class='gform_anchor' tabindex='-1'><\/div><form method='post' enctype='multipart\/form-data' target='gform_ajax_frame_9' id='gform_9'  action='\/business\/wp-json\/wp\/v2\/pages\/3992#gf_9'>\n                        <div class='gform_body'><ul id='gform_fields_9' class='gform_fields top_label form_sublabel_below description_below'><li id='field_9_8'  class='gfield gfield_contains_required field_sublabel_below field_description_below gfield_visibility_visible' ><label class='gfield_label' for='input_9_8' >Navn<span class='gfield_required'>*<\/span><\/label><div class='ginput_container ginput_container_text'><input name='input_8' id='input_9_8' type='text' value='' class='large'    placeholder='Navn' aria-required=\"true\" aria-invalid=\"false\" \/><\/div><\/li><li id='field_9_5'  class='gfield field_sublabel_below field_description_below gfield_visibility_visible' ><label class='gfield_label' for='input_9_5' >Firmanavn<\/label><div class='ginput_container ginput_container_text'><input name='input_5' id='input_9_5' type='text' value='' class='large'    placeholder='Firmanavn'  aria-invalid=\"false\" \/><\/div><\/li><li id='field_9_2'  class='gfield gf_left_half gfield_contains_required field_sublabel_below field_description_below gfield_visibility_visible' ><label class='gfield_label' for='input_9_2' >Email<span class='gfield_required'>*<\/span><\/label><div class='ginput_container ginput_container_email'>\n                            <input name='input_2' id='input_9_2' type='email' value='' class='medium'   placeholder='Email' aria-required=\"true\" aria-invalid=\"false\" \/>\n                        <\/div><\/li><li id='field_9_6'  class='gfield gf_right_half field_sublabel_below field_description_below gfield_visibility_visible' ><label class='gfield_label' for='input_9_6' >Telefon<\/label><div class='ginput_container ginput_container_text'><input name='input_6' id='input_9_6' type='text' value='' class='medium'    placeholder='Telefon'  aria-invalid=\"false\" \/><\/div><\/li><li id='field_9_4'  class='gfield field_sublabel_below field_description_below gfield_visibility_visible' ><label class='gfield_label' for='input_9_4' >Besked<\/label><div class='ginput_container ginput_container_textarea'><textarea name='input_4' id='input_9_4' class='textarea medium'    placeholder='Besked'  aria-invalid=\"false\"   rows='10' cols='50'><\/textarea><\/div><\/li><li id='field_9_9'  class='gfield gfield_contains_required field_sublabel_below field_description_below gfield_visibility_visible' ><label class='gfield_label'  ><span class='gfield_required'>*<\/span><\/label><div class='ginput_container ginput_container_checkbox'><ul class='gfield_checkbox' id='input_9_9'><li class='gchoice_9_9_1'>\n\t\t\t\t\t\t\t\t<input name='input_9.1' type='checkbox'  value='add_waimea_gdpr'  id='choice_9_9_1'   \/>\n\t\t\t\t\t\t\t\t<label for='choice_9_9_1' id='label_9_9_1'>add_waimea_gdpr<\/label>\n\t\t\t\t\t\t\t<\/li><\/ul><\/div><\/li><li id='field_9_10'  class='gfield gform_validation_container field_sublabel_below field_description_below gfield_visibility_visible' ><label class='gfield_label' for='input_9_10' >Comments<\/label><div class='ginput_container'><input name='input_10' id='input_9_10' type='text' value='' autocomplete='off'\/><\/div><div class='gfield_description' id='gfield_description_9_10'>Dette felt er til validering og b\u00f8r ikke \u00e6ndres.<\/div><\/li>\n                            <\/ul><\/div>\n        <div class='gform_footer top_label'> <input type='submit' id='gform_submit_button_9' class='gform_button button' value='Send besked'  onclick='if(window[\"gf_submitting_9\"]){return false;}  if( !jQuery(\"#gform_9\")[0].checkValidity || jQuery(\"#gform_9\")[0].checkValidity()){window[\"gf_submitting_9\"]=true;}  ' onkeypress='if( event.keyCode == 13 ){ if(window[\"gf_submitting_9\"]){return false;} if( !jQuery(\"#gform_9\")[0].checkValidity || jQuery(\"#gform_9\")[0].checkValidity()){window[\"gf_submitting_9\"]=true;}  jQuery(\"#gform_9\").trigger(\"submit\",[true]); }' \/> <input type='hidden' name='gform_ajax' value='form_id=9&amp;title=&amp;description=&amp;tabindex=0' \/>\n            <input type='hidden' class='gform_hidden' name='is_submit_9' value='1' \/>\n            <input type='hidden' class='gform_hidden' name='gform_submit' value='9' \/>\n            \n            <input type='hidden' class='gform_hidden' name='gform_unique_id' value='' \/>\n            <input type='hidden' class='gform_hidden' name='state_9' value='WyJbXSIsIjU1MmI2OWIwYWRhMDkxMmZlMmYzYTk1ZmUyNzA3NTM3Il0=' \/>\n            <input type='hidden' class='gform_hidden' name='gform_target_page_number_9' id='gform_target_page_number_9' value='0' \/>\n            <input type='hidden' class='gform_hidden' name='gform_source_page_number_9' id='gform_source_page_number_9' value='1' \/>\n            <input type='hidden' name='gform_field_values' value='' \/>\n            \n        <\/div>\n                        <\/form>\n                        <\/div>\n                <iframe style='display:none;width:0px;height:0px;' src='about:blank' name='gform_ajax_frame_9' id='gform_ajax_frame_9' title='Denne iframe indeholder logikken, der er kr\u00e6vet for at h\u00e5ndtere Gravity Formularer, der bruger Ajax.'><\/iframe>\n                <script type='text\/javascript'>document.addEventListener( \"DOMContentLoaded\", function() { jQuery(document).ready(function($){gformInitSpinner( 9, 'https:\/\/www.waimea.dk\/business\/wp-content\/plugins\/gravityforms\/images\/spinner.gif' );jQuery('#gform_ajax_frame_9').on('load',function(){var contents = jQuery(this).contents().find('*').html();var is_postback = contents.indexOf('GF_AJAX_POSTBACK') >= 0;if(!is_postback){return;}var form_content = jQuery(this).contents().find('#gform_wrapper_9');var is_confirmation = jQuery(this).contents().find('#gform_confirmation_wrapper_9').length > 0;var is_redirect = contents.indexOf('gformRedirect(){') >= 0;var is_form = form_content.length > 0 && ! is_redirect && ! is_confirmation;var mt = parseInt(jQuery('html').css('margin-top'), 10) + parseInt(jQuery('body').css('margin-top'), 10) + 100;if(is_form){jQuery('#gform_wrapper_9').html(form_content.html());if(form_content.hasClass('gform_validation_error')){jQuery('#gform_wrapper_9').addClass('gform_validation_error');} else {jQuery('#gform_wrapper_9').removeClass('gform_validation_error');}setTimeout( function() { \/* delay the scroll by 50 milliseconds to fix a bug in chrome *\/ jQuery(document).scrollTop(jQuery('#gform_wrapper_9').offset().top - mt); }, 50 );if(window['gformInitDatepicker']) {gformInitDatepicker();}if(window['gformInitPriceFields']) {gformInitPriceFields();}var current_page = jQuery('#gform_source_page_number_9').val();gformInitSpinner( 9, 'https:\/\/www.waimea.dk\/business\/wp-content\/plugins\/gravityforms\/images\/spinner.gif' );jQuery(document).trigger('gform_page_loaded', [9, current_page]);window['gf_submitting_9'] = false;}else if(!is_redirect){var confirmation_content = jQuery(this).contents().find('.GF_AJAX_POSTBACK').html();if(!confirmation_content){confirmation_content = contents;}setTimeout(function(){jQuery('#gform_wrapper_9').replaceWith(confirmation_content);jQuery(document).scrollTop(jQuery('#gf_9').offset().top - mt);jQuery(document).trigger('gform_confirmation_loaded', [9]);window['gf_submitting_9'] = false;}, 50);}else{jQuery('#gform_9').append(contents);if(window['gformRedirect']) {gformRedirect();}}jQuery(document).trigger('gform_post_render', [9, current_page]);} );} ); }, false );<\/script>\n<h3>Se flere Waimea Business cases:<\/h3>\n","protected":false},"excerpt":{"rendered":"<p>S\u00f8ren Lamb\u00e6k\u00a0har mange \u00e5rs erfaring som specialiseret smed indenfor bl.a. industri, off-shore og installationer hos private. Da han valgte at starte op med egen virksomhed skulle han bruge en god hjemmeside.\u00a0 Se Lamb\u00e6k Services hjemmeside her S\u00f8ren har mange \u00e5rs erfaring i branchen og er kendt for sit gode h\u00e5ndv\u00e6rk og service. Alligevel var han [&hellip;]<\/p>\n","protected":false},"author":2,"featured_media":0,"parent":6826,"menu_order":40,"comment_status":"closed","ping_status":"closed","template":"page_cases.php","meta":{"_genesis_hide_title":false,"_genesis_hide_breadcrumbs":false,"_genesis_hide_singular_image":false,"_genesis_hide_footer_widgets":false,"_genesis_custom_body_class":"","_genesis_custom_post_class":"","_genesis_layout":""},"featured_image_src":null,"featured_image_src_square":null,"_links":{"self":[{"href":"https:\/\/www.waimea.dk\/business\/wp-json\/wp\/v2\/pages\/3992"}],"collection":[{"href":"https:\/\/www.waimea.dk\/business\/wp-json\/wp\/v2\/pages"}],"about":[{"href":"https:\/\/www.waimea.dk\/business\/wp-json\/wp\/v2\/types\/page"}],"author":[{"embeddable":true,"href":"https:\/\/www.waimea.dk\/business\/wp-json\/wp\/v2\/users\/2"}],"replies":[{"embeddable":true,"href":"https:\/\/www.waimea.dk\/business\/wp-json\/wp\/v2\/comments?post=3992"}],"version-history":[{"count":4,"href":"https:\/\/www.waimea.dk\/business\/wp-json\/wp\/v2\/pages\/3992\/revisions"}],"predecessor-version":[{"id":7380,"href":"https:\/\/www.waimea.dk\/business\/wp-json\/wp\/v2\/pages\/3992\/revisions\/7380"}],"up":[{"embeddable":true,"href":"https:\/\/www.waimea.dk\/business\/wp-json\/wp\/v2\/pages\/6826"}],"wp:attachment":[{"href":"https:\/\/www.waimea.dk\/business\/wp-json\/wp\/v2\/media?parent=3992"}],"curies":[{"name":"wp","href":"https:\/\/api.w.org\/{rel}","templated":true}]}}