{"id":3990,"date":"2016-04-04T18:52:35","date_gmt":"2016-04-04T16:52:35","guid":{"rendered":"https:\/\/www.waimea.dk\/?page_id=3990"},"modified":"2016-12-12T09:30:02","modified_gmt":"2016-12-12T08:30:02","slug":"jettes-fodterapi","status":"publish","type":"page","link":"https:\/\/www.waimea.dk\/business\/cases\/jettes-fodterapi","title":{"rendered":"Jettes Fodterapi fik ny flot hjemmeside"},"content":{"rendered":"<p><strong>Jette har i mange \u00e5r arbejdet som fodterapeut og har derfor f\u00e5et opbygget en god base af loyale kunder. Alligevel kunne hun efterh\u00e5nden godt m\u00e6rke behovet for en hjemmeside, men havde hverken tid til, eller forstand p\u00e5 at lave en. Eller tid til at vedligeholde den.\u00a0<\/strong><\/p>\n<p><img loading=\"lazy\" class=\"alignnone size-large wp-image-7257\" src=\"https:\/\/www.waimea.dk\/business\/wp-content\/uploads\/2016\/04\/CASE-Jettes-Fodterapi-1024x640.png\" alt=\"case-jettes-fodterapi\" width=\"1024\" height=\"640\" srcset=\"https:\/\/www.waimea.dk\/business\/wp-content\/uploads\/2016\/04\/CASE-Jettes-Fodterapi-1024x640.png 1024w, https:\/\/www.waimea.dk\/business\/wp-content\/uploads\/2016\/04\/CASE-Jettes-Fodterapi-600x375.png 600w, https:\/\/www.waimea.dk\/business\/wp-content\/uploads\/2016\/04\/CASE-Jettes-Fodterapi-300x188.png 300w, https:\/\/www.waimea.dk\/business\/wp-content\/uploads\/2016\/04\/CASE-Jettes-Fodterapi-768x480.png 768w, https:\/\/www.waimea.dk\/business\/wp-content\/uploads\/2016\/04\/CASE-Jettes-Fodterapi-96x60.png 96w, https:\/\/www.waimea.dk\/business\/wp-content\/uploads\/2016\/04\/CASE-Jettes-Fodterapi.png 1262w\" sizes=\"(max-width: 1024px) 100vw, 1024px\" \/><\/p>\n<p><a href=\"http:\/\/www.jettes-fodterapi.dk\" target=\"_blank\">Se Jettes Fodterapi hjemmeside her<\/a><\/p>\n<h3>Med Waimea Business fik Jette l\u00f8st det hele<\/h3>\n<p>Jette ved godt,\u00a0at det er p\u00e5 Nettet og s\u00e6rlig i Google, at folk i dag s\u00f8ger, n\u00e5r de skal finde en lokal h\u00e5ndv\u00e6rker, revisor, fris\u00f8r eller ja &#8211; en fodterapeut, hvis de ikke lige kender en i forvejen.<\/p>\n<p>Men Jette har den samme udfordring som de fleste andre, lidt mindre virksomheder: Hun har hverken tid til, eller erfaring med, at koordinere et kompliceret web-projekt, med flere involverede parter. Og hun har heller ikke rigtig tid &#8211; eller specielt meget lyst, til at skulle holde hjemmesiden opdateret.<\/p>\n<p>Jette knokler hver dag i klinikken. Om aften skal der tit laves regnskaber eller anden administration. Der er ganske enkelt ikke rigtig noget tid tilbage, at investere i en hjemmeside. Og n\u00e5r det s\u00e5 heller ikke lige er det Jette m\u00e5ske &#8211; som du, synes er det sjoveste i verden, s\u00e5 ryger den nye hjemmeside hurtigt nederst i bunken.<\/p>\n<p>Med en Waimea Business l\u00f8sning slap Jette for alt besv\u00e6ret og kan i stedet for n\u00f8jes med at nyde frugterne af den nye hjemmeside.<\/p>\n<p>Waimea har st\u00e5et for\u00a0hele opbygningen og indholdet, og vil st\u00e5 for den l\u00f8bende vedligeholdelse og markedsf\u00f8ring. Det eneste Jette har skulle g\u00f8re er, at svare p\u00e5 nogle enkle sp\u00f8rgsm\u00e5l og s\u00e5 ellers godkende det endelige resultat.<\/p>\n<h3>Jettes Fodterapi&#8217;s\u00a0\u00f8nsker til hjemmesiden<\/h3>\n<p>Jette\u00a0\u00f8nskede en enkel og elegant\u00a0hjemmeside, som kunne pr\u00e6sentere hendes\u00a0virksomhed p\u00e5 en brugervenlig, trov\u00e6rdig og tillidsv\u00e6kkende\u00a0m\u00e5de. Det var vigtigt for Jette, at hjemmesiden udstr\u00e5lede den samme renhed og ro, som hun pr\u00f8ver at skabe for sine klienter.<\/p>\n<p>Form\u00e5let med hjemmesiden er,\u00a0at g\u00f8re det\u00a0let at finde Jettes Fodterapi\u00a0i Google, l\u00e6se om hendes\u00a0services og se kontaktinformationer mv.. Et flot\u00a0online visitkort.<\/p>\n<p>Den nye hjemmeside skulle naturligvis fungere godt\u00a0p\u00e5 mobiltelefoner og tablets. S\u00e6rligt i Jettes m\u00e5lgruppe er der rigtig mange, som er g\u00e5et helt over til tablet og mobiltelefon &#8211; og n\u00e6sten ikke bruger en &#8220;gammeldags&#8221; kontorcomputer derhjemme mere.<\/p>\n<p>Hjemmesiden skulle ogs\u00e5 v\u00e6re hurtig. Jette ved, som alle os andre godt, at ingen gider at vente p\u00e5 en langsom hjemmeside. Og s\u00e5 skulle den naturligvis v\u00e6re let at finde i Google.<\/p>\n<p>Waimea hjalp med at finde frem til de rigtige s\u00f8geord og hvilke undersider der skulle laves, skrev de f\u00e6rdige tekster s\u00e5 det eneste Jette\u00a0skulle g\u00f8re var, at skulle godkende det flotte\u00a0resultat.<\/p>\n<h3>Udvikling af den nye hjemmeside<\/h3>\n<p>Hjemmeisden er opbygget omkring de services, som Jettes Fodterapi. SEO-r\u00e5dgiverne p\u00e5 Waimea hjalp med at definere de n\u00f8jagtige n\u00f8gleord ud fra research af m\u00e5lgruppes s\u00f8geadf\u00e6rd.<\/p>\n<p>Waimea webdesignere kom med et flot foreslog til et design, som p\u00e5 en enkel og elegant m\u00e5de pr\u00e6senterer virksomheden. Designet og siderne blev tilpasset de \u00f8nsker der var, indholdet blev skrevet, billeder fundet frem og siderne sat op og justeret, s\u00e5 de fremst\u00e5r elegant, flot\u00a0og indbydende.<\/p>\n<p>Det f\u00e6rdige resultat er en meget\u00a0hurtig, mobilvenlig og enkel hjemmeside, som er let at finde rundt p\u00e5 og hvor alle let kan se kontaktinformationer. Det giver flere henvendelser fra potentielle kunder.<\/p>\n<h3>Markedsf\u00f8ring af hjemmesiden<\/h3>\n<p>SEO &#8211; almindelig s\u00f8gemaskineoptimering, er inkluderet i Waimea Business og er et meget centralt element i alle l\u00f8sninger. Det er vigtigt, at dine potentielle kunder\u00a0kan finde din virksomhed i Google.<\/p>\n<p>Men SEO tager tid. Man kommer ikke normalt\u00a0til tops i Google f\u00f8r der er g\u00e5et 6-12 m\u00e5neder. I den tid &#8211; og m\u00e5ske ogs\u00e5 bagefter, kan det derfor v\u00e6re en god ide at supplere med bl.a. Google AdWords annoncer.<\/p>\n<p>Jette\u00a0har valgte i f\u00f8rste omgang at afs\u00e6tte et mindre budget\u00a0til Google AdWords. Det er et klogt valg, der sikrer bes\u00f8g p\u00e5 den nye hjemmeside, fra potentielle kunder, allerede fra f\u00f8rste dag.<\/p>\n<h3>Pris for hjemmesiden<\/h3>\n<p>Jettes Fodterapi valgte en Waimea Business standard l\u00f8sning. Prisen for oprettelse var derfor kun 4.995 kr. og herefter 1.995 kr. om m\u00e5neden alt inklusiv.<\/p>\n<h3>Overvejer du selv en ny hjemmeside?<\/h3>\n<p>Udfyld nedenst\u00e5ende formular, s\u00e5 kontakter vi dig med et helt uforpligtende tilbud<\/p>\n\n                <div class='gf_browser_gecko gform_wrapper' id='gform_wrapper_9' ><div id='gf_9' class='gform_anchor' tabindex='-1'><\/div><form method='post' enctype='multipart\/form-data' target='gform_ajax_frame_9' id='gform_9'  action='\/business\/wp-json\/wp\/v2\/pages\/3990#gf_9'>\n                        <div class='gform_body'><ul id='gform_fields_9' class='gform_fields top_label form_sublabel_below description_below'><li id='field_9_8'  class='gfield gfield_contains_required field_sublabel_below field_description_below gfield_visibility_visible' ><label class='gfield_label' for='input_9_8' >Navn<span class='gfield_required'>*<\/span><\/label><div class='ginput_container ginput_container_text'><input name='input_8' id='input_9_8' type='text' value='' class='large'    placeholder='Navn' aria-required=\"true\" aria-invalid=\"false\" \/><\/div><\/li><li id='field_9_5'  class='gfield field_sublabel_below field_description_below gfield_visibility_visible' ><label class='gfield_label' for='input_9_5' >Firmanavn<\/label><div class='ginput_container ginput_container_text'><input name='input_5' id='input_9_5' type='text' value='' class='large'    placeholder='Firmanavn'  aria-invalid=\"false\" \/><\/div><\/li><li id='field_9_2'  class='gfield gf_left_half gfield_contains_required field_sublabel_below field_description_below gfield_visibility_visible' ><label class='gfield_label' for='input_9_2' >Email<span class='gfield_required'>*<\/span><\/label><div class='ginput_container ginput_container_email'>\n                            <input name='input_2' id='input_9_2' type='email' value='' class='medium'   placeholder='Email' aria-required=\"true\" aria-invalid=\"false\" \/>\n                        <\/div><\/li><li id='field_9_6'  class='gfield gf_right_half field_sublabel_below field_description_below gfield_visibility_visible' ><label class='gfield_label' for='input_9_6' >Telefon<\/label><div class='ginput_container ginput_container_text'><input name='input_6' id='input_9_6' type='text' value='' class='medium'    placeholder='Telefon'  aria-invalid=\"false\" \/><\/div><\/li><li id='field_9_4'  class='gfield field_sublabel_below field_description_below gfield_visibility_visible' ><label class='gfield_label' for='input_9_4' >Besked<\/label><div class='ginput_container ginput_container_textarea'><textarea name='input_4' id='input_9_4' class='textarea medium'    placeholder='Besked'  aria-invalid=\"false\"   rows='10' cols='50'><\/textarea><\/div><\/li><li id='field_9_9'  class='gfield gfield_contains_required field_sublabel_below field_description_below gfield_visibility_visible' ><label class='gfield_label'  ><span class='gfield_required'>*<\/span><\/label><div class='ginput_container ginput_container_checkbox'><ul class='gfield_checkbox' id='input_9_9'><li class='gchoice_9_9_1'>\n\t\t\t\t\t\t\t\t<input name='input_9.1' type='checkbox'  value='add_waimea_gdpr'  id='choice_9_9_1'   \/>\n\t\t\t\t\t\t\t\t<label for='choice_9_9_1' id='label_9_9_1'>add_waimea_gdpr<\/label>\n\t\t\t\t\t\t\t<\/li><\/ul><\/div><\/li><li id='field_9_10'  class='gfield gform_validation_container field_sublabel_below field_description_below gfield_visibility_visible' ><label class='gfield_label' for='input_9_10' >Name<\/label><div class='ginput_container'><input name='input_10' id='input_9_10' type='text' value='' autocomplete='off'\/><\/div><div class='gfield_description' id='gfield_description_9_10'>Dette felt er til validering og b\u00f8r ikke \u00e6ndres.<\/div><\/li>\n                            <\/ul><\/div>\n        <div class='gform_footer top_label'> <input type='submit' id='gform_submit_button_9' class='gform_button button' value='Send besked'  onclick='if(window[\"gf_submitting_9\"]){return false;}  if( !jQuery(\"#gform_9\")[0].checkValidity || jQuery(\"#gform_9\")[0].checkValidity()){window[\"gf_submitting_9\"]=true;}  ' onkeypress='if( event.keyCode == 13 ){ if(window[\"gf_submitting_9\"]){return false;} if( !jQuery(\"#gform_9\")[0].checkValidity || jQuery(\"#gform_9\")[0].checkValidity()){window[\"gf_submitting_9\"]=true;}  jQuery(\"#gform_9\").trigger(\"submit\",[true]); }' \/> <input type='hidden' name='gform_ajax' value='form_id=9&amp;title=&amp;description=&amp;tabindex=0' \/>\n            <input type='hidden' class='gform_hidden' name='is_submit_9' value='1' \/>\n            <input type='hidden' class='gform_hidden' name='gform_submit' value='9' \/>\n            \n            <input type='hidden' class='gform_hidden' name='gform_unique_id' value='' \/>\n            <input type='hidden' class='gform_hidden' name='state_9' value='WyJbXSIsIjU1MmI2OWIwYWRhMDkxMmZlMmYzYTk1ZmUyNzA3NTM3Il0=' \/>\n            <input type='hidden' class='gform_hidden' name='gform_target_page_number_9' id='gform_target_page_number_9' value='0' \/>\n            <input type='hidden' class='gform_hidden' name='gform_source_page_number_9' id='gform_source_page_number_9' value='1' \/>\n            <input type='hidden' name='gform_field_values' value='' \/>\n            \n        <\/div>\n                        <\/form>\n                        <\/div>\n                <iframe style='display:none;width:0px;height:0px;' src='about:blank' name='gform_ajax_frame_9' id='gform_ajax_frame_9' title='Denne iframe indeholder logikken, der er kr\u00e6vet for at h\u00e5ndtere Gravity Formularer, der bruger Ajax.'><\/iframe>\n                <script type='text\/javascript'>document.addEventListener( \"DOMContentLoaded\", function() { jQuery(document).ready(function($){gformInitSpinner( 9, 'https:\/\/www.waimea.dk\/business\/wp-content\/plugins\/gravityforms\/images\/spinner.gif' );jQuery('#gform_ajax_frame_9').on('load',function(){var contents = jQuery(this).contents().find('*').html();var is_postback = contents.indexOf('GF_AJAX_POSTBACK') >= 0;if(!is_postback){return;}var form_content = jQuery(this).contents().find('#gform_wrapper_9');var is_confirmation = jQuery(this).contents().find('#gform_confirmation_wrapper_9').length > 0;var is_redirect = contents.indexOf('gformRedirect(){') >= 0;var is_form = form_content.length > 0 && ! is_redirect && ! is_confirmation;var mt = parseInt(jQuery('html').css('margin-top'), 10) + parseInt(jQuery('body').css('margin-top'), 10) + 100;if(is_form){jQuery('#gform_wrapper_9').html(form_content.html());if(form_content.hasClass('gform_validation_error')){jQuery('#gform_wrapper_9').addClass('gform_validation_error');} else {jQuery('#gform_wrapper_9').removeClass('gform_validation_error');}setTimeout( function() { \/* delay the scroll by 50 milliseconds to fix a bug in chrome *\/ jQuery(document).scrollTop(jQuery('#gform_wrapper_9').offset().top - mt); }, 50 );if(window['gformInitDatepicker']) {gformInitDatepicker();}if(window['gformInitPriceFields']) {gformInitPriceFields();}var current_page = jQuery('#gform_source_page_number_9').val();gformInitSpinner( 9, 'https:\/\/www.waimea.dk\/business\/wp-content\/plugins\/gravityforms\/images\/spinner.gif' );jQuery(document).trigger('gform_page_loaded', [9, current_page]);window['gf_submitting_9'] = false;}else if(!is_redirect){var confirmation_content = jQuery(this).contents().find('.GF_AJAX_POSTBACK').html();if(!confirmation_content){confirmation_content = contents;}setTimeout(function(){jQuery('#gform_wrapper_9').replaceWith(confirmation_content);jQuery(document).scrollTop(jQuery('#gf_9').offset().top - mt);jQuery(document).trigger('gform_confirmation_loaded', [9]);window['gf_submitting_9'] = false;}, 50);}else{jQuery('#gform_9').append(contents);if(window['gformRedirect']) {gformRedirect();}}jQuery(document).trigger('gform_post_render', [9, current_page]);} );} ); }, false );<\/script>\n<hr \/>\n<h3>Se flere Waimea Business cases:<\/h3>\n","protected":false},"excerpt":{"rendered":"<p>Jette har i mange \u00e5r arbejdet som fodterapeut og har derfor f\u00e5et opbygget en god base af loyale kunder. Alligevel kunne hun efterh\u00e5nden godt m\u00e6rke behovet for en hjemmeside, men havde hverken tid til, eller forstand p\u00e5 at lave en. Eller tid til at vedligeholde den.\u00a0 Se Jettes Fodterapi hjemmeside her Med Waimea Business fik [&hellip;]<\/p>\n","protected":false},"author":2,"featured_media":7257,"parent":6826,"menu_order":30,"comment_status":"closed","ping_status":"closed","template":"page_cases.php","meta":{"_genesis_hide_title":false,"_genesis_hide_breadcrumbs":false,"_genesis_hide_singular_image":false,"_genesis_hide_footer_widgets":false,"_genesis_custom_body_class":"","_genesis_custom_post_class":"","_genesis_layout":""},"featured_image_src":"https:\/\/www.waimea.dk\/business\/wp-content\/uploads\/2016\/04\/CASE-Jettes-Fodterapi.png","featured_image_src_square":"https:\/\/www.waimea.dk\/business\/wp-content\/uploads\/2016\/04\/CASE-Jettes-Fodterapi.png","_links":{"self":[{"href":"https:\/\/www.waimea.dk\/business\/wp-json\/wp\/v2\/pages\/3990"}],"collection":[{"href":"https:\/\/www.waimea.dk\/business\/wp-json\/wp\/v2\/pages"}],"about":[{"href":"https:\/\/www.waimea.dk\/business\/wp-json\/wp\/v2\/types\/page"}],"author":[{"embeddable":true,"href":"https:\/\/www.waimea.dk\/business\/wp-json\/wp\/v2\/users\/2"}],"replies":[{"embeddable":true,"href":"https:\/\/www.waimea.dk\/business\/wp-json\/wp\/v2\/comments?post=3990"}],"version-history":[{"count":5,"href":"https:\/\/www.waimea.dk\/business\/wp-json\/wp\/v2\/pages\/3990\/revisions"}],"predecessor-version":[{"id":7374,"href":"https:\/\/www.waimea.dk\/business\/wp-json\/wp\/v2\/pages\/3990\/revisions\/7374"}],"up":[{"embeddable":true,"href":"https:\/\/www.waimea.dk\/business\/wp-json\/wp\/v2\/pages\/6826"}],"wp:featuredmedia":[{"embeddable":true,"href":"https:\/\/www.waimea.dk\/business\/wp-json\/wp\/v2\/media\/7257"}],"wp:attachment":[{"href":"https:\/\/www.waimea.dk\/business\/wp-json\/wp\/v2\/media?parent=3990"}],"curies":[{"name":"wp","href":"https:\/\/api.w.org\/{rel}","templated":true}]}}