{"id":3988,"date":"2016-04-04T18:51:32","date_gmt":"2016-04-04T17:51:32","guid":{"rendered":"https:\/\/www.waimea.dk\/?page_id=3988"},"modified":"2016-12-20T23:08:31","modified_gmt":"2016-12-20T22:08:31","slug":"nielsen-flethoej-advokater","status":"publish","type":"page","link":"https:\/\/www.waimea.dk\/business\/cases\/nielsen-flethoej-advokater","title":{"rendered":"Nielsen &#038; Fleth\u00f8j Advokater havde store krav"},"content":{"rendered":"<p><strong>Nielsen &amp; Fleth\u00f8j Advokater har som advokatfirma eksisteret i mange \u00e5r. Desv\u00e6rre bar deres f\u00f8rste hjemmeside ogs\u00e5 pr\u00e6g af det. Den var blevet lidt slidt og gammel at se p\u00e5 og v\u00e6rst af alt, s\u00e5 duede den slet ikke p\u00e5 mobiltelefoner, var alt for langsom og sv\u00e6r at finde p\u00e5 Google.<\/strong><\/p>\n<p><img loading=\"lazy\" class=\"alignnone size-large wp-image-7236\" src=\"https:\/\/www.waimea.dk\/business\/wp-content\/uploads\/2016\/04\/CASE-NF-Law-1024x640.png\" alt=\"Nielsen og Fleth\u00f8j Advokatfirma\" width=\"1024\" height=\"640\" srcset=\"https:\/\/www.waimea.dk\/business\/wp-content\/uploads\/2016\/04\/CASE-NF-Law-1024x640.png 1024w, https:\/\/www.waimea.dk\/business\/wp-content\/uploads\/2016\/04\/CASE-NF-Law-600x375.png 600w, https:\/\/www.waimea.dk\/business\/wp-content\/uploads\/2016\/04\/CASE-NF-Law-300x188.png 300w, https:\/\/www.waimea.dk\/business\/wp-content\/uploads\/2016\/04\/CASE-NF-Law-768x480.png 768w, https:\/\/www.waimea.dk\/business\/wp-content\/uploads\/2016\/04\/CASE-NF-Law-96x60.png 96w, https:\/\/www.waimea.dk\/business\/wp-content\/uploads\/2016\/04\/CASE-NF-Law.png 1262w\" sizes=\"(max-width: 1024px) 100vw, 1024px\" \/><\/p>\n<p><a href=\"http:\/\/www.nf-law.dk\/\" target=\"_blank\">Se Niels &amp; Fleth\u00f8j Advokater&#8217;s\u00a0hjemmeside her<\/a><\/p>\n<h3>Den nye hjemmeside skulle v\u00e6re bedre!<\/h3>\n<p>Nielsen &amp; Fleth\u00f8j&#8217;s\u00a0f\u00f8rste hjemmeside var udem\u00e6rket da den oprindeligt blev\u00a0lavet, men tiden var l\u00f8bet fra den og den repr\u00e6senterede p\u00e5 ingen m\u00e5de l\u00e6ngere virksomheden s\u00e6rlig godt.<\/p>\n<p>Den gamle hjemmeside havde ogs\u00e5 nogle andre mangler. F\u00f8rst og fremmest ved at v\u00e6re alt for langsom og sv\u00e6r at finde i Google.\u00a0S\u00e5 med den nye hjemmeside var Nielsen &amp; Fleth\u00f8j ikke bare ude efter et billigt alternativ. De var p\u00e5 jagt\u00a0efter noget markant bedre end det de allerede havde.<\/p>\n<p>Derudover havdeNielsen &amp; Fleth\u00f8j siden de fik lavet den f\u00f8rste hjemmeside udvidet forretningen med en dedikeret boligr\u00e5dgivning. Den del ville de gerne have en s\u00e6rlig hjemmeside til.<\/p>\n<p>Med tidligere erfaringer fra opbygning af hjemmeside, skrivning af indhold og ikke mindst markedsf\u00f8ring varNielsen &amp; Fleth\u00f8j klar over, at det var en samlet opgave der normalt ville koste en hel del. S\u00e5 en\u00a0Waimea Business l\u00f8sning var naturligvis et meget attraktivt alternativ &#8211; med en lav opstartspris og et fast m\u00e5nedligt budget.<\/p>\n<h3>Opbygning afNielsen &amp; Fleth\u00f8j&#8217;s nye hjemmeside<\/h3>\n<p>Med en Waimea Business l\u00f8sning fikNielsen &amp; Fleth\u00f8j en hjemmeside, der som standard indeholder alle de ting, de ellers skulle have betalt dyrt for:\u00a0SEO,\u00a0hastighedsoptimering, teknisk optimering til sociale medier, indholdsoptimering, mobiloptimering, local SEO og al den n\u00f8dvendige linkbuilding.<\/p>\n<p>En hjemmeside har i sig selv ingen v\u00e6rdi. Det ved Nielsen &amp; Fleth\u00f8j godt. Uden st\u00e6rkt indhold og markedsf\u00f8ring er det en d\u00f8d side. S\u00e5 oveni regningen for at lave en hjemmeside skal du normalt ogs\u00e5 bruge penge og\/eller tid p\u00e5 at skrive godt indhold og markedsf\u00f8re det i bl.a. Google og sociale medier.<\/p>\n<p>Udviklingen af indholdet foregik iNielsen &amp; Fleth\u00f8js tilf\u00e6lde i t\u00e6t samarbejde mellem Waimeas tekstforfattere og advokaterne hos Nielsen &amp; Fleth\u00f8j. Indenfor et omr\u00e5de som dette er det naturligvis ekstra vigtigt, at det der skrives absolut ingen fejl eller un\u00f8jagtigheder indeholder.<\/p>\n<p>Der blev opsat to websites &#8211; et for advokatforretningen og et for boligr\u00e5dgivningen. De to sites blev forbundet til hinanden via navigationen i toppen af alle sider, s\u00e5 det fremst\u00e5r p\u00e5 den bedste m\u00e5de overfor de bes\u00f8gende.<\/p>\n<p>Nielsen &amp; Fleth\u00f8j valgte et design der mindede meget om deres gamle &#8211; dog med den v\u00e6sentlige forskel at det nu fungerer p\u00e5 mobiletelefoner, er blevet meget hurtigere og nu er optimeret til s\u00f8gemaskinerne.<\/p>\n<h3>Pris for hjemmesiden<\/h3>\n<p>Nielsen &amp; Fleth\u00f8j valgte to\u00a0Waimea Business Guld l\u00f8sninger. Prisen for oprettelse var derfor kun 6.780 kr. og herefter 3.995 kr. pr. site om m\u00e5neden alt inklusiv.<\/p>\n<h3>Overvejer du selv en ny hjemmeside?<\/h3>\n<p>Udfyld nedenst\u00e5ende formular, s\u00e5 kontakter vi dig med et helt uforpligtende tilbud<\/p>\n\n                <div class='gf_browser_gecko gform_wrapper' id='gform_wrapper_9' ><div id='gf_9' class='gform_anchor' tabindex='-1'><\/div><form method='post' enctype='multipart\/form-data' target='gform_ajax_frame_9' id='gform_9'  action='\/business\/wp-json\/wp\/v2\/pages\/3988#gf_9'>\n                        <div class='gform_body'><ul id='gform_fields_9' class='gform_fields top_label form_sublabel_below description_below'><li id='field_9_8'  class='gfield gfield_contains_required field_sublabel_below field_description_below gfield_visibility_visible' ><label class='gfield_label' for='input_9_8' >Navn<span class='gfield_required'>*<\/span><\/label><div class='ginput_container ginput_container_text'><input name='input_8' id='input_9_8' type='text' value='' class='large'    placeholder='Navn' aria-required=\"true\" aria-invalid=\"false\" \/><\/div><\/li><li id='field_9_5'  class='gfield field_sublabel_below field_description_below gfield_visibility_visible' ><label class='gfield_label' for='input_9_5' >Firmanavn<\/label><div class='ginput_container ginput_container_text'><input name='input_5' id='input_9_5' type='text' value='' class='large'    placeholder='Firmanavn'  aria-invalid=\"false\" \/><\/div><\/li><li id='field_9_2'  class='gfield gf_left_half gfield_contains_required field_sublabel_below field_description_below gfield_visibility_visible' ><label class='gfield_label' for='input_9_2' >Email<span class='gfield_required'>*<\/span><\/label><div class='ginput_container ginput_container_email'>\n                            <input name='input_2' id='input_9_2' type='email' value='' class='medium'   placeholder='Email' aria-required=\"true\" aria-invalid=\"false\" \/>\n                        <\/div><\/li><li id='field_9_6'  class='gfield gf_right_half field_sublabel_below field_description_below gfield_visibility_visible' ><label class='gfield_label' for='input_9_6' >Telefon<\/label><div class='ginput_container ginput_container_text'><input name='input_6' id='input_9_6' type='text' value='' class='medium'    placeholder='Telefon'  aria-invalid=\"false\" \/><\/div><\/li><li id='field_9_4'  class='gfield field_sublabel_below field_description_below gfield_visibility_visible' ><label class='gfield_label' for='input_9_4' >Besked<\/label><div class='ginput_container ginput_container_textarea'><textarea name='input_4' id='input_9_4' class='textarea medium'    placeholder='Besked'  aria-invalid=\"false\"   rows='10' cols='50'><\/textarea><\/div><\/li><li id='field_9_9'  class='gfield gfield_contains_required field_sublabel_below field_description_below gfield_visibility_visible' ><label class='gfield_label'  ><span class='gfield_required'>*<\/span><\/label><div class='ginput_container ginput_container_checkbox'><ul class='gfield_checkbox' id='input_9_9'><li class='gchoice_9_9_1'>\n\t\t\t\t\t\t\t\t<input name='input_9.1' type='checkbox'  value='add_waimea_gdpr'  id='choice_9_9_1'   \/>\n\t\t\t\t\t\t\t\t<label for='choice_9_9_1' id='label_9_9_1'>add_waimea_gdpr<\/label>\n\t\t\t\t\t\t\t<\/li><\/ul><\/div><\/li><li id='field_9_10'  class='gfield gform_validation_container field_sublabel_below field_description_below gfield_visibility_visible' ><label class='gfield_label' for='input_9_10' >Phone<\/label><div class='ginput_container'><input name='input_10' id='input_9_10' type='text' value='' autocomplete='off'\/><\/div><div class='gfield_description' id='gfield_description_9_10'>Dette felt er til validering og b\u00f8r ikke \u00e6ndres.<\/div><\/li>\n                            <\/ul><\/div>\n        <div class='gform_footer top_label'> <input type='submit' id='gform_submit_button_9' class='gform_button button' value='Send besked'  onclick='if(window[\"gf_submitting_9\"]){return false;}  if( !jQuery(\"#gform_9\")[0].checkValidity || jQuery(\"#gform_9\")[0].checkValidity()){window[\"gf_submitting_9\"]=true;}  ' onkeypress='if( event.keyCode == 13 ){ if(window[\"gf_submitting_9\"]){return false;} if( !jQuery(\"#gform_9\")[0].checkValidity || jQuery(\"#gform_9\")[0].checkValidity()){window[\"gf_submitting_9\"]=true;}  jQuery(\"#gform_9\").trigger(\"submit\",[true]); }' \/> <input type='hidden' name='gform_ajax' value='form_id=9&amp;title=&amp;description=&amp;tabindex=0' \/>\n            <input type='hidden' class='gform_hidden' name='is_submit_9' value='1' \/>\n            <input type='hidden' class='gform_hidden' name='gform_submit' value='9' \/>\n            \n            <input type='hidden' class='gform_hidden' name='gform_unique_id' value='' \/>\n            <input type='hidden' class='gform_hidden' name='state_9' value='WyJbXSIsIjU1MmI2OWIwYWRhMDkxMmZlMmYzYTk1ZmUyNzA3NTM3Il0=' \/>\n            <input type='hidden' class='gform_hidden' name='gform_target_page_number_9' id='gform_target_page_number_9' value='0' \/>\n            <input type='hidden' class='gform_hidden' name='gform_source_page_number_9' id='gform_source_page_number_9' value='1' \/>\n            <input type='hidden' name='gform_field_values' value='' \/>\n            \n        <\/div>\n                        <\/form>\n                        <\/div>\n                <iframe style='display:none;width:0px;height:0px;' src='about:blank' name='gform_ajax_frame_9' id='gform_ajax_frame_9' title='Denne iframe indeholder logikken, der er kr\u00e6vet for at h\u00e5ndtere Gravity Formularer, der bruger Ajax.'><\/iframe>\n                <script type='text\/javascript'>document.addEventListener( \"DOMContentLoaded\", function() { jQuery(document).ready(function($){gformInitSpinner( 9, 'https:\/\/www.waimea.dk\/business\/wp-content\/plugins\/gravityforms\/images\/spinner.gif' );jQuery('#gform_ajax_frame_9').on('load',function(){var contents = jQuery(this).contents().find('*').html();var is_postback = contents.indexOf('GF_AJAX_POSTBACK') >= 0;if(!is_postback){return;}var form_content = jQuery(this).contents().find('#gform_wrapper_9');var is_confirmation = jQuery(this).contents().find('#gform_confirmation_wrapper_9').length > 0;var is_redirect = contents.indexOf('gformRedirect(){') >= 0;var is_form = form_content.length > 0 && ! is_redirect && ! is_confirmation;var mt = parseInt(jQuery('html').css('margin-top'), 10) + parseInt(jQuery('body').css('margin-top'), 10) + 100;if(is_form){jQuery('#gform_wrapper_9').html(form_content.html());if(form_content.hasClass('gform_validation_error')){jQuery('#gform_wrapper_9').addClass('gform_validation_error');} else {jQuery('#gform_wrapper_9').removeClass('gform_validation_error');}setTimeout( function() { \/* delay the scroll by 50 milliseconds to fix a bug in chrome *\/ jQuery(document).scrollTop(jQuery('#gform_wrapper_9').offset().top - mt); }, 50 );if(window['gformInitDatepicker']) {gformInitDatepicker();}if(window['gformInitPriceFields']) {gformInitPriceFields();}var current_page = jQuery('#gform_source_page_number_9').val();gformInitSpinner( 9, 'https:\/\/www.waimea.dk\/business\/wp-content\/plugins\/gravityforms\/images\/spinner.gif' );jQuery(document).trigger('gform_page_loaded', [9, current_page]);window['gf_submitting_9'] = false;}else if(!is_redirect){var confirmation_content = jQuery(this).contents().find('.GF_AJAX_POSTBACK').html();if(!confirmation_content){confirmation_content = contents;}setTimeout(function(){jQuery('#gform_wrapper_9').replaceWith(confirmation_content);jQuery(document).scrollTop(jQuery('#gf_9').offset().top - mt);jQuery(document).trigger('gform_confirmation_loaded', [9]);window['gf_submitting_9'] = false;}, 50);}else{jQuery('#gform_9').append(contents);if(window['gformRedirect']) {gformRedirect();}}jQuery(document).trigger('gform_post_render', [9, current_page]);} );} ); }, false );<\/script>\n<hr \/>\n<h3>Se flere Waimea Business cases:<\/h3>\n","protected":false},"excerpt":{"rendered":"<p>Nielsen &amp; Fleth\u00f8j Advokater har som advokatfirma eksisteret i mange \u00e5r. Desv\u00e6rre bar deres f\u00f8rste hjemmeside ogs\u00e5 pr\u00e6g af det. Den var blevet lidt slidt og gammel at se p\u00e5 og v\u00e6rst af alt, s\u00e5 duede den slet ikke p\u00e5 mobiltelefoner, var alt for langsom og sv\u00e6r at finde p\u00e5 Google. Se Niels &amp; Fleth\u00f8j [&hellip;]<\/p>\n","protected":false},"author":2,"featured_media":7236,"parent":6826,"menu_order":0,"comment_status":"closed","ping_status":"closed","template":"page_cases.php","meta":{"_genesis_hide_title":false,"_genesis_hide_breadcrumbs":false,"_genesis_hide_singular_image":false,"_genesis_hide_footer_widgets":false,"_genesis_custom_body_class":"","_genesis_custom_post_class":"","_genesis_layout":""},"featured_image_src":"https:\/\/www.waimea.dk\/business\/wp-content\/uploads\/2016\/04\/CASE-NF-Law.png","featured_image_src_square":"https:\/\/www.waimea.dk\/business\/wp-content\/uploads\/2016\/04\/CASE-NF-Law.png","_links":{"self":[{"href":"https:\/\/www.waimea.dk\/business\/wp-json\/wp\/v2\/pages\/3988"}],"collection":[{"href":"https:\/\/www.waimea.dk\/business\/wp-json\/wp\/v2\/pages"}],"about":[{"href":"https:\/\/www.waimea.dk\/business\/wp-json\/wp\/v2\/types\/page"}],"author":[{"embeddable":true,"href":"https:\/\/www.waimea.dk\/business\/wp-json\/wp\/v2\/users\/2"}],"replies":[{"embeddable":true,"href":"https:\/\/www.waimea.dk\/business\/wp-json\/wp\/v2\/comments?post=3988"}],"version-history":[{"count":5,"href":"https:\/\/www.waimea.dk\/business\/wp-json\/wp\/v2\/pages\/3988\/revisions"}],"predecessor-version":[{"id":7371,"href":"https:\/\/www.waimea.dk\/business\/wp-json\/wp\/v2\/pages\/3988\/revisions\/7371"}],"up":[{"embeddable":true,"href":"https:\/\/www.waimea.dk\/business\/wp-json\/wp\/v2\/pages\/6826"}],"wp:featuredmedia":[{"embeddable":true,"href":"https:\/\/www.waimea.dk\/business\/wp-json\/wp\/v2\/media\/7236"}],"wp:attachment":[{"href":"https:\/\/www.waimea.dk\/business\/wp-json\/wp\/v2\/media?parent=3988"}],"curies":[{"name":"wp","href":"https:\/\/api.w.org\/{rel}","templated":true}]}}