{"id":3339,"date":"2016-01-12T19:00:59","date_gmt":"2016-01-12T18:00:59","guid":{"rendered":"https:\/\/www.waimea.dk\/?page_id=3339"},"modified":"2018-12-17T13:31:36","modified_gmt":"2018-12-17T12:31:36","slug":"design","status":"publish","type":"page","link":"https:\/\/www.waimea.dk\/business\/design","title":{"rendered":"S\u00e5dan f\u00e5r du et hjemmeside design der s\u00e6lger?"},"content":{"rendered":"<p><strong>Det er ikke nok, at et hjemmeside design er flot. Den skal ogs\u00e5\u00a0s\u00e6lge dig og det du tilbyder s\u00e5 godt, at de bes\u00f8gende ikke kan lade v\u00e6re med at kontakte dig.\u00a0<\/strong><\/p>\n<p>Med <a href=\"\/business\/\">Waimea Business<\/a> kan du frit v\u00e6lge mellem en r\u00e6kke optimerede\u00a0hjemmeside design. Det\u00a0er en grundl\u00e6ggende ramme for, hvordan de forskellige elementer p\u00e5 din hjemmeside\u00a0placeres og fungerer. \u00a0N\u00e5r designet\u00a0er valgt, vil du f\u00e5 det tilpasset med farver, logo, billeder osv, s\u00e5 det kommer til at fremst\u00e5, som helt dit eget.<\/p>\n<p>Nedenfor kan du se de tilg\u00e6ngelige Waimea Business hjemmeside designs. Vi tilf\u00f8jer l\u00f8bende nye og skulle du have andre design \u00f8nsker, s\u00e5 tager vi en snak om det.<\/p>\n<h3>Waimea Designs:<\/h3>\n  <style>\r\n\t\t.designs {\r\n\t\t\twidth:100%;\r\n\t\t\tdisplay:block;\r\n\t\t\tclear:both;\r\n\t\t}\r\n\t\t\r\n\t\t.designs .design {\r\n\t\t\twidth:48%;\r\n\t\t\tmargin-right:4%;\r\n\t\t\tmargin-bottom:20px;\r\n\t\t\tfloat:left;\r\n\t\t}\r\n\t\t\r\n\t\t.designs .design img {\r\n\t\t\twidth:100%;\r\n\t\t\tbox-shadow:0 0 10px 1px rgba(20,20,20,0.2);\r\n\t\t}\r\n\t\t\r\n\t\t.designs .design:nth-of-type(2n+2) {\r\n\t\t\tmargin-right:0;\r\n\t\t}\r\n\t\t\r\n\t\t.designs .design h4 {\r\n\t\t\tmargin-top:6px;\r\n\t\t\tfont-size:18px;\r\n\t\t\tline-height:18px;\r\n\t\t}\r\n\r\n<\/style>\r\n<div class=\"designs\"><div class=\"design\"><a href=\"https:\/\/www.waimea.dk\/business\/design\/waimea-enterprise\"><img src=\"https:\/\/www.waimea.dk\/business\/wp-content\/uploads\/2016\/04\/Enterprise-Ristorante-Buono-260x160.jpg\"\/><\/a><a href=\"https:\/\/www.waimea.dk\/business\/design\/waimea-enterprise\"><h4>Waimea Enterprise design<\/h4><\/a><\/div><div class=\"design\"><a href=\"https:\/\/www.waimea.dk\/business\/design\/waimea-parallax\"><img src=\"https:\/\/www.waimea.dk\/business\/wp-content\/uploads\/2016\/04\/Parralax-pladevaerkstedet.dk_-260x160.png\"\/><\/a><a href=\"https:\/\/www.waimea.dk\/business\/design\/waimea-parallax\"><h4>Waimea Parallax<\/h4><\/a><\/div><div class=\"design\"><a href=\"https:\/\/www.waimea.dk\/business\/design\/waimea-executive-pro\"><img src=\"https:\/\/www.waimea.dk\/business\/wp-content\/uploads\/2016\/04\/Executive-AE-Regnskab-260x160.jpg\"\/><\/a><a href=\"https:\/\/www.waimea.dk\/business\/design\/waimea-executive-pro\"><h4>Waimea Executive Pro design<\/h4><\/a><\/div><div class=\"design\"><a href=\"https:\/\/www.waimea.dk\/business\/design\/waimea-konsulent\"><img src=\"https:\/\/www.waimea.dk\/business\/wp-content\/uploads\/2016\/04\/Konsulent-FaaVarmen-260x160.jpg\"\/><\/a><a href=\"https:\/\/www.waimea.dk\/business\/design\/waimea-konsulent\"><h4>Waimea Konsulent design<\/h4><\/a><\/div><div class=\"design\"><a href=\"https:\/\/www.waimea.dk\/business\/design\/waimea-outreach\"><img src=\"https:\/\/www.waimea.dk\/business\/wp-content\/uploads\/2016\/04\/Outreach-Lambaek-260x160.jpg\"\/><\/a><a href=\"https:\/\/www.waimea.dk\/business\/design\/waimea-outreach\"><h4>Waimea Outreach<\/h4><\/a><\/div><\/div>\n<hr \/>\n<h3>Optimeret hjemmeside design<\/h3>\n<p>Alle Waimea hjemmeside design er\u00a0meget omhyggeligt udvalgt, tilpasset og optimeret s\u00e5ledes, at de fungerer bedst muligt\u00a0b\u00e5de i forhold til s\u00f8gemaskiner (SEO) og Sociale Medier.<\/p>\n<p>Og m\u00e5ske vigtigst af alt, s\u00e5 er alle Waimea Business hjemmeside design optimeret til konverteringer, s\u00e5 flere af dem der bes\u00f8ger din nye hjemmeside faktisk ogs\u00e5 kontakter dig.<\/p>\n<p>Ovenfor\u00a0kan du f\u00e5 et hurtigt overblik over de forskellige hjemmeside design du kan v\u00e6lge imellem. Klik p\u00e5 eksemplerne for at l\u00e6se lidt mere om, hvad de egner sig til.<\/p>\n<p>Husk, at farver, logo, billeder, undersider, indhold osv. bliver tilpasset din hjemmeside. Et design er alene en ramme for hvordan siderne er opbygget og fungerer.<\/p>\n<div class=\"yellow-box\"><strong>Kontakt os i dag p\u00e5 70 22 80 82,<\/strong>\u00a0skriv p\u00e5 <a href=\"mailto:info@waimea.dk\">info@waimea.dk<\/a>, eller brug formularen nedenfor, s\u00e5 tager vi en uforpligtende snak om dine \u00f8nsker.<\/div>\n<h3>Udfyld\u00a0formularen &#8211; s\u00e5 kontakter vi dig<\/h3>\n\n                <div class='gf_browser_gecko gform_wrapper' id='gform_wrapper_9' ><div id='gf_9' class='gform_anchor' tabindex='-1'><\/div><form method='post' enctype='multipart\/form-data' target='gform_ajax_frame_9' id='gform_9'  action='\/business\/wp-json\/wp\/v2\/pages\/3339#gf_9'>\n                        <div class='gform_body'><ul id='gform_fields_9' class='gform_fields top_label form_sublabel_below description_below'><li id='field_9_8'  class='gfield gfield_contains_required field_sublabel_below field_description_below gfield_visibility_visible' ><label class='gfield_label' for='input_9_8' >Navn<span class='gfield_required'>*<\/span><\/label><div class='ginput_container ginput_container_text'><input name='input_8' id='input_9_8' type='text' value='' class='large'    placeholder='Navn' aria-required=\"true\" aria-invalid=\"false\" \/><\/div><\/li><li id='field_9_5'  class='gfield field_sublabel_below field_description_below gfield_visibility_visible' ><label class='gfield_label' for='input_9_5' >Firmanavn<\/label><div class='ginput_container ginput_container_text'><input name='input_5' id='input_9_5' type='text' value='' class='large'    placeholder='Firmanavn'  aria-invalid=\"false\" \/><\/div><\/li><li id='field_9_2'  class='gfield gf_left_half gfield_contains_required field_sublabel_below field_description_below gfield_visibility_visible' ><label class='gfield_label' for='input_9_2' >Email<span class='gfield_required'>*<\/span><\/label><div class='ginput_container ginput_container_email'>\n                            <input name='input_2' id='input_9_2' type='email' value='' class='medium'   placeholder='Email' aria-required=\"true\" aria-invalid=\"false\" \/>\n                        <\/div><\/li><li id='field_9_6'  class='gfield gf_right_half field_sublabel_below field_description_below gfield_visibility_visible' ><label class='gfield_label' for='input_9_6' >Telefon<\/label><div class='ginput_container ginput_container_text'><input name='input_6' id='input_9_6' type='text' value='' class='medium'    placeholder='Telefon'  aria-invalid=\"false\" \/><\/div><\/li><li id='field_9_4'  class='gfield field_sublabel_below field_description_below gfield_visibility_visible' ><label class='gfield_label' for='input_9_4' >Besked<\/label><div class='ginput_container ginput_container_textarea'><textarea name='input_4' id='input_9_4' class='textarea medium'    placeholder='Besked'  aria-invalid=\"false\"   rows='10' cols='50'><\/textarea><\/div><\/li><li id='field_9_9'  class='gfield gfield_contains_required field_sublabel_below field_description_below gfield_visibility_visible' ><label class='gfield_label'  ><span class='gfield_required'>*<\/span><\/label><div class='ginput_container ginput_container_checkbox'><ul class='gfield_checkbox' id='input_9_9'><li class='gchoice_9_9_1'>\n\t\t\t\t\t\t\t\t<input name='input_9.1' type='checkbox'  value='add_waimea_gdpr'  id='choice_9_9_1'   \/>\n\t\t\t\t\t\t\t\t<label for='choice_9_9_1' id='label_9_9_1'>add_waimea_gdpr<\/label>\n\t\t\t\t\t\t\t<\/li><\/ul><\/div><\/li><li id='field_9_10'  class='gfield gform_validation_container field_sublabel_below field_description_below gfield_visibility_visible' ><label class='gfield_label' for='input_9_10' >Name<\/label><div class='ginput_container'><input name='input_10' id='input_9_10' type='text' value='' autocomplete='off'\/><\/div><div class='gfield_description' id='gfield_description_9_10'>Dette felt er til validering og b\u00f8r ikke \u00e6ndres.<\/div><\/li>\n                            <\/ul><\/div>\n        <div class='gform_footer top_label'> <input type='submit' id='gform_submit_button_9' class='gform_button button' value='Send besked'  onclick='if(window[\"gf_submitting_9\"]){return false;}  if( !jQuery(\"#gform_9\")[0].checkValidity || jQuery(\"#gform_9\")[0].checkValidity()){window[\"gf_submitting_9\"]=true;}  ' onkeypress='if( event.keyCode == 13 ){ if(window[\"gf_submitting_9\"]){return false;} if( !jQuery(\"#gform_9\")[0].checkValidity || jQuery(\"#gform_9\")[0].checkValidity()){window[\"gf_submitting_9\"]=true;}  jQuery(\"#gform_9\").trigger(\"submit\",[true]); }' \/> <input type='hidden' name='gform_ajax' value='form_id=9&amp;title=&amp;description=&amp;tabindex=0' \/>\n            <input type='hidden' class='gform_hidden' name='is_submit_9' value='1' \/>\n            <input type='hidden' class='gform_hidden' name='gform_submit' value='9' \/>\n            \n            <input type='hidden' class='gform_hidden' name='gform_unique_id' value='' \/>\n            <input type='hidden' class='gform_hidden' name='state_9' value='WyJbXSIsIjU1MmI2OWIwYWRhMDkxMmZlMmYzYTk1ZmUyNzA3NTM3Il0=' \/>\n            <input type='hidden' class='gform_hidden' name='gform_target_page_number_9' id='gform_target_page_number_9' value='0' \/>\n            <input type='hidden' class='gform_hidden' name='gform_source_page_number_9' id='gform_source_page_number_9' value='1' \/>\n            <input type='hidden' name='gform_field_values' value='' \/>\n            \n        <\/div>\n                        <\/form>\n                        <\/div>\n                <iframe style='display:none;width:0px;height:0px;' src='about:blank' name='gform_ajax_frame_9' id='gform_ajax_frame_9' title='Denne iframe indeholder logikken, der er kr\u00e6vet for at h\u00e5ndtere Gravity Formularer, der bruger Ajax.'><\/iframe>\n                <script type='text\/javascript'>document.addEventListener( \"DOMContentLoaded\", function() { jQuery(document).ready(function($){gformInitSpinner( 9, 'https:\/\/www.waimea.dk\/business\/wp-content\/plugins\/gravityforms\/images\/spinner.gif' );jQuery('#gform_ajax_frame_9').on('load',function(){var contents = jQuery(this).contents().find('*').html();var is_postback = contents.indexOf('GF_AJAX_POSTBACK') >= 0;if(!is_postback){return;}var form_content = jQuery(this).contents().find('#gform_wrapper_9');var is_confirmation = jQuery(this).contents().find('#gform_confirmation_wrapper_9').length > 0;var is_redirect = contents.indexOf('gformRedirect(){') >= 0;var is_form = form_content.length > 0 && ! is_redirect && ! is_confirmation;var mt = parseInt(jQuery('html').css('margin-top'), 10) + parseInt(jQuery('body').css('margin-top'), 10) + 100;if(is_form){jQuery('#gform_wrapper_9').html(form_content.html());if(form_content.hasClass('gform_validation_error')){jQuery('#gform_wrapper_9').addClass('gform_validation_error');} else {jQuery('#gform_wrapper_9').removeClass('gform_validation_error');}setTimeout( function() { \/* delay the scroll by 50 milliseconds to fix a bug in chrome *\/ jQuery(document).scrollTop(jQuery('#gform_wrapper_9').offset().top - mt); }, 50 );if(window['gformInitDatepicker']) {gformInitDatepicker();}if(window['gformInitPriceFields']) {gformInitPriceFields();}var current_page = jQuery('#gform_source_page_number_9').val();gformInitSpinner( 9, 'https:\/\/www.waimea.dk\/business\/wp-content\/plugins\/gravityforms\/images\/spinner.gif' );jQuery(document).trigger('gform_page_loaded', [9, current_page]);window['gf_submitting_9'] = false;}else if(!is_redirect){var confirmation_content = jQuery(this).contents().find('.GF_AJAX_POSTBACK').html();if(!confirmation_content){confirmation_content = contents;}setTimeout(function(){jQuery('#gform_wrapper_9').replaceWith(confirmation_content);jQuery(document).scrollTop(jQuery('#gf_9').offset().top - mt);jQuery(document).trigger('gform_confirmation_loaded', [9]);window['gf_submitting_9'] = false;}, 50);}else{jQuery('#gform_9').append(contents);if(window['gformRedirect']) {gformRedirect();}}jQuery(document).trigger('gform_post_render', [9, current_page]);} );} ); }, false );<\/script>\n","protected":false},"excerpt":{"rendered":"<p>Det er ikke nok, at et hjemmeside design er flot. Den skal ogs\u00e5\u00a0s\u00e6lge dig og det du tilbyder s\u00e5 godt, at de bes\u00f8gende ikke kan lade v\u00e6re med at kontakte dig.\u00a0 Med Waimea Business kan du frit v\u00e6lge mellem en r\u00e6kke optimerede\u00a0hjemmeside design. Det\u00a0er en grundl\u00e6ggende ramme for, hvordan de forskellige elementer p\u00e5 din hjemmeside\u00a0placeres [&hellip;]<\/p>\n","protected":false},"author":2,"featured_media":0,"parent":0,"menu_order":0,"comment_status":"closed","ping_status":"closed","template":"","meta":{"_genesis_hide_title":false,"_genesis_hide_breadcrumbs":false,"_genesis_hide_singular_image":false,"_genesis_hide_footer_widgets":false,"_genesis_custom_body_class":"","_genesis_custom_post_class":"","_genesis_layout":""},"featured_image_src":null,"featured_image_src_square":null,"_links":{"self":[{"href":"https:\/\/www.waimea.dk\/business\/wp-json\/wp\/v2\/pages\/3339"}],"collection":[{"href":"https:\/\/www.waimea.dk\/business\/wp-json\/wp\/v2\/pages"}],"about":[{"href":"https:\/\/www.waimea.dk\/business\/wp-json\/wp\/v2\/types\/page"}],"author":[{"embeddable":true,"href":"https:\/\/www.waimea.dk\/business\/wp-json\/wp\/v2\/users\/2"}],"replies":[{"embeddable":true,"href":"https:\/\/www.waimea.dk\/business\/wp-json\/wp\/v2\/comments?post=3339"}],"version-history":[{"count":5,"href":"https:\/\/www.waimea.dk\/business\/wp-json\/wp\/v2\/pages\/3339\/revisions"}],"predecessor-version":[{"id":8606,"href":"https:\/\/www.waimea.dk\/business\/wp-json\/wp\/v2\/pages\/3339\/revisions\/8606"}],"wp:attachment":[{"href":"https:\/\/www.waimea.dk\/business\/wp-json\/wp\/v2\/media?parent=3339"}],"curies":[{"name":"wp","href":"https:\/\/api.w.org\/{rel}","templated":true}]}}