{"id":3233,"date":"2016-01-07T22:29:41","date_gmt":"2016-01-07T21:29:41","guid":{"rendered":"https:\/\/www.waimea.dk\/?page_id=3233"},"modified":"2018-02-01T10:43:45","modified_gmt":"2018-02-01T09:43:45","slug":"seo-linkbuilding-markedsfoering","status":"publish","type":"page","link":"https:\/\/www.waimea.dk\/business\/samlet-webloesning\/seo-linkbuilding-markedsfoering","title":{"rendered":"SEO, Linkbuilding og Online Markedsf\u00f8ring"},"content":{"rendered":"<p><img loading=\"lazy\" class=\"alignright wp-image-7138 size-full\" src=\"https:\/\/www.waimea.dk\/business\/wp-content\/uploads\/2016\/01\/Marketing_Icon.png\" alt=\"Markedsf\u00f8ring\" width=\"213\" height=\"214\" srcset=\"https:\/\/www.waimea.dk\/business\/wp-content\/uploads\/2016\/01\/Marketing_Icon.png 213w, https:\/\/www.waimea.dk\/business\/wp-content\/uploads\/2016\/01\/Marketing_Icon-100x100.png 100w, https:\/\/www.waimea.dk\/business\/wp-content\/uploads\/2016\/01\/Marketing_Icon-150x150.png 150w, https:\/\/www.waimea.dk\/business\/wp-content\/uploads\/2016\/01\/Marketing_Icon-60x60.png 60w\" sizes=\"(max-width: 213px) 100vw, 213px\" \/>Der er ingen v\u00e6rdi i at have en hjemmeside, selv\u00a0med nok s\u00e5 godt indhold, hvis der ikke er nogle der kender den, eller kan finde den.<\/p>\n<p><strong>Hvis ikke man kan finde din virksomhed i\u00a0Google er du s\u00e5 godt som usynlig p\u00e5 Nettet.<\/strong><\/p>\n<p>Med en Waimea Business hjemmeside optimerer vi din hjemmeside for dig i Google, p\u00e5 de keywords (s\u00f8geord) vi sammen har udvalgt. Alt efter hvilken <a href=\"\/business\/priser\">Waimea Business l\u00f8sning<\/a> du har valgt vil du have mellem 5-15 prim\u00e6re keywords med\u00a0dertil h\u00f8rende undersider.<\/p>\n<p>Udover dine prim\u00e6re keywords optimerer vi ogs\u00e5 dine sider op til 3 relaterede ord.<\/p>\n<p>Din hjemmeside vil ogs\u00e5 blive optimeret, s\u00e5 den fremst\u00e5r rigtig flot, n\u00e5r\u00a0links til den\u00a0deles p\u00e5 f.eks. Facebook, LinkedIn eller Twitter. Vi opfordrer dig til, at dele links til din hjemmeside med dit netv\u00e6rk p\u00e5 de sociale medier\u00a0du bruger.<\/p>\n<h3>SEO &#8211; s\u00f8gemaskineoptimering og linkbuilding er inkluderet<\/h3>\n<p>At s\u00f8gemaskineoptimere en hjemmeside &#8211; s\u00e5kaldt SEO, kr\u00e6ver b\u00e5de viden, resurser og en masse\u00a0tid. Det ved du sikkert, hvis du selv har fors\u00f8gt dig med SEO, eller har betalt nogle for at g\u00f8re det for dig. Det kan hurtigt blive meget tidskr\u00e6vende og kostbart.<\/p>\n<p>Med en Waimea Business hjemmeside er <a href=\"\/seo\">SEO<\/a> og Linkbuilding inkluderet i prisen &#8211; m\u00e5lrettet mod de keywords vi har aftalt. Du beh\u00f8ver ikke g\u00f8re noget &#8211; vi s\u00f8rger for det hele.<\/p>\n<p>Netop SEO er noget vi er rigtig gode til. Teamet bag Waimea Business har arbejdet\u00a0med SEO siden slutningen af 1990&#8217;erne &#8211; t\u00e6t p\u00e5 20 \u00e5r.\u00a0Vi har r\u00e5dgivet hundredevis af store og mindre virksomheder i hele verden &#8211; og det er al den vide, vi har &#8220;kogt ned&#8221; i Waimea Business, og som du f\u00e5r til en <a href=\"https:\/\/www.waimea.dk\/business\/priser\">lav samlet pris<\/a>.<\/p>\n<h3>Tilk\u00f8b mere markedsf\u00f8ring<\/h3>\n<p>Udover den &#8220;organiske&#8221; optimering i Google og sociale medier har du ogs\u00e5 mulighed for, at k\u00f8be mere markedsf\u00f8ring i de bedste online medier.<\/p>\n<p>Google AdWords er en af de mest effektive annoncemetoder &#8211; annoncerne kan vises i b\u00e5de Googles s\u00f8geresultater og i Googles store netv\u00e6rk af annonceb\u00e6rende hjemmesider. Grafiske annoncer og avancerede metoder som re-marketing kan ogs\u00e5 bruges, hvis budgetterne er store nok.<\/p>\n<figure id=\"attachment_7837\" aria-describedby=\"caption-attachment-7837\" style=\"width: 277px\" class=\"wp-caption alignright\"><img loading=\"lazy\" class=\"wp-image-7837 size-full\" src=\"https:\/\/www.waimea.dk\/business\/wp-content\/uploads\/2017\/12\/premier-google-partner-277x.jpg\" alt=\"premier-google-partner-277x\" width=\"277\" height=\"95\" srcset=\"https:\/\/www.waimea.dk\/business\/wp-content\/uploads\/2017\/12\/premier-google-partner-277x.jpg 277w, https:\/\/www.waimea.dk\/business\/wp-content\/uploads\/2017\/12\/premier-google-partner-277x-175x60.jpg 175w\" sizes=\"(max-width: 277px) 100vw, 277px\" \/><figcaption id=\"caption-attachment-7837\" class=\"wp-caption-text\">Waimea Digital er Certificeret Google AdWords Premiere Partner. Det er din garanti for en perfekt kampagne-optimering.<\/figcaption><\/figure>\n<p>Vi anbefaler ofte, at der afs\u00e6ttes et lille budget til Google AdWords &#8211; specialt i starten, hvor din nye hjemmeside\u00a0ikke vil f\u00e5 s\u00e5 meget naturlig\u00a0trafik.<\/p>\n<p>Udover Google AdWords tilbyder vi ogs\u00e5\u00a0annoncering p\u00e5 Bing, i Facebook og mange andre online medier.\u00a0Vi kan hj\u00e6lpe dig med at v\u00e6lge de bedste annonceformer, medier og optimere annoncerne indenfor den budgetramme du har sat.<\/p>\n<div class=\"yellow-box\"><strong>Kontakt os i dag p\u00e5 70 22 80 82,<\/strong>\u00a0skriv p\u00e5 <a href=\"mailto:info@waimea.dk\">info@waimea.dk<\/a>, eller brug formularen nedenfor, s\u00e5 tager vi en uforpligtende snak om dine \u00f8nsker.<\/div>\n<h3>Udfyld\u00a0formularen &#8211; s\u00e5 kontakter vi dig<\/h3>\n\n                <div class='gf_browser_gecko gform_wrapper' id='gform_wrapper_9' ><div id='gf_9' class='gform_anchor' tabindex='-1'><\/div><form method='post' enctype='multipart\/form-data' target='gform_ajax_frame_9' id='gform_9'  action='\/business\/wp-json\/wp\/v2\/pages\/3233#gf_9'>\n                        <div class='gform_body'><ul id='gform_fields_9' class='gform_fields top_label form_sublabel_below description_below'><li id='field_9_8'  class='gfield gfield_contains_required field_sublabel_below field_description_below gfield_visibility_visible' ><label class='gfield_label' for='input_9_8' >Navn<span class='gfield_required'>*<\/span><\/label><div class='ginput_container ginput_container_text'><input name='input_8' id='input_9_8' type='text' value='' class='large'    placeholder='Navn' aria-required=\"true\" aria-invalid=\"false\" \/><\/div><\/li><li id='field_9_5'  class='gfield field_sublabel_below field_description_below gfield_visibility_visible' ><label class='gfield_label' for='input_9_5' >Firmanavn<\/label><div class='ginput_container ginput_container_text'><input name='input_5' id='input_9_5' type='text' value='' class='large'    placeholder='Firmanavn'  aria-invalid=\"false\" \/><\/div><\/li><li id='field_9_2'  class='gfield gf_left_half gfield_contains_required field_sublabel_below field_description_below gfield_visibility_visible' ><label class='gfield_label' for='input_9_2' >Email<span class='gfield_required'>*<\/span><\/label><div class='ginput_container ginput_container_email'>\n                            <input name='input_2' id='input_9_2' type='email' value='' class='medium'   placeholder='Email' aria-required=\"true\" aria-invalid=\"false\" \/>\n                        <\/div><\/li><li id='field_9_6'  class='gfield gf_right_half field_sublabel_below field_description_below gfield_visibility_visible' ><label class='gfield_label' for='input_9_6' >Telefon<\/label><div class='ginput_container ginput_container_text'><input name='input_6' id='input_9_6' type='text' value='' class='medium'    placeholder='Telefon'  aria-invalid=\"false\" \/><\/div><\/li><li id='field_9_4'  class='gfield field_sublabel_below field_description_below gfield_visibility_visible' ><label class='gfield_label' for='input_9_4' >Besked<\/label><div class='ginput_container ginput_container_textarea'><textarea name='input_4' id='input_9_4' class='textarea medium'    placeholder='Besked'  aria-invalid=\"false\"   rows='10' cols='50'><\/textarea><\/div><\/li><li id='field_9_9'  class='gfield gfield_contains_required field_sublabel_below field_description_below gfield_visibility_visible' ><label class='gfield_label'  ><span class='gfield_required'>*<\/span><\/label><div class='ginput_container ginput_container_checkbox'><ul class='gfield_checkbox' id='input_9_9'><li class='gchoice_9_9_1'>\n\t\t\t\t\t\t\t\t<input name='input_9.1' type='checkbox'  value='add_waimea_gdpr'  id='choice_9_9_1'   \/>\n\t\t\t\t\t\t\t\t<label for='choice_9_9_1' id='label_9_9_1'>add_waimea_gdpr<\/label>\n\t\t\t\t\t\t\t<\/li><\/ul><\/div><\/li><li id='field_9_10'  class='gfield gform_validation_container field_sublabel_below field_description_below gfield_visibility_visible' ><label class='gfield_label' for='input_9_10' >Comments<\/label><div class='ginput_container'><input name='input_10' id='input_9_10' type='text' value='' autocomplete='off'\/><\/div><div class='gfield_description' id='gfield_description_9_10'>Dette felt er til validering og b\u00f8r ikke \u00e6ndres.<\/div><\/li>\n                            <\/ul><\/div>\n        <div class='gform_footer top_label'> <input type='submit' id='gform_submit_button_9' class='gform_button button' value='Send besked'  onclick='if(window[\"gf_submitting_9\"]){return false;}  if( !jQuery(\"#gform_9\")[0].checkValidity || jQuery(\"#gform_9\")[0].checkValidity()){window[\"gf_submitting_9\"]=true;}  ' onkeypress='if( event.keyCode == 13 ){ if(window[\"gf_submitting_9\"]){return false;} if( !jQuery(\"#gform_9\")[0].checkValidity || jQuery(\"#gform_9\")[0].checkValidity()){window[\"gf_submitting_9\"]=true;}  jQuery(\"#gform_9\").trigger(\"submit\",[true]); }' \/> <input type='hidden' name='gform_ajax' value='form_id=9&amp;title=&amp;description=&amp;tabindex=0' \/>\n            <input type='hidden' class='gform_hidden' name='is_submit_9' value='1' \/>\n            <input type='hidden' class='gform_hidden' name='gform_submit' value='9' \/>\n            \n            <input type='hidden' class='gform_hidden' name='gform_unique_id' value='' \/>\n            <input type='hidden' class='gform_hidden' name='state_9' value='WyJbXSIsIjU1MmI2OWIwYWRhMDkxMmZlMmYzYTk1ZmUyNzA3NTM3Il0=' \/>\n            <input type='hidden' class='gform_hidden' name='gform_target_page_number_9' id='gform_target_page_number_9' value='0' \/>\n            <input type='hidden' class='gform_hidden' name='gform_source_page_number_9' id='gform_source_page_number_9' value='1' \/>\n            <input type='hidden' name='gform_field_values' value='' \/>\n            \n        <\/div>\n                        <\/form>\n                        <\/div>\n                <iframe style='display:none;width:0px;height:0px;' src='about:blank' name='gform_ajax_frame_9' id='gform_ajax_frame_9' title='Denne iframe indeholder logikken, der er kr\u00e6vet for at h\u00e5ndtere Gravity Formularer, der bruger Ajax.'><\/iframe>\n                <script type='text\/javascript'>document.addEventListener( \"DOMContentLoaded\", function() { jQuery(document).ready(function($){gformInitSpinner( 9, 'https:\/\/www.waimea.dk\/business\/wp-content\/plugins\/gravityforms\/images\/spinner.gif' );jQuery('#gform_ajax_frame_9').on('load',function(){var contents = jQuery(this).contents().find('*').html();var is_postback = contents.indexOf('GF_AJAX_POSTBACK') >= 0;if(!is_postback){return;}var form_content = jQuery(this).contents().find('#gform_wrapper_9');var is_confirmation = jQuery(this).contents().find('#gform_confirmation_wrapper_9').length > 0;var is_redirect = contents.indexOf('gformRedirect(){') >= 0;var is_form = form_content.length > 0 && ! is_redirect && ! is_confirmation;var mt = parseInt(jQuery('html').css('margin-top'), 10) + parseInt(jQuery('body').css('margin-top'), 10) + 100;if(is_form){jQuery('#gform_wrapper_9').html(form_content.html());if(form_content.hasClass('gform_validation_error')){jQuery('#gform_wrapper_9').addClass('gform_validation_error');} else {jQuery('#gform_wrapper_9').removeClass('gform_validation_error');}setTimeout( function() { \/* delay the scroll by 50 milliseconds to fix a bug in chrome *\/ jQuery(document).scrollTop(jQuery('#gform_wrapper_9').offset().top - mt); }, 50 );if(window['gformInitDatepicker']) {gformInitDatepicker();}if(window['gformInitPriceFields']) {gformInitPriceFields();}var current_page = jQuery('#gform_source_page_number_9').val();gformInitSpinner( 9, 'https:\/\/www.waimea.dk\/business\/wp-content\/plugins\/gravityforms\/images\/spinner.gif' );jQuery(document).trigger('gform_page_loaded', [9, current_page]);window['gf_submitting_9'] = false;}else if(!is_redirect){var confirmation_content = jQuery(this).contents().find('.GF_AJAX_POSTBACK').html();if(!confirmation_content){confirmation_content = contents;}setTimeout(function(){jQuery('#gform_wrapper_9').replaceWith(confirmation_content);jQuery(document).scrollTop(jQuery('#gf_9').offset().top - mt);jQuery(document).trigger('gform_confirmation_loaded', [9]);window['gf_submitting_9'] = false;}, 50);}else{jQuery('#gform_9').append(contents);if(window['gformRedirect']) {gformRedirect();}}jQuery(document).trigger('gform_post_render', [9, current_page]);} );} ); }, false );<\/script>\n","protected":false},"excerpt":{"rendered":"<p>Der er ingen v\u00e6rdi i at have en hjemmeside, selv\u00a0med nok s\u00e5 godt indhold, hvis der ikke er nogle der kender den, eller kan finde den. Hvis ikke man kan finde din virksomhed i\u00a0Google er du s\u00e5 godt som usynlig p\u00e5 Nettet. Med en Waimea Business hjemmeside optimerer vi din hjemmeside for dig i Google, [&hellip;]<\/p>\n","protected":false},"author":2,"featured_media":0,"parent":3176,"menu_order":0,"comment_status":"closed","ping_status":"closed","template":"","meta":{"_genesis_hide_title":false,"_genesis_hide_breadcrumbs":false,"_genesis_hide_singular_image":false,"_genesis_hide_footer_widgets":false,"_genesis_custom_body_class":"","_genesis_custom_post_class":"","_genesis_layout":""},"featured_image_src":null,"featured_image_src_square":null,"_links":{"self":[{"href":"https:\/\/www.waimea.dk\/business\/wp-json\/wp\/v2\/pages\/3233"}],"collection":[{"href":"https:\/\/www.waimea.dk\/business\/wp-json\/wp\/v2\/pages"}],"about":[{"href":"https:\/\/www.waimea.dk\/business\/wp-json\/wp\/v2\/types\/page"}],"author":[{"embeddable":true,"href":"https:\/\/www.waimea.dk\/business\/wp-json\/wp\/v2\/users\/2"}],"replies":[{"embeddable":true,"href":"https:\/\/www.waimea.dk\/business\/wp-json\/wp\/v2\/comments?post=3233"}],"version-history":[{"count":5,"href":"https:\/\/www.waimea.dk\/business\/wp-json\/wp\/v2\/pages\/3233\/revisions"}],"predecessor-version":[{"id":7861,"href":"https:\/\/www.waimea.dk\/business\/wp-json\/wp\/v2\/pages\/3233\/revisions\/7861"}],"up":[{"embeddable":true,"href":"https:\/\/www.waimea.dk\/business\/wp-json\/wp\/v2\/pages\/3176"}],"wp:attachment":[{"href":"https:\/\/www.waimea.dk\/business\/wp-json\/wp\/v2\/media?parent=3233"}],"curies":[{"name":"wp","href":"https:\/\/api.w.org\/{rel}","templated":true}]}}