{"id":3231,"date":"2016-01-07T22:29:17","date_gmt":"2016-01-07T21:29:17","guid":{"rendered":"https:\/\/www.waimea.dk\/?page_id=3231"},"modified":"2017-01-03T09:30:19","modified_gmt":"2017-01-03T08:30:19","slug":"waimea-business-tekster","status":"publish","type":"page","link":"https:\/\/www.waimea.dk\/business\/samlet-webloesning\/waimea-business-tekster","title":{"rendered":"Skrivning og optimering af tekster"},"content":{"rendered":"<p><img loading=\"lazy\" class=\"alignright size-full wp-image-7134\" src=\"https:\/\/www.waimea.dk\/business\/wp-content\/uploads\/2016\/01\/Content_icon-2.png\" alt=\"Indhold\" width=\"213\" height=\"214\" srcset=\"https:\/\/www.waimea.dk\/business\/wp-content\/uploads\/2016\/01\/Content_icon-2.png 213w, https:\/\/www.waimea.dk\/business\/wp-content\/uploads\/2016\/01\/Content_icon-2-100x100.png 100w, https:\/\/www.waimea.dk\/business\/wp-content\/uploads\/2016\/01\/Content_icon-2-150x150.png 150w, https:\/\/www.waimea.dk\/business\/wp-content\/uploads\/2016\/01\/Content_icon-2-60x60.png 60w\" sizes=\"(max-width: 213px) 100vw, 213px\" \/>Teksterne p\u00e5 din hjemmeside er noget af det vigtigste &#8211; det er din stemme p\u00e5 Nettet. Teksterne skal tale til din m\u00e5lgruppe p\u00e5 den m\u00e5de, det er naturligt og rigtigt for lige netop dig, at tale til dem.<\/p>\n<p>Gode tekster\u00a0skal tiltr\u00e6kke, fastholde og overbevise din m\u00e5lgruppe om, at du er den rette leverand\u00f8r for dem. De skal give de bes\u00f8gende\u00a0den n\u00f8dvendige tillid til dig.<\/p>\n<p>For hver af de keywords &#8211; de emner, som vi har aftalt dit hjemmeside\u00a0skal optimeres til, skal der skrives, ops\u00e6ttes og optimeres en underside p\u00e5 dit website. Forsiden vil v\u00e6re fokuseret p\u00e5 din hjemmesides hovedemne &#8211; f.eks. &#8220;t\u00f8mrer i Ringsted&#8221;, hvis det er det du er.<\/p>\n<p><img loading=\"lazy\" class=\"alignnone size-full wp-image-7136\" src=\"https:\/\/www.waimea.dk\/business\/wp-content\/uploads\/2016\/01\/Mockup2.png\" alt=\"Hjemmesider\" width=\"1000\" height=\"467\" srcset=\"https:\/\/www.waimea.dk\/business\/wp-content\/uploads\/2016\/01\/Mockup2.png 1000w, https:\/\/www.waimea.dk\/business\/wp-content\/uploads\/2016\/01\/Mockup2-600x280.png 600w, https:\/\/www.waimea.dk\/business\/wp-content\/uploads\/2016\/01\/Mockup2-300x140.png 300w, https:\/\/www.waimea.dk\/business\/wp-content\/uploads\/2016\/01\/Mockup2-768x359.png 768w, https:\/\/www.waimea.dk\/business\/wp-content\/uploads\/2016\/01\/Mockup2-128x60.png 128w\" sizes=\"(max-width: 1000px) 100vw, 1000px\" \/><\/p>\n<h3>Det er sv\u00e6rt at skrive gode tekster<\/h3>\n<p>Det er de f\u00e6rreste mennesker, der er gode til at skrive korte, pr\u00e6cise og f\u00e6ngende tekster &#8211; der\u00a0virker p\u00e5 din hjemmeside. S\u00e5 hvis du ikke synes du selv er s\u00e5 god til det, s\u00e5 fortvivl ikke &#8211; du er bestemt ikke alene.<\/p>\n<p>Med Waimea Business beh\u00f8ver du heldigvis ikke at bekymre dig om teksterne. Dem skriver vi for dig &#8211; eller vi tilretter og optimerer, de tekster du selv m\u00e5tte have og \u00f8nsker at bruge.<\/p>\n<h3>Det starter med et interview<\/h3>\n<p>Noget af det f\u00f8rste der sker efter du har lavet en aftale om Waimea Business er, at en af vores dygtige skribenter\u00a0ringer dig op, p\u00e5 et tidspunkt dig passer dig, og laver et lille interview. M\u00e5let er, at indsamle al den viden vi skal bruge for at lave\u00a0dine tekster.<\/p>\n<p>For hver af de\u00a0keywords vi har aftalt &#8211; de\u00a0forretningsomr\u00e5der elller produkter, som du s\u00e6rligt vil fremh\u00e6ve p\u00e5 din hjemmeside, skal der skrives en god tekst, der &#8220;s\u00e6lger&#8221; godt.<\/p>\n<p>For de fleste \u00a0Waimea Business kunder er form\u00e5let med deres website at generere nye leads, der kan blive til nye kunder. Teksterne skrives med fokus p\u00e5, at skabe s\u00e5 mange leads som muligt &#8211; inspirerende\u00a0og engagerende.<\/p>\n<h3>Ops\u00e6tning og optimering af tekster<\/h3>\n<p>N\u00e5r en tekst til en ny hjemmeside er skrevet f\u00e6rdig skal der ogs\u00e5 skrives overskrift(er), side titel, META-beskrivelse og nogle andre sm\u00e5ting f\u00f8r siden er helt klar.<\/p>\n<p>Med Waimea Business skal du ikke bekymre dig om noget af det. Vi ordner det hele for dig, s\u00e5 dine sider fremst\u00e5r s\u00e5 godt som muligt i b\u00e5de Google, Bing og alle de store sociale medier, som Facebook, Google+, Twitter og LinkedIn.<\/p>\n<div class=\"yellow-box\"><strong>Kontakt os i dag p\u00e5 70 22 80 82,<\/strong>\u00a0skriv p\u00e5 <a href=\"mailto:info@waimea.dk\">info@waimea.dk<\/a>, eller brug formularen nedenfor, s\u00e5 tager vi en uforpligtende snak om dine \u00f8nsker.<\/div>\n<h3>Udfyld\u00a0formularen &#8211; s\u00e5 kontakter vi dig<\/h3>\n\n                <div class='gf_browser_gecko gform_wrapper' id='gform_wrapper_9' ><div id='gf_9' class='gform_anchor' tabindex='-1'><\/div><form method='post' enctype='multipart\/form-data' target='gform_ajax_frame_9' id='gform_9'  action='\/business\/wp-json\/wp\/v2\/pages\/3231#gf_9'>\n                        <div class='gform_body'><ul id='gform_fields_9' class='gform_fields top_label form_sublabel_below description_below'><li id='field_9_8'  class='gfield gfield_contains_required field_sublabel_below field_description_below gfield_visibility_visible' ><label class='gfield_label' for='input_9_8' >Navn<span class='gfield_required'>*<\/span><\/label><div class='ginput_container ginput_container_text'><input name='input_8' id='input_9_8' type='text' value='' class='large'    placeholder='Navn' aria-required=\"true\" aria-invalid=\"false\" \/><\/div><\/li><li id='field_9_5'  class='gfield field_sublabel_below field_description_below gfield_visibility_visible' ><label class='gfield_label' for='input_9_5' >Firmanavn<\/label><div class='ginput_container ginput_container_text'><input name='input_5' id='input_9_5' type='text' value='' class='large'    placeholder='Firmanavn'  aria-invalid=\"false\" \/><\/div><\/li><li id='field_9_2'  class='gfield gf_left_half gfield_contains_required field_sublabel_below field_description_below gfield_visibility_visible' ><label class='gfield_label' for='input_9_2' >Email<span class='gfield_required'>*<\/span><\/label><div class='ginput_container ginput_container_email'>\n                            <input name='input_2' id='input_9_2' type='email' value='' class='medium'   placeholder='Email' aria-required=\"true\" aria-invalid=\"false\" \/>\n                        <\/div><\/li><li id='field_9_6'  class='gfield gf_right_half field_sublabel_below field_description_below gfield_visibility_visible' ><label class='gfield_label' for='input_9_6' >Telefon<\/label><div class='ginput_container ginput_container_text'><input name='input_6' id='input_9_6' type='text' value='' class='medium'    placeholder='Telefon'  aria-invalid=\"false\" \/><\/div><\/li><li id='field_9_4'  class='gfield field_sublabel_below field_description_below gfield_visibility_visible' ><label class='gfield_label' for='input_9_4' >Besked<\/label><div class='ginput_container ginput_container_textarea'><textarea name='input_4' id='input_9_4' class='textarea medium'    placeholder='Besked'  aria-invalid=\"false\"   rows='10' cols='50'><\/textarea><\/div><\/li><li id='field_9_9'  class='gfield gfield_contains_required field_sublabel_below field_description_below gfield_visibility_visible' ><label class='gfield_label'  ><span class='gfield_required'>*<\/span><\/label><div class='ginput_container ginput_container_checkbox'><ul class='gfield_checkbox' id='input_9_9'><li class='gchoice_9_9_1'>\n\t\t\t\t\t\t\t\t<input name='input_9.1' type='checkbox'  value='add_waimea_gdpr'  id='choice_9_9_1'   \/>\n\t\t\t\t\t\t\t\t<label for='choice_9_9_1' id='label_9_9_1'>add_waimea_gdpr<\/label>\n\t\t\t\t\t\t\t<\/li><\/ul><\/div><\/li><li id='field_9_10'  class='gfield gform_validation_container field_sublabel_below field_description_below gfield_visibility_visible' ><label class='gfield_label' for='input_9_10' >Email<\/label><div class='ginput_container'><input name='input_10' id='input_9_10' type='text' value='' autocomplete='off'\/><\/div><div class='gfield_description' id='gfield_description_9_10'>Dette felt er til validering og b\u00f8r ikke \u00e6ndres.<\/div><\/li>\n                            <\/ul><\/div>\n        <div class='gform_footer top_label'> <input type='submit' id='gform_submit_button_9' class='gform_button button' value='Send besked'  onclick='if(window[\"gf_submitting_9\"]){return false;}  if( !jQuery(\"#gform_9\")[0].checkValidity || jQuery(\"#gform_9\")[0].checkValidity()){window[\"gf_submitting_9\"]=true;}  ' onkeypress='if( event.keyCode == 13 ){ if(window[\"gf_submitting_9\"]){return false;} if( !jQuery(\"#gform_9\")[0].checkValidity || jQuery(\"#gform_9\")[0].checkValidity()){window[\"gf_submitting_9\"]=true;}  jQuery(\"#gform_9\").trigger(\"submit\",[true]); }' \/> <input type='hidden' name='gform_ajax' value='form_id=9&amp;title=&amp;description=&amp;tabindex=0' \/>\n            <input type='hidden' class='gform_hidden' name='is_submit_9' value='1' \/>\n            <input type='hidden' class='gform_hidden' name='gform_submit' value='9' \/>\n            \n            <input type='hidden' class='gform_hidden' name='gform_unique_id' value='' \/>\n            <input type='hidden' class='gform_hidden' name='state_9' value='WyJbXSIsIjU1MmI2OWIwYWRhMDkxMmZlMmYzYTk1ZmUyNzA3NTM3Il0=' \/>\n            <input type='hidden' class='gform_hidden' name='gform_target_page_number_9' id='gform_target_page_number_9' value='0' \/>\n            <input type='hidden' class='gform_hidden' name='gform_source_page_number_9' id='gform_source_page_number_9' value='1' \/>\n            <input type='hidden' name='gform_field_values' value='' \/>\n            \n        <\/div>\n                        <\/form>\n                        <\/div>\n                <iframe style='display:none;width:0px;height:0px;' src='about:blank' name='gform_ajax_frame_9' id='gform_ajax_frame_9' title='Denne iframe indeholder logikken, der er kr\u00e6vet for at h\u00e5ndtere Gravity Formularer, der bruger Ajax.'><\/iframe>\n                <script type='text\/javascript'>document.addEventListener( \"DOMContentLoaded\", function() { jQuery(document).ready(function($){gformInitSpinner( 9, 'https:\/\/www.waimea.dk\/business\/wp-content\/plugins\/gravityforms\/images\/spinner.gif' );jQuery('#gform_ajax_frame_9').on('load',function(){var contents = jQuery(this).contents().find('*').html();var is_postback = contents.indexOf('GF_AJAX_POSTBACK') >= 0;if(!is_postback){return;}var form_content = jQuery(this).contents().find('#gform_wrapper_9');var is_confirmation = jQuery(this).contents().find('#gform_confirmation_wrapper_9').length > 0;var is_redirect = contents.indexOf('gformRedirect(){') >= 0;var is_form = form_content.length > 0 && ! is_redirect && ! is_confirmation;var mt = parseInt(jQuery('html').css('margin-top'), 10) + parseInt(jQuery('body').css('margin-top'), 10) + 100;if(is_form){jQuery('#gform_wrapper_9').html(form_content.html());if(form_content.hasClass('gform_validation_error')){jQuery('#gform_wrapper_9').addClass('gform_validation_error');} else {jQuery('#gform_wrapper_9').removeClass('gform_validation_error');}setTimeout( function() { \/* delay the scroll by 50 milliseconds to fix a bug in chrome *\/ jQuery(document).scrollTop(jQuery('#gform_wrapper_9').offset().top - mt); }, 50 );if(window['gformInitDatepicker']) {gformInitDatepicker();}if(window['gformInitPriceFields']) {gformInitPriceFields();}var current_page = jQuery('#gform_source_page_number_9').val();gformInitSpinner( 9, 'https:\/\/www.waimea.dk\/business\/wp-content\/plugins\/gravityforms\/images\/spinner.gif' );jQuery(document).trigger('gform_page_loaded', [9, current_page]);window['gf_submitting_9'] = false;}else if(!is_redirect){var confirmation_content = jQuery(this).contents().find('.GF_AJAX_POSTBACK').html();if(!confirmation_content){confirmation_content = contents;}setTimeout(function(){jQuery('#gform_wrapper_9').replaceWith(confirmation_content);jQuery(document).scrollTop(jQuery('#gf_9').offset().top - mt);jQuery(document).trigger('gform_confirmation_loaded', [9]);window['gf_submitting_9'] = false;}, 50);}else{jQuery('#gform_9').append(contents);if(window['gformRedirect']) {gformRedirect();}}jQuery(document).trigger('gform_post_render', [9, current_page]);} );} ); }, false );<\/script>\n","protected":false},"excerpt":{"rendered":"<p>Teksterne p\u00e5 din hjemmeside er noget af det vigtigste &#8211; det er din stemme p\u00e5 Nettet. Teksterne skal tale til din m\u00e5lgruppe p\u00e5 den m\u00e5de, det er naturligt og rigtigt for lige netop dig, at tale til dem. Gode tekster\u00a0skal tiltr\u00e6kke, fastholde og overbevise din m\u00e5lgruppe om, at du er den rette leverand\u00f8r for dem. [&hellip;]<\/p>\n","protected":false},"author":2,"featured_media":0,"parent":3176,"menu_order":0,"comment_status":"closed","ping_status":"closed","template":"","meta":{"_genesis_hide_title":false,"_genesis_hide_breadcrumbs":false,"_genesis_hide_singular_image":false,"_genesis_hide_footer_widgets":false,"_genesis_custom_body_class":"","_genesis_custom_post_class":"","_genesis_layout":""},"featured_image_src":null,"featured_image_src_square":null,"_links":{"self":[{"href":"https:\/\/www.waimea.dk\/business\/wp-json\/wp\/v2\/pages\/3231"}],"collection":[{"href":"https:\/\/www.waimea.dk\/business\/wp-json\/wp\/v2\/pages"}],"about":[{"href":"https:\/\/www.waimea.dk\/business\/wp-json\/wp\/v2\/types\/page"}],"author":[{"embeddable":true,"href":"https:\/\/www.waimea.dk\/business\/wp-json\/wp\/v2\/users\/2"}],"replies":[{"embeddable":true,"href":"https:\/\/www.waimea.dk\/business\/wp-json\/wp\/v2\/comments?post=3231"}],"version-history":[{"count":5,"href":"https:\/\/www.waimea.dk\/business\/wp-json\/wp\/v2\/pages\/3231\/revisions"}],"predecessor-version":[{"id":7397,"href":"https:\/\/www.waimea.dk\/business\/wp-json\/wp\/v2\/pages\/3231\/revisions\/7397"}],"up":[{"embeddable":true,"href":"https:\/\/www.waimea.dk\/business\/wp-json\/wp\/v2\/pages\/3176"}],"wp:attachment":[{"href":"https:\/\/www.waimea.dk\/business\/wp-json\/wp\/v2\/media?parent=3231"}],"curies":[{"name":"wp","href":"https:\/\/api.w.org\/{rel}","templated":true}]}}