{"id":3176,"date":"2016-01-07T12:42:14","date_gmt":"2016-01-07T11:42:14","guid":{"rendered":"https:\/\/www.waimea.dk\/?page_id=3176"},"modified":"2017-11-02T08:35:30","modified_gmt":"2017-11-02T07:35:30","slug":"samlet-webloesning","status":"publish","type":"page","link":"https:\/\/www.waimea.dk\/business\/samlet-webloesning","title":{"rendered":"Waimea Business &#8211; en hjemmeside totall\u00f8sning der giver flere kunder"},"content":{"rendered":"<p><img loading=\"lazy\" class=\"alignright size-medium wp-image-7116\" src=\"https:\/\/www.waimea.dk\/business\/wp-content\/uploads\/2016\/01\/Waimea_Business_Box-edit-300x294.jpg\" alt=\"waimea_business_box-edit\" width=\"300\" height=\"294\" srcset=\"https:\/\/www.waimea.dk\/business\/wp-content\/uploads\/2016\/01\/Waimea_Business_Box-edit-300x294.jpg 300w, https:\/\/www.waimea.dk\/business\/wp-content\/uploads\/2016\/01\/Waimea_Business_Box-edit-600x587.jpg 600w, https:\/\/www.waimea.dk\/business\/wp-content\/uploads\/2016\/01\/Waimea_Business_Box-edit-768x751.jpg 768w, https:\/\/www.waimea.dk\/business\/wp-content\/uploads\/2016\/01\/Waimea_Business_Box-edit-1024x1002.jpg 1024w, https:\/\/www.waimea.dk\/business\/wp-content\/uploads\/2016\/01\/Waimea_Business_Box-edit-61x60.jpg 61w, https:\/\/www.waimea.dk\/business\/wp-content\/uploads\/2016\/01\/Waimea_Business_Box-edit.jpg 1484w\" sizes=\"(max-width: 300px) 100vw, 300px\" \/>En <a href=\"\/business\/\">hjemmeside<\/a> er i sig selv ikke ret meget v\u00e6rd. Der skal ogs\u00e5 laves noget ordentligt indhold, hjemmesiden\u00a0skal optimeres og\u00a0markedsf\u00f8res.<\/p>\n<p>Uden engagerende\u00a0indhold og en effektiv markedsf\u00f8ring har din hjemmeside s\u00e5 godt som ingen v\u00e6rdi.\u00a0Men hvad er en god hjemmeside?\u00a0Hvad er godt indhold og hvad er effektiv markedsf\u00f8ring?<\/p>\n<h3>Hvad koster en samlet hjemmeside-l\u00f8sning?<\/h3>\n<p>N\u00e5r\u00a0du f\u00e5r tilbud p\u00e5 en ny hjemmeside, skal du huske at regne det hele med.<\/p>\n<p>Med Waimea Business f\u00e5r du en samlet l\u00f8sning med b\u00e5de Hjemmeside, Indhold og Markedsf\u00f8ring til en fast og fair pris. <a href=\"\/business\/priser\">Se prislisten her<\/a>.<\/p>\n<p>Med Waimea Business beh\u00f8ver du ikke vide noget om hverken web-programmering, design, skriftlig kommunikation eller markedsf\u00f8ring. Vi klarer det hele\u00a0for dig. S\u00e5 du kan koncentrere dig om det du er bedst til.<\/p>\n<p>Hvis du alligevel er nysgerrig og gerne vil vide lidt mere om, hvad det er der g\u00f8r en Waimea Business hjemmeside-l\u00f8sning s\u00e5 attraktiv, kan du l\u00e6se nedenst\u00e5ende sider, der beskriver det hele lidt mere detaljeret:<\/p>\n<ul>\n<li><a href=\"\/business\/samlet-webloesning\/hjemmeside\">Hjemmeside<\/a><\/li>\n<li><a href=\"\/business\/samlet-webloesning\/waimea-business-tekster\">Indhold<\/a><\/li>\n<li><a href=\"\/business\/samlet-webloesning\/seo-linkbuilding-markedsfoering\">Markedsf\u00f8ring<\/a><\/li>\n<\/ul>\n<p>Du kan se en mere detaljeret oversigt over <a href=\"\/business\/features\">alle Waimea Business features her<\/a>.<\/p>\n<div class=\"yellow-box\"><strong>Kontakt os i dag p\u00e5 70 22 80 82,<\/strong>\u00a0skriv p\u00e5 <a href=\"mailto:info@waimea.dk\">info@waimea.dk<\/a>, eller brug formularen nedenfor, s\u00e5 tager vi en uforpligtende snak om dine \u00f8nsker.<\/div>\n<h3>Udfyld\u00a0formularen &#8211; s\u00e5 kontakter vi dig<\/h3>\n\n                <div class='gf_browser_gecko gform_wrapper' id='gform_wrapper_9' ><div id='gf_9' class='gform_anchor' tabindex='-1'><\/div><form method='post' enctype='multipart\/form-data' target='gform_ajax_frame_9' id='gform_9'  action='\/business\/wp-json\/wp\/v2\/pages\/3176#gf_9'>\n                        <div class='gform_body'><ul id='gform_fields_9' class='gform_fields top_label form_sublabel_below description_below'><li id='field_9_8'  class='gfield gfield_contains_required field_sublabel_below field_description_below gfield_visibility_visible' ><label class='gfield_label' for='input_9_8' >Navn<span class='gfield_required'>*<\/span><\/label><div class='ginput_container ginput_container_text'><input name='input_8' id='input_9_8' type='text' value='' class='large'    placeholder='Navn' aria-required=\"true\" aria-invalid=\"false\" \/><\/div><\/li><li id='field_9_5'  class='gfield field_sublabel_below field_description_below gfield_visibility_visible' ><label class='gfield_label' for='input_9_5' >Firmanavn<\/label><div class='ginput_container ginput_container_text'><input name='input_5' id='input_9_5' type='text' value='' class='large'    placeholder='Firmanavn'  aria-invalid=\"false\" \/><\/div><\/li><li id='field_9_2'  class='gfield gf_left_half gfield_contains_required field_sublabel_below field_description_below gfield_visibility_visible' ><label class='gfield_label' for='input_9_2' >Email<span class='gfield_required'>*<\/span><\/label><div class='ginput_container ginput_container_email'>\n                            <input name='input_2' id='input_9_2' type='email' value='' class='medium'   placeholder='Email' aria-required=\"true\" aria-invalid=\"false\" \/>\n                        <\/div><\/li><li id='field_9_6'  class='gfield gf_right_half field_sublabel_below field_description_below gfield_visibility_visible' ><label class='gfield_label' for='input_9_6' >Telefon<\/label><div class='ginput_container ginput_container_text'><input name='input_6' id='input_9_6' type='text' value='' class='medium'    placeholder='Telefon'  aria-invalid=\"false\" \/><\/div><\/li><li id='field_9_4'  class='gfield field_sublabel_below field_description_below gfield_visibility_visible' ><label class='gfield_label' for='input_9_4' >Besked<\/label><div class='ginput_container ginput_container_textarea'><textarea name='input_4' id='input_9_4' class='textarea medium'    placeholder='Besked'  aria-invalid=\"false\"   rows='10' cols='50'><\/textarea><\/div><\/li><li id='field_9_9'  class='gfield gfield_contains_required field_sublabel_below field_description_below gfield_visibility_visible' ><label class='gfield_label'  ><span class='gfield_required'>*<\/span><\/label><div class='ginput_container ginput_container_checkbox'><ul class='gfield_checkbox' id='input_9_9'><li class='gchoice_9_9_1'>\n\t\t\t\t\t\t\t\t<input name='input_9.1' type='checkbox'  value='add_waimea_gdpr'  id='choice_9_9_1'   \/>\n\t\t\t\t\t\t\t\t<label for='choice_9_9_1' id='label_9_9_1'>add_waimea_gdpr<\/label>\n\t\t\t\t\t\t\t<\/li><\/ul><\/div><\/li><li id='field_9_10'  class='gfield gform_validation_container field_sublabel_below field_description_below gfield_visibility_visible' ><label class='gfield_label' for='input_9_10' >Email<\/label><div class='ginput_container'><input name='input_10' id='input_9_10' type='text' value='' autocomplete='off'\/><\/div><div class='gfield_description' id='gfield_description_9_10'>Dette felt er til validering og b\u00f8r ikke \u00e6ndres.<\/div><\/li>\n                            <\/ul><\/div>\n        <div class='gform_footer top_label'> <input type='submit' id='gform_submit_button_9' class='gform_button button' value='Send besked'  onclick='if(window[\"gf_submitting_9\"]){return false;}  if( !jQuery(\"#gform_9\")[0].checkValidity || jQuery(\"#gform_9\")[0].checkValidity()){window[\"gf_submitting_9\"]=true;}  ' onkeypress='if( event.keyCode == 13 ){ if(window[\"gf_submitting_9\"]){return false;} if( !jQuery(\"#gform_9\")[0].checkValidity || jQuery(\"#gform_9\")[0].checkValidity()){window[\"gf_submitting_9\"]=true;}  jQuery(\"#gform_9\").trigger(\"submit\",[true]); }' \/> <input type='hidden' name='gform_ajax' value='form_id=9&amp;title=&amp;description=&amp;tabindex=0' \/>\n            <input type='hidden' class='gform_hidden' name='is_submit_9' value='1' \/>\n            <input type='hidden' class='gform_hidden' name='gform_submit' value='9' \/>\n            \n            <input type='hidden' class='gform_hidden' name='gform_unique_id' value='' \/>\n            <input type='hidden' class='gform_hidden' name='state_9' value='WyJbXSIsIjU1MmI2OWIwYWRhMDkxMmZlMmYzYTk1ZmUyNzA3NTM3Il0=' \/>\n            <input type='hidden' class='gform_hidden' name='gform_target_page_number_9' id='gform_target_page_number_9' value='0' \/>\n            <input type='hidden' class='gform_hidden' name='gform_source_page_number_9' id='gform_source_page_number_9' value='1' \/>\n            <input type='hidden' name='gform_field_values' value='' \/>\n            \n        <\/div>\n                        <\/form>\n                        <\/div>\n                <iframe style='display:none;width:0px;height:0px;' src='about:blank' name='gform_ajax_frame_9' id='gform_ajax_frame_9' title='Denne iframe indeholder logikken, der er kr\u00e6vet for at h\u00e5ndtere Gravity Formularer, der bruger Ajax.'><\/iframe>\n                <script type='text\/javascript'>document.addEventListener( \"DOMContentLoaded\", function() { jQuery(document).ready(function($){gformInitSpinner( 9, 'https:\/\/www.waimea.dk\/business\/wp-content\/plugins\/gravityforms\/images\/spinner.gif' );jQuery('#gform_ajax_frame_9').on('load',function(){var contents = jQuery(this).contents().find('*').html();var is_postback = contents.indexOf('GF_AJAX_POSTBACK') >= 0;if(!is_postback){return;}var form_content = jQuery(this).contents().find('#gform_wrapper_9');var is_confirmation = jQuery(this).contents().find('#gform_confirmation_wrapper_9').length > 0;var is_redirect = contents.indexOf('gformRedirect(){') >= 0;var is_form = form_content.length > 0 && ! is_redirect && ! is_confirmation;var mt = parseInt(jQuery('html').css('margin-top'), 10) + parseInt(jQuery('body').css('margin-top'), 10) + 100;if(is_form){jQuery('#gform_wrapper_9').html(form_content.html());if(form_content.hasClass('gform_validation_error')){jQuery('#gform_wrapper_9').addClass('gform_validation_error');} else {jQuery('#gform_wrapper_9').removeClass('gform_validation_error');}setTimeout( function() { \/* delay the scroll by 50 milliseconds to fix a bug in chrome *\/ jQuery(document).scrollTop(jQuery('#gform_wrapper_9').offset().top - mt); }, 50 );if(window['gformInitDatepicker']) {gformInitDatepicker();}if(window['gformInitPriceFields']) {gformInitPriceFields();}var current_page = jQuery('#gform_source_page_number_9').val();gformInitSpinner( 9, 'https:\/\/www.waimea.dk\/business\/wp-content\/plugins\/gravityforms\/images\/spinner.gif' );jQuery(document).trigger('gform_page_loaded', [9, current_page]);window['gf_submitting_9'] = false;}else if(!is_redirect){var confirmation_content = jQuery(this).contents().find('.GF_AJAX_POSTBACK').html();if(!confirmation_content){confirmation_content = contents;}setTimeout(function(){jQuery('#gform_wrapper_9').replaceWith(confirmation_content);jQuery(document).scrollTop(jQuery('#gf_9').offset().top - mt);jQuery(document).trigger('gform_confirmation_loaded', [9]);window['gf_submitting_9'] = false;}, 50);}else{jQuery('#gform_9').append(contents);if(window['gformRedirect']) {gformRedirect();}}jQuery(document).trigger('gform_post_render', [9, current_page]);} );} ); }, false );<\/script>\n","protected":false},"excerpt":{"rendered":"<p>En hjemmeside er i sig selv ikke ret meget v\u00e6rd. Der skal ogs\u00e5 laves noget ordentligt indhold, hjemmesiden\u00a0skal optimeres og\u00a0markedsf\u00f8res. Uden engagerende\u00a0indhold og en effektiv markedsf\u00f8ring har din hjemmeside s\u00e5 godt som ingen v\u00e6rdi.\u00a0Men hvad er en god hjemmeside?\u00a0Hvad er godt indhold og hvad er effektiv markedsf\u00f8ring? Hvad koster en samlet hjemmeside-l\u00f8sning? N\u00e5r\u00a0du f\u00e5r tilbud [&hellip;]<\/p>\n","protected":false},"author":2,"featured_media":0,"parent":0,"menu_order":0,"comment_status":"closed","ping_status":"closed","template":"","meta":{"_genesis_hide_title":false,"_genesis_hide_breadcrumbs":false,"_genesis_hide_singular_image":false,"_genesis_hide_footer_widgets":false,"_genesis_custom_body_class":"","_genesis_custom_post_class":"","_genesis_layout":""},"featured_image_src":null,"featured_image_src_square":null,"_links":{"self":[{"href":"https:\/\/www.waimea.dk\/business\/wp-json\/wp\/v2\/pages\/3176"}],"collection":[{"href":"https:\/\/www.waimea.dk\/business\/wp-json\/wp\/v2\/pages"}],"about":[{"href":"https:\/\/www.waimea.dk\/business\/wp-json\/wp\/v2\/types\/page"}],"author":[{"embeddable":true,"href":"https:\/\/www.waimea.dk\/business\/wp-json\/wp\/v2\/users\/2"}],"replies":[{"embeddable":true,"href":"https:\/\/www.waimea.dk\/business\/wp-json\/wp\/v2\/comments?post=3176"}],"version-history":[{"count":5,"href":"https:\/\/www.waimea.dk\/business\/wp-json\/wp\/v2\/pages\/3176\/revisions"}],"predecessor-version":[{"id":7793,"href":"https:\/\/www.waimea.dk\/business\/wp-json\/wp\/v2\/pages\/3176\/revisions\/7793"}],"wp:attachment":[{"href":"https:\/\/www.waimea.dk\/business\/wp-json\/wp\/v2\/media?parent=3176"}],"curies":[{"name":"wp","href":"https:\/\/api.w.org\/{rel}","templated":true}]}}